{"id":8622,"date":"2024-02-12T20:15:01","date_gmt":"2024-02-12T20:15:01","guid":{"rendered":"https:\/\/www.babyloniababycarriers.eu\/product\/bola-estrela-lua-tamanho-unico\/"},"modified":"2024-02-12T20:15:01","modified_gmt":"2024-02-12T19:15:01","slug":"bola-estrela-lua-tamanho-unico","status":"publish","type":"product","link":"https:\/\/www.babyloniababycarriers.eu\/pt-pt\/product\/bola-estrela-lua-tamanho-unico\/","title":{"rendered":"Bola &#8211; Estrela\/lua &#8211; Tamanho \u00fanico"},"content":{"rendered":"<p>A partir das 20 semanas de gravidez, o teu beb\u00e9 reconhecer\u00e1 a tua voz, o teu batimento card\u00edaco e muitos outros sons, incluindo sons calmantes como a bola de gravidez da Babil\u00f3nia. A bola da gravidez \u00e9 uma pe\u00e7a de joalharia mexicana feita \u00e0 m\u00e3o que cont\u00e9m um pequeno xilofone. Usa a Bola contra a tua barriga com uma corrente comprida. A cada movimento, a Bola emite um som calmante, um tilintar suave que o teu beb\u00e9 conhecer\u00e1, tanto antes como depois do nascimento. Depois do nascimento, cose a Bola no peluche do teu beb\u00e9 para que ele se lembre dos sons doces que ouviu na tua barriga. Combina esta bela pe\u00e7a de joalharia com um colar Bola em ouro rosa, ouro ou prata, e ser\u00e1s um verdadeiro chamariz, mesmo para o teu beb\u00e9! As nossas Bolas s\u00e3o banhadas a ouro, ouro rosa ou prata. Os modelos coloridos s\u00e3o revestidos com uma resina colorida. N\u00e3o cont\u00eam n\u00edquel nem chumbo e, por isso, n\u00e3o s\u00e3o prejudiciais para a m\u00e3e ou para o beb\u00e9. S\u00e3o vendidas com um elo de algod\u00e3o 100% preto, com 120 cm de comprimento.         <\/p>\n","protected":false},"excerpt":{"rendered":"<p>Usa a Bola contra o ventre com uma corrente comprida. A cada movimento, a Bola emite um som calmante, um tilintar suave que o teu beb\u00e9 conhece. <\/p>\n","protected":false},"featured_media":1220,"comment_status":"open","ping_status":"closed","template":"","meta":[],"product_brand":[],"product_cat":[92],"product_tag":[],"class_list":{"0":"post-8622","1":"product","2":"type-product","3":"status-publish","4":"has-post-thumbnail","6":"product_cat-baby-bola-pt-pt","8":"first","9":"outofstock","10":"taxable","11":"shipping-taxable","12":"purchasable","13":"product-type-simple"},"jetpack_sharing_enabled":true,"_links":{"self":[{"href":"https:\/\/www.babyloniababycarriers.eu\/pt-pt\/wp-json\/wp\/v2\/product\/8622","targetHints":{"allow":["GET"]}}],"collection":[{"href":"https:\/\/www.babyloniababycarriers.eu\/pt-pt\/wp-json\/wp\/v2\/product"}],"about":[{"href":"https:\/\/www.babyloniababycarriers.eu\/pt-pt\/wp-json\/wp\/v2\/types\/product"}],"replies":[{"embeddable":true,"href":"https:\/\/www.babyloniababycarriers.eu\/pt-pt\/wp-json\/wp\/v2\/comments?post=8622"}],"version-history":[{"count":0,"href":"https:\/\/www.babyloniababycarriers.eu\/pt-pt\/wp-json\/wp\/v2\/product\/8622\/revisions"}],"wp:featuredmedia":[{"embeddable":true,"href":"https:\/\/www.babyloniababycarriers.eu\/pt-pt\/wp-json\/wp\/v2\/media\/1220"}],"wp:attachment":[{"href":"https:\/\/www.babyloniababycarriers.eu\/pt-pt\/wp-json\/wp\/v2\/media?parent=8622"}],"wp:term":[{"taxonomy":"product_brand","embeddable":true,"href":"https:\/\/www.babyloniababycarriers.eu\/pt-pt\/wp-json\/wp\/v2\/product_brand?post=8622"},{"taxonomy":"product_cat","embeddable":true,"href":"https:\/\/www.babyloniababycarriers.eu\/pt-pt\/wp-json\/wp\/v2\/product_cat?post=8622"},{"taxonomy":"product_tag","embeddable":true,"href":"https:\/\/www.babyloniababycarriers.eu\/pt-pt\/wp-json\/wp\/v2\/product_tag?post=8622"}],"curies":[{"name":"wp","href":"https:\/\/api.w.org\/{rel}","templated":true}]}}