{"id":8597,"date":"2024-02-12T20:15:00","date_gmt":"2024-02-12T20:15:00","guid":{"rendered":"https:\/\/www.babyloniababycarriers.eu\/product\/bola-conjunto-de-colar-e-pulseira-bola-conta-de-pedra-para-mae-bebe-com-banho-de-ouro-tamanho-unico\/"},"modified":"2024-02-12T20:15:00","modified_gmt":"2024-02-12T19:15:00","slug":"bola-conjunto-de-colar-e-pulseira-bola-conta-de-pedra-para-mae-bebe-com-banho-de-ouro-tamanho-unico","status":"publish","type":"product","link":"https:\/\/www.babyloniababycarriers.eu\/pt-pt\/product\/bola-conjunto-de-colar-e-pulseira-bola-conta-de-pedra-para-mae-bebe-com-banho-de-ouro-tamanho-unico\/","title":{"rendered":"Bola &#8211; Conjunto de colar e pulseira Bola &#8211; Conta de pedra para m\u00e3e\/beb\u00e9 com banho de ouro &#8211; Tamanho \u00fanico"},"content":{"rendered":"<p>A partir das 20 semanas de gravidez, o teu beb\u00e9 reconhecer\u00e1 a tua voz, o teu batimento card\u00edaco e outros sons. Reconhece tamb\u00e9m o som suave da Bola de gravidez Babylonia: uma joia artesanal do M\u00e9xico com um xilofone. Usa a Bola em baixo da tua barriga de gr\u00e1vida, num colar comprido. Com cada movimento, a bola emite um som suave. Um tilintar suave que soa familiar ao teu beb\u00e9 &#8211; antes e depois do nascimento. Os nossos conjuntos s\u00e3o ideais como prendas de maternidade. Gra\u00e7as \u00e0 pulseira, d\u00e1 \u00e0 m\u00e3e uma recorda\u00e7\u00e3o maravilhosa e duradoura deste per\u00edodo m\u00e1gico, mesmo depois da gravidez.    <\/p>\n","protected":false},"excerpt":{"rendered":"<p>Um colar Bola e uma pulseira a condizer, embalados numa caixa de oferta preta para j\u00f3ias. A pulseira permite-te usar um acess\u00f3rio duradouro para te recordar este per\u00edodo m\u00e1gico mesmo depois da gravidez. <\/p>\n","protected":false},"featured_media":2199,"comment_status":"open","ping_status":"closed","template":"","meta":[],"product_brand":[],"product_cat":[92],"product_tag":[],"class_list":{"0":"post-8597","1":"product","2":"type-product","3":"status-publish","4":"has-post-thumbnail","6":"product_cat-baby-bola-pt-pt","8":"first","9":"instock","10":"taxable","11":"shipping-taxable","12":"purchasable","13":"product-type-simple"},"jetpack_sharing_enabled":true,"_links":{"self":[{"href":"https:\/\/www.babyloniababycarriers.eu\/pt-pt\/wp-json\/wp\/v2\/product\/8597","targetHints":{"allow":["GET"]}}],"collection":[{"href":"https:\/\/www.babyloniababycarriers.eu\/pt-pt\/wp-json\/wp\/v2\/product"}],"about":[{"href":"https:\/\/www.babyloniababycarriers.eu\/pt-pt\/wp-json\/wp\/v2\/types\/product"}],"replies":[{"embeddable":true,"href":"https:\/\/www.babyloniababycarriers.eu\/pt-pt\/wp-json\/wp\/v2\/comments?post=8597"}],"version-history":[{"count":0,"href":"https:\/\/www.babyloniababycarriers.eu\/pt-pt\/wp-json\/wp\/v2\/product\/8597\/revisions"}],"wp:featuredmedia":[{"embeddable":true,"href":"https:\/\/www.babyloniababycarriers.eu\/pt-pt\/wp-json\/wp\/v2\/media\/2199"}],"wp:attachment":[{"href":"https:\/\/www.babyloniababycarriers.eu\/pt-pt\/wp-json\/wp\/v2\/media?parent=8597"}],"wp:term":[{"taxonomy":"product_brand","embeddable":true,"href":"https:\/\/www.babyloniababycarriers.eu\/pt-pt\/wp-json\/wp\/v2\/product_brand?post=8597"},{"taxonomy":"product_cat","embeddable":true,"href":"https:\/\/www.babyloniababycarriers.eu\/pt-pt\/wp-json\/wp\/v2\/product_cat?post=8597"},{"taxonomy":"product_tag","embeddable":true,"href":"https:\/\/www.babyloniababycarriers.eu\/pt-pt\/wp-json\/wp\/v2\/product_tag?post=8597"}],"curies":[{"name":"wp","href":"https:\/\/api.w.org\/{rel}","templated":true}]}}