{"id":8093,"date":"2024-02-15T19:00:40","date_gmt":"2024-02-15T19:00:40","guid":{"rendered":"https:\/\/www.babyloniababycarriers.eu\/product\/tricot-easy-areia-quente-tamanho-unico\/"},"modified":"2024-02-15T19:00:40","modified_gmt":"2024-02-15T18:00:40","slug":"tricot-easy-areia-quente-tamanho-unico","status":"publish","type":"product","link":"https:\/\/www.babyloniababycarriers.eu\/pt-pt\/product\/tricot-easy-areia-quente-tamanho-unico\/","title":{"rendered":"Tricot-Easy &#8211; Areia quente &#8211; Tamanho \u00fanico"},"content":{"rendered":"<p>Tricot-Click \u00e9 a combina\u00e7\u00e3o perfeita entre o conforto de uma funda el\u00e1stica e a facilidade de utiliza\u00e7\u00e3o de um porta-beb\u00e9 ergon\u00f3mico. Porta-beb\u00e9s ergon\u00f3mico adapt\u00e1vel desde o nascimento at\u00e9 aos 15 kg. Material da funda extens\u00edvel, flex\u00edvel e macio, para um assento que se adapta perfeitamente \u00e0 morfologia do beb\u00e9. 2 posi\u00e7\u00f5es: barriga e costas. Distribui\u00e7\u00e3o \u00f3ptima do peso para um maior conforto. F\u00e1cil de colocar e de ajustar. Largura e altura regul\u00e1veis para evoluir com o beb\u00e9.      <\/p>\n","protected":false},"excerpt":{"rendered":"<p>Tricot-Click \u00e9 a combina\u00e7\u00e3o perfeita entre o conforto de uma funda el\u00e1stica e a facilidade de utiliza\u00e7\u00e3o de um porta-beb\u00e9 ergon\u00f3mico. Porta-beb\u00e9s ergon\u00f3mico adapt\u00e1vel desde o nascimento at\u00e9 aos 15 kg. Material da funda extens\u00edvel, flex\u00edvel e macio, para um assento que se adapta perfeitamente \u00e0 morfologia do beb\u00e9. 2 posi\u00e7\u00f5es: barriga e costas. Distribui\u00e7\u00e3o \u00f3ptima do peso para um maior conforto. F\u00e1cil de colocar e de ajustar. Largura e altura regul\u00e1veis para evoluir com o beb\u00e9.      <\/p>\n","protected":false},"featured_media":3697,"comment_status":"open","ping_status":"closed","template":"","meta":[],"product_brand":[],"product_cat":[101,110],"product_tag":[],"class_list":{"0":"post-8093","1":"product","2":"type-product","3":"status-publish","4":"has-post-thumbnail","6":"product_cat-fundas-elasticas","7":"product_cat-porta-bebes-ergonomicos","9":"first","10":"instock","11":"featured","12":"taxable","13":"shipping-taxable","14":"purchasable","15":"product-type-simple"},"jetpack_sharing_enabled":true,"_links":{"self":[{"href":"https:\/\/www.babyloniababycarriers.eu\/pt-pt\/wp-json\/wp\/v2\/product\/8093","targetHints":{"allow":["GET"]}}],"collection":[{"href":"https:\/\/www.babyloniababycarriers.eu\/pt-pt\/wp-json\/wp\/v2\/product"}],"about":[{"href":"https:\/\/www.babyloniababycarriers.eu\/pt-pt\/wp-json\/wp\/v2\/types\/product"}],"replies":[{"embeddable":true,"href":"https:\/\/www.babyloniababycarriers.eu\/pt-pt\/wp-json\/wp\/v2\/comments?post=8093"}],"version-history":[{"count":0,"href":"https:\/\/www.babyloniababycarriers.eu\/pt-pt\/wp-json\/wp\/v2\/product\/8093\/revisions"}],"wp:featuredmedia":[{"embeddable":true,"href":"https:\/\/www.babyloniababycarriers.eu\/pt-pt\/wp-json\/wp\/v2\/media\/3697"}],"wp:attachment":[{"href":"https:\/\/www.babyloniababycarriers.eu\/pt-pt\/wp-json\/wp\/v2\/media?parent=8093"}],"wp:term":[{"taxonomy":"product_brand","embeddable":true,"href":"https:\/\/www.babyloniababycarriers.eu\/pt-pt\/wp-json\/wp\/v2\/product_brand?post=8093"},{"taxonomy":"product_cat","embeddable":true,"href":"https:\/\/www.babyloniababycarriers.eu\/pt-pt\/wp-json\/wp\/v2\/product_cat?post=8093"},{"taxonomy":"product_tag","embeddable":true,"href":"https:\/\/www.babyloniababycarriers.eu\/pt-pt\/wp-json\/wp\/v2\/product_tag?post=8093"}],"curies":[{"name":"wp","href":"https:\/\/api.w.org\/{rel}","templated":true}]}}