{"id":7677,"date":"2024-02-15T19:11:28","date_gmt":"2024-02-15T19:11:28","guid":{"rendered":"https:\/\/www.babyloniababycarriers.eu\/product\/bb-slen-risca-de-morango-260-cm\/"},"modified":"2024-02-15T19:11:28","modified_gmt":"2024-02-15T18:11:28","slug":"bb-slen-risca-de-morango-260-cm","status":"publish","type":"product","link":"https:\/\/www.babyloniababycarriers.eu\/pt-pt\/product\/bb-slen-risca-de-morango-260-cm\/","title":{"rendered":"BB-slen &#8211; Risca de morango &#8211; 260 cm"},"content":{"rendered":"<p>Proporciona o melhor apoio e permite transportar o beb\u00e9 em v\u00e1rias posi\u00e7\u00f5es at\u00e9 aos 20 kg. Ideal se quiseres transportar o beb\u00e9 durante muito tempo e com frequ\u00eancia. <\/p>\n","protected":false},"excerpt":{"rendered":"<p>Proporciona o melhor apoio e permite transportar o beb\u00e9 em v\u00e1rias posi\u00e7\u00f5es at\u00e9 aos 20 kg. Ideal se quiseres transportar o beb\u00e9 durante muito tempo e com frequ\u00eancia. <\/p>\n","protected":false},"featured_media":1081,"comment_status":"open","ping_status":"closed","template":"","meta":[],"product_brand":[],"product_cat":[119],"product_tag":[],"class_list":{"0":"post-7677","1":"product","2":"type-product","3":"status-publish","4":"has-post-thumbnail","6":"product_cat-venda","8":"first","9":"outofstock","10":"sale","11":"taxable","12":"shipping-taxable","13":"purchasable","14":"product-type-simple"},"jetpack_sharing_enabled":true,"_links":{"self":[{"href":"https:\/\/www.babyloniababycarriers.eu\/pt-pt\/wp-json\/wp\/v2\/product\/7677","targetHints":{"allow":["GET"]}}],"collection":[{"href":"https:\/\/www.babyloniababycarriers.eu\/pt-pt\/wp-json\/wp\/v2\/product"}],"about":[{"href":"https:\/\/www.babyloniababycarriers.eu\/pt-pt\/wp-json\/wp\/v2\/types\/product"}],"replies":[{"embeddable":true,"href":"https:\/\/www.babyloniababycarriers.eu\/pt-pt\/wp-json\/wp\/v2\/comments?post=7677"}],"version-history":[{"count":0,"href":"https:\/\/www.babyloniababycarriers.eu\/pt-pt\/wp-json\/wp\/v2\/product\/7677\/revisions"}],"wp:featuredmedia":[{"embeddable":true,"href":"https:\/\/www.babyloniababycarriers.eu\/pt-pt\/wp-json\/wp\/v2\/media\/1081"}],"wp:attachment":[{"href":"https:\/\/www.babyloniababycarriers.eu\/pt-pt\/wp-json\/wp\/v2\/media?parent=7677"}],"wp:term":[{"taxonomy":"product_brand","embeddable":true,"href":"https:\/\/www.babyloniababycarriers.eu\/pt-pt\/wp-json\/wp\/v2\/product_brand?post=7677"},{"taxonomy":"product_cat","embeddable":true,"href":"https:\/\/www.babyloniababycarriers.eu\/pt-pt\/wp-json\/wp\/v2\/product_cat?post=7677"},{"taxonomy":"product_tag","embeddable":true,"href":"https:\/\/www.babyloniababycarriers.eu\/pt-pt\/wp-json\/wp\/v2\/product_tag?post=7677"}],"curies":[{"name":"wp","href":"https:\/\/api.w.org\/{rel}","templated":true}]}}