{"id":7646,"date":"2024-02-15T19:00:40","date_gmt":"2024-02-15T19:00:40","guid":{"rendered":"https:\/\/www.babyloniababycarriers.eu\/product\/tricot-easy-cinzento-escuro-tamanho-unico\/"},"modified":"2024-02-15T19:00:40","modified_gmt":"2024-02-15T18:00:40","slug":"tricot-easy-cinzento-escuro-tamanho-unico","status":"publish","type":"product","link":"https:\/\/www.babyloniababycarriers.eu\/pt-pt\/product\/tricot-easy-cinzento-escuro-tamanho-unico\/","title":{"rendered":"Tricot-Easy &#8211; Cinzento escuro &#8211; Tamanho \u00fanico"},"content":{"rendered":"<p>O Flexia \u00e9 o porta-beb\u00e9s mais ergon\u00f3mico, facilmente ajust\u00e1vel gra\u00e7as aos 3 pain\u00e9is que o tornam 3 em 1 e \u00e9 um dos poucos porta-beb\u00e9s ainda fabricados em algod\u00e3o org\u00e2nico!<\/p>\n","protected":false},"excerpt":{"rendered":"<p>O Flexia \u00e9 o porta-beb\u00e9s mais ergon\u00f3mico, facilmente ajust\u00e1vel gra\u00e7as aos 3 pain\u00e9is que o tornam 3 em 1 e \u00e9 um dos poucos porta-beb\u00e9s ainda fabricados em algod\u00e3o org\u00e2nico!<\/p>\n","protected":false},"featured_media":10290,"comment_status":"open","ping_status":"closed","template":"","meta":[],"product_brand":[],"product_cat":[101,110],"product_tag":[],"class_list":{"0":"post-7646","1":"product","2":"type-product","3":"status-publish","4":"has-post-thumbnail","6":"product_cat-fundas-elasticas","7":"product_cat-porta-bebes-ergonomicos","9":"first","10":"instock","11":"featured","12":"taxable","13":"shipping-taxable","14":"purchasable","15":"product-type-simple"},"jetpack_sharing_enabled":true,"_links":{"self":[{"href":"https:\/\/www.babyloniababycarriers.eu\/pt-pt\/wp-json\/wp\/v2\/product\/7646","targetHints":{"allow":["GET"]}}],"collection":[{"href":"https:\/\/www.babyloniababycarriers.eu\/pt-pt\/wp-json\/wp\/v2\/product"}],"about":[{"href":"https:\/\/www.babyloniababycarriers.eu\/pt-pt\/wp-json\/wp\/v2\/types\/product"}],"replies":[{"embeddable":true,"href":"https:\/\/www.babyloniababycarriers.eu\/pt-pt\/wp-json\/wp\/v2\/comments?post=7646"}],"version-history":[{"count":0,"href":"https:\/\/www.babyloniababycarriers.eu\/pt-pt\/wp-json\/wp\/v2\/product\/7646\/revisions"}],"wp:featuredmedia":[{"embeddable":true,"href":"https:\/\/www.babyloniababycarriers.eu\/pt-pt\/wp-json\/wp\/v2\/media\/10290"}],"wp:attachment":[{"href":"https:\/\/www.babyloniababycarriers.eu\/pt-pt\/wp-json\/wp\/v2\/media?parent=7646"}],"wp:term":[{"taxonomy":"product_brand","embeddable":true,"href":"https:\/\/www.babyloniababycarriers.eu\/pt-pt\/wp-json\/wp\/v2\/product_brand?post=7646"},{"taxonomy":"product_cat","embeddable":true,"href":"https:\/\/www.babyloniababycarriers.eu\/pt-pt\/wp-json\/wp\/v2\/product_cat?post=7646"},{"taxonomy":"product_tag","embeddable":true,"href":"https:\/\/www.babyloniababycarriers.eu\/pt-pt\/wp-json\/wp\/v2\/product_tag?post=7646"}],"curies":[{"name":"wp","href":"https:\/\/api.w.org\/{rel}","templated":true}]}}