{"id":7527,"date":"2024-02-15T19:11:38","date_gmt":"2024-02-15T19:11:38","guid":{"rendered":"https:\/\/www.babyloniababycarriers.eu\/product\/cama-de-rede-para-bebe-dune-tamanho-unico\/"},"modified":"2024-02-15T19:11:38","modified_gmt":"2024-02-15T18:11:38","slug":"cama-de-rede-para-bebe-dune-tamanho-unico","status":"publish","type":"product","link":"https:\/\/www.babyloniababycarriers.eu\/pt-pt\/product\/cama-de-rede-para-bebe-dune-tamanho-unico\/","title":{"rendered":"Cama de rede para beb\u00e9 &#8211; Dune &#8211; Tamanho \u00fanico"},"content":{"rendered":"<p>A rede permite que o beb\u00e9 se balance naturalmente e cria um lugar seguro para o teu rec\u00e9m-nascido! O beb\u00e9 deita-se numa posi\u00e7\u00e3o fetal natural e a rede apoia as costas igualmente em todo o lado, enquanto o beb\u00e9 mant\u00e9m a sua liberdade de movimentos. Os la\u00e7os resistentes permitem pendurar facilmente a rede no parque infantil. Especialmente indicada para beb\u00e9s dos 0 aos 4 meses. \u00c1rea de repouso: 90cm x 80cm. <\/p>\n","protected":false},"excerpt":{"rendered":"<p>A rede permite que o beb\u00e9 se balance naturalmente e cria um lugar seguro para o teu rec\u00e9m-nascido! O beb\u00e9 deita-se numa posi\u00e7\u00e3o fetal natural e a rede apoia as costas igualmente em todo o lado, enquanto o beb\u00e9 mant\u00e9m a sua liberdade de movimentos. Os la\u00e7os resistentes permitem pendurar facilmente a rede no parque infantil. Especialmente indicada para beb\u00e9s dos 0 aos 4 meses. \u00c1rea de repouso: 90cm x 80cm. <\/p>\n","protected":false},"featured_media":1210,"comment_status":"open","ping_status":"closed","template":"","meta":[],"product_brand":[],"product_cat":[140],"product_tag":[],"class_list":{"0":"post-7527","1":"product","2":"type-product","3":"status-publish","4":"has-post-thumbnail","6":"product_cat-camas-de-rede-para-bebes","8":"first","9":"instock","10":"taxable","11":"shipping-taxable","12":"purchasable","13":"product-type-simple"},"jetpack_sharing_enabled":true,"_links":{"self":[{"href":"https:\/\/www.babyloniababycarriers.eu\/pt-pt\/wp-json\/wp\/v2\/product\/7527","targetHints":{"allow":["GET"]}}],"collection":[{"href":"https:\/\/www.babyloniababycarriers.eu\/pt-pt\/wp-json\/wp\/v2\/product"}],"about":[{"href":"https:\/\/www.babyloniababycarriers.eu\/pt-pt\/wp-json\/wp\/v2\/types\/product"}],"replies":[{"embeddable":true,"href":"https:\/\/www.babyloniababycarriers.eu\/pt-pt\/wp-json\/wp\/v2\/comments?post=7527"}],"version-history":[{"count":0,"href":"https:\/\/www.babyloniababycarriers.eu\/pt-pt\/wp-json\/wp\/v2\/product\/7527\/revisions"}],"wp:featuredmedia":[{"embeddable":true,"href":"https:\/\/www.babyloniababycarriers.eu\/pt-pt\/wp-json\/wp\/v2\/media\/1210"}],"wp:attachment":[{"href":"https:\/\/www.babyloniababycarriers.eu\/pt-pt\/wp-json\/wp\/v2\/media?parent=7527"}],"wp:term":[{"taxonomy":"product_brand","embeddable":true,"href":"https:\/\/www.babyloniababycarriers.eu\/pt-pt\/wp-json\/wp\/v2\/product_brand?post=7527"},{"taxonomy":"product_cat","embeddable":true,"href":"https:\/\/www.babyloniababycarriers.eu\/pt-pt\/wp-json\/wp\/v2\/product_cat?post=7527"},{"taxonomy":"product_tag","embeddable":true,"href":"https:\/\/www.babyloniababycarriers.eu\/pt-pt\/wp-json\/wp\/v2\/product_tag?post=7527"}],"curies":[{"name":"wp","href":"https:\/\/api.w.org\/{rel}","templated":true}]}}