{"id":7425,"date":"2024-02-15T19:11:41","date_gmt":"2024-02-15T19:11:41","guid":{"rendered":"https:\/\/www.babyloniababycarriers.eu\/product\/bb-sling-black-beans-padded\/"},"modified":"2024-11-19T10:39:19","modified_gmt":"2024-11-19T09:39:19","slug":"bb-sling-black-beans-padded","status":"publish","type":"product","link":"https:\/\/www.babyloniababycarriers.eu\/pt-pt\/product\/bb-sling-black-beans-padded\/","title":{"rendered":"BB sling &#8211; Feij\u00e3o preto &#8211; almofadado"},"content":{"rendered":"<p>Sling de tecido sem n\u00f3s com argolas. Ideal para o transporte na anca ou na barriga, desde o nascimento at\u00e9 aos 15 kg. A melhor op\u00e7\u00e3o para a amamenta\u00e7\u00e3o em todas as situa\u00e7\u00f5es. Muito f\u00e1cil e r\u00e1pido de colocar.   <\/p>\n","protected":false},"excerpt":{"rendered":"<p>Sling de tecido sem n\u00f3s com argolas. Ideal para o transporte na anca ou na barriga, desde o nascimento at\u00e9 aos 15 kg. A melhor op\u00e7\u00e3o para a amamenta\u00e7\u00e3o em todas as situa\u00e7\u00f5es. Muito f\u00e1cil e r\u00e1pido de colocar.   <\/p>\n","protected":false},"featured_media":3904,"comment_status":"open","ping_status":"closed","template":"","meta":[],"product_brand":[],"product_cat":[137,128],"product_tag":[],"class_list":{"0":"post-7425","1":"product","2":"type-product","3":"status-publish","4":"has-post-thumbnail","6":"product_cat-funda-de-anel","7":"product_cat-fundas-tecidas","9":"first","10":"instock","11":"taxable","12":"shipping-taxable","13":"purchasable","14":"product-type-simple"},"jetpack_sharing_enabled":true,"_links":{"self":[{"href":"https:\/\/www.babyloniababycarriers.eu\/pt-pt\/wp-json\/wp\/v2\/product\/7425","targetHints":{"allow":["GET"]}}],"collection":[{"href":"https:\/\/www.babyloniababycarriers.eu\/pt-pt\/wp-json\/wp\/v2\/product"}],"about":[{"href":"https:\/\/www.babyloniababycarriers.eu\/pt-pt\/wp-json\/wp\/v2\/types\/product"}],"replies":[{"embeddable":true,"href":"https:\/\/www.babyloniababycarriers.eu\/pt-pt\/wp-json\/wp\/v2\/comments?post=7425"}],"version-history":[{"count":1,"href":"https:\/\/www.babyloniababycarriers.eu\/pt-pt\/wp-json\/wp\/v2\/product\/7425\/revisions"}],"predecessor-version":[{"id":9220,"href":"https:\/\/www.babyloniababycarriers.eu\/pt-pt\/wp-json\/wp\/v2\/product\/7425\/revisions\/9220"}],"wp:featuredmedia":[{"embeddable":true,"href":"https:\/\/www.babyloniababycarriers.eu\/pt-pt\/wp-json\/wp\/v2\/media\/3904"}],"wp:attachment":[{"href":"https:\/\/www.babyloniababycarriers.eu\/pt-pt\/wp-json\/wp\/v2\/media?parent=7425"}],"wp:term":[{"taxonomy":"product_brand","embeddable":true,"href":"https:\/\/www.babyloniababycarriers.eu\/pt-pt\/wp-json\/wp\/v2\/product_brand?post=7425"},{"taxonomy":"product_cat","embeddable":true,"href":"https:\/\/www.babyloniababycarriers.eu\/pt-pt\/wp-json\/wp\/v2\/product_cat?post=7425"},{"taxonomy":"product_tag","embeddable":true,"href":"https:\/\/www.babyloniababycarriers.eu\/pt-pt\/wp-json\/wp\/v2\/product_tag?post=7425"}],"curies":[{"name":"wp","href":"https:\/\/api.w.org\/{rel}","templated":true}]}}