{"id":7371,"date":"2024-02-15T19:11:44","date_gmt":"2024-02-15T19:11:44","guid":{"rendered":"https:\/\/www.babyloniababycarriers.eu\/product\/bb-tai-l-o-v-e-sizer\/"},"modified":"2024-11-19T10:34:49","modified_gmt":"2024-11-19T09:34:49","slug":"bb-tai-l-o-v-e-sizer","status":"publish","type":"product","link":"https:\/\/www.babyloniababycarriers.eu\/pt-pt\/product\/bb-tai-l-o-v-e-sizer\/","title":{"rendered":"BB-tai &#8211; L.O.V.E &#8211; dimensionador"},"content":{"rendered":"<p>A simplicidade de um porta-beb\u00e9s combinada com a capacidade de carga de um tecido. Pode ser utilizado desde o nascimento at\u00e9 aos 20 kg, de barriga para baixo ou \u00e0s costas. Permite-te transportar confortavelmente beb\u00e9s maiores e mais velhos.  <\/p>\n","protected":false},"excerpt":{"rendered":"<p>A simplicidade de um porta-beb\u00e9s combinada com a capacidade de carga de um tecido. Pode ser utilizado desde o nascimento at\u00e9 aos 20 kg, de barriga para baixo ou \u00e0s costas. Permite-te transportar confortavelmente beb\u00e9s maiores e mais velhos.  <\/p>\n","protected":false},"featured_media":4040,"comment_status":"open","ping_status":"closed","template":"","meta":[],"product_brand":[],"product_cat":[128],"product_tag":[],"class_list":{"0":"post-7371","1":"product","2":"type-product","3":"status-publish","4":"has-post-thumbnail","6":"product_cat-fundas-tecidas","8":"first","9":"instock","10":"taxable","11":"shipping-taxable","12":"purchasable","13":"product-type-simple"},"jetpack_sharing_enabled":true,"_links":{"self":[{"href":"https:\/\/www.babyloniababycarriers.eu\/pt-pt\/wp-json\/wp\/v2\/product\/7371","targetHints":{"allow":["GET"]}}],"collection":[{"href":"https:\/\/www.babyloniababycarriers.eu\/pt-pt\/wp-json\/wp\/v2\/product"}],"about":[{"href":"https:\/\/www.babyloniababycarriers.eu\/pt-pt\/wp-json\/wp\/v2\/types\/product"}],"replies":[{"embeddable":true,"href":"https:\/\/www.babyloniababycarriers.eu\/pt-pt\/wp-json\/wp\/v2\/comments?post=7371"}],"version-history":[{"count":1,"href":"https:\/\/www.babyloniababycarriers.eu\/pt-pt\/wp-json\/wp\/v2\/product\/7371\/revisions"}],"predecessor-version":[{"id":9087,"href":"https:\/\/www.babyloniababycarriers.eu\/pt-pt\/wp-json\/wp\/v2\/product\/7371\/revisions\/9087"}],"wp:featuredmedia":[{"embeddable":true,"href":"https:\/\/www.babyloniababycarriers.eu\/pt-pt\/wp-json\/wp\/v2\/media\/4040"}],"wp:attachment":[{"href":"https:\/\/www.babyloniababycarriers.eu\/pt-pt\/wp-json\/wp\/v2\/media?parent=7371"}],"wp:term":[{"taxonomy":"product_brand","embeddable":true,"href":"https:\/\/www.babyloniababycarriers.eu\/pt-pt\/wp-json\/wp\/v2\/product_brand?post=7371"},{"taxonomy":"product_cat","embeddable":true,"href":"https:\/\/www.babyloniababycarriers.eu\/pt-pt\/wp-json\/wp\/v2\/product_cat?post=7371"},{"taxonomy":"product_tag","embeddable":true,"href":"https:\/\/www.babyloniababycarriers.eu\/pt-pt\/wp-json\/wp\/v2\/product_tag?post=7371"}],"curies":[{"name":"wp","href":"https:\/\/api.w.org\/{rel}","templated":true}]}}