{"id":7272,"date":"2024-02-15T19:11:51","date_gmt":"2024-02-15T19:11:51","guid":{"rendered":"https:\/\/www.babyloniababycarriers.eu\/product\/tricot-slen-organic-bluejeans-one-size\/"},"modified":"2024-11-19T10:35:44","modified_gmt":"2024-11-19T09:35:44","slug":"tricot-slen-organic-bluejeans-one-size","status":"publish","type":"product","link":"https:\/\/www.babyloniababycarriers.eu\/pt-pt\/product\/tricot-slen-organic-bluejeans-one-size\/","title":{"rendered":"Tricot-Slen Organic &#8211; Cal\u00e7as de ganga azuis &#8211; Tamanho \u00fanico"},"content":{"rendered":"<p>A nossa primeira funda, 25 anos de servi\u00e7o e continua a ser a melhor funda el\u00e1stica!<\/p>\n<p> M\u00e9todo de tricotar \u00fanico que d\u00e1 elasticidade suficiente \u00e0 funda para a vestir facilmente e que tamb\u00e9m proporciona um excelente apoio e evita que salte (bouncing). <\/p>\n","protected":false},"excerpt":{"rendered":"<p>A nossa primeira funda, 25 anos de servi\u00e7o e continua a ser a melhor funda el\u00e1stica!<\/p>\n<p> M\u00e9todo de tricotar \u00fanico que d\u00e1 elasticidade suficiente \u00e0 funda para a vestir facilmente e que tamb\u00e9m proporciona um excelente apoio e evita que salte (bouncing). <\/p>\n","protected":false},"featured_media":6579,"comment_status":"open","ping_status":"closed","template":"","meta":[],"product_brand":[],"product_cat":[101],"product_tag":[],"class_list":{"0":"post-7272","1":"product","2":"type-product","3":"status-publish","4":"has-post-thumbnail","6":"product_cat-fundas-elasticas","8":"first","9":"instock","10":"taxable","11":"shipping-taxable","12":"purchasable","13":"product-type-simple"},"jetpack_sharing_enabled":true,"_links":{"self":[{"href":"https:\/\/www.babyloniababycarriers.eu\/pt-pt\/wp-json\/wp\/v2\/product\/7272","targetHints":{"allow":["GET"]}}],"collection":[{"href":"https:\/\/www.babyloniababycarriers.eu\/pt-pt\/wp-json\/wp\/v2\/product"}],"about":[{"href":"https:\/\/www.babyloniababycarriers.eu\/pt-pt\/wp-json\/wp\/v2\/types\/product"}],"replies":[{"embeddable":true,"href":"https:\/\/www.babyloniababycarriers.eu\/pt-pt\/wp-json\/wp\/v2\/comments?post=7272"}],"version-history":[{"count":1,"href":"https:\/\/www.babyloniababycarriers.eu\/pt-pt\/wp-json\/wp\/v2\/product\/7272\/revisions"}],"predecessor-version":[{"id":9184,"href":"https:\/\/www.babyloniababycarriers.eu\/pt-pt\/wp-json\/wp\/v2\/product\/7272\/revisions\/9184"}],"wp:featuredmedia":[{"embeddable":true,"href":"https:\/\/www.babyloniababycarriers.eu\/pt-pt\/wp-json\/wp\/v2\/media\/6579"}],"wp:attachment":[{"href":"https:\/\/www.babyloniababycarriers.eu\/pt-pt\/wp-json\/wp\/v2\/media?parent=7272"}],"wp:term":[{"taxonomy":"product_brand","embeddable":true,"href":"https:\/\/www.babyloniababycarriers.eu\/pt-pt\/wp-json\/wp\/v2\/product_brand?post=7272"},{"taxonomy":"product_cat","embeddable":true,"href":"https:\/\/www.babyloniababycarriers.eu\/pt-pt\/wp-json\/wp\/v2\/product_cat?post=7272"},{"taxonomy":"product_tag","embeddable":true,"href":"https:\/\/www.babyloniababycarriers.eu\/pt-pt\/wp-json\/wp\/v2\/product_tag?post=7272"}],"curies":[{"name":"wp","href":"https:\/\/api.w.org\/{rel}","templated":true}]}}