{"id":7173,"date":"2024-02-15T19:11:54","date_gmt":"2024-02-15T19:11:54","guid":{"rendered":"https:\/\/www.babyloniababycarriers.eu\/product\/tricot-slen-organic-tropical-petrol-one-size\/"},"modified":"2025-08-07T19:05:46","modified_gmt":"2025-08-07T17:05:46","slug":"tricot-slen-organic-tropical-petrol-one-size","status":"publish","type":"product","link":"https:\/\/www.babyloniababycarriers.eu\/pt-pt\/product\/tricot-slen-organic-tropical-petrol-one-size\/","title":{"rendered":"Tricot-Slen Organic &#8211; Tropical petrol &#8211; Tamanho \u00fanico"},"content":{"rendered":"<p>A nossa primeira funda, 25 anos de servi\u00e7o e continua a ser a melhor funda el\u00e1stica!<\/p>\n<p> M\u00e9todo de tricotar \u00fanico que d\u00e1 elasticidade suficiente \u00e0 funda para a vestir facilmente e que tamb\u00e9m proporciona um excelente apoio e evita que salte (bouncing). <\/p>\n","protected":false},"excerpt":{"rendered":"<p>A nossa primeira funda, 25 anos de servi\u00e7o e continua a ser a melhor funda el\u00e1stica!<\/p>\n<p> M\u00e9todo de tricotar \u00fanico que d\u00e1 elasticidade suficiente \u00e0 funda para a vestir facilmente e que tamb\u00e9m proporciona um excelente apoio e evita que salte (bouncing). <\/p>\n","protected":false},"featured_media":4373,"comment_status":"open","ping_status":"closed","template":"","meta":[],"product_brand":[],"product_cat":[119],"product_tag":[],"class_list":{"0":"post-7173","1":"product","2":"type-product","3":"status-publish","4":"has-post-thumbnail","6":"product_cat-venda","8":"first","9":"outofstock","10":"sale","11":"taxable","12":"shipping-taxable","13":"purchasable","14":"product-type-simple"},"jetpack_sharing_enabled":true,"_links":{"self":[{"href":"https:\/\/www.babyloniababycarriers.eu\/pt-pt\/wp-json\/wp\/v2\/product\/7173","targetHints":{"allow":["GET"]}}],"collection":[{"href":"https:\/\/www.babyloniababycarriers.eu\/pt-pt\/wp-json\/wp\/v2\/product"}],"about":[{"href":"https:\/\/www.babyloniababycarriers.eu\/pt-pt\/wp-json\/wp\/v2\/types\/product"}],"replies":[{"embeddable":true,"href":"https:\/\/www.babyloniababycarriers.eu\/pt-pt\/wp-json\/wp\/v2\/comments?post=7173"}],"version-history":[{"count":1,"href":"https:\/\/www.babyloniababycarriers.eu\/pt-pt\/wp-json\/wp\/v2\/product\/7173\/revisions"}],"predecessor-version":[{"id":9026,"href":"https:\/\/www.babyloniababycarriers.eu\/pt-pt\/wp-json\/wp\/v2\/product\/7173\/revisions\/9026"}],"wp:featuredmedia":[{"embeddable":true,"href":"https:\/\/www.babyloniababycarriers.eu\/pt-pt\/wp-json\/wp\/v2\/media\/4373"}],"wp:attachment":[{"href":"https:\/\/www.babyloniababycarriers.eu\/pt-pt\/wp-json\/wp\/v2\/media?parent=7173"}],"wp:term":[{"taxonomy":"product_brand","embeddable":true,"href":"https:\/\/www.babyloniababycarriers.eu\/pt-pt\/wp-json\/wp\/v2\/product_brand?post=7173"},{"taxonomy":"product_cat","embeddable":true,"href":"https:\/\/www.babyloniababycarriers.eu\/pt-pt\/wp-json\/wp\/v2\/product_cat?post=7173"},{"taxonomy":"product_tag","embeddable":true,"href":"https:\/\/www.babyloniababycarriers.eu\/pt-pt\/wp-json\/wp\/v2\/product_tag?post=7173"}],"curies":[{"name":"wp","href":"https:\/\/api.w.org\/{rel}","templated":true}]}}