{"id":7056,"date":"2024-02-15T19:11:58","date_gmt":"2024-02-15T19:11:58","guid":{"rendered":"https:\/\/www.babyloniababycarriers.eu\/product\/tricot-slen-cool-navy-blue-one-size\/"},"modified":"2024-11-19T10:28:05","modified_gmt":"2024-11-19T09:28:05","slug":"tricot-slen-cool-navy-blue-one-size","status":"publish","type":"product","link":"https:\/\/www.babyloniababycarriers.eu\/pt-pt\/product\/tricot-slen-cool-navy-blue-one-size\/","title":{"rendered":"Tricot-Slen Cool &#8211; Azul marinho &#8211; Tamanho \u00fanico"},"content":{"rendered":"<p>Super leve, el\u00e1stico que absorve a humidade e respir\u00e1vel, feito com 100% de fios Newlife\u2122, uma fibra \u00fanica e certificada. N\u00e3o pesa quase nada, tem a mesma capacidade de carga de um tecido, mas a flexibilidade de um stretchy! <\/p>\n","protected":false},"excerpt":{"rendered":"<p>Super leve, el\u00e1stico que absorve a humidade e respir\u00e1vel, feito com 100% de fios Newlife\u2122, uma fibra \u00fanica e certificada. N\u00e3o pesa quase nada, tem a mesma capacidade de carga de um tecido, mas a flexibilidade de um stretchy! <\/p>\n","protected":false},"featured_media":4490,"comment_status":"open","ping_status":"closed","template":"","meta":[],"product_brand":[],"product_cat":[101],"product_tag":[],"class_list":{"0":"post-7056","1":"product","2":"type-product","3":"status-publish","4":"has-post-thumbnail","6":"product_cat-fundas-elasticas","8":"first","9":"instock","10":"taxable","11":"shipping-taxable","12":"purchasable","13":"product-type-simple"},"jetpack_sharing_enabled":true,"_links":{"self":[{"href":"https:\/\/www.babyloniababycarriers.eu\/pt-pt\/wp-json\/wp\/v2\/product\/7056","targetHints":{"allow":["GET"]}}],"collection":[{"href":"https:\/\/www.babyloniababycarriers.eu\/pt-pt\/wp-json\/wp\/v2\/product"}],"about":[{"href":"https:\/\/www.babyloniababycarriers.eu\/pt-pt\/wp-json\/wp\/v2\/types\/product"}],"replies":[{"embeddable":true,"href":"https:\/\/www.babyloniababycarriers.eu\/pt-pt\/wp-json\/wp\/v2\/comments?post=7056"}],"version-history":[{"count":1,"href":"https:\/\/www.babyloniababycarriers.eu\/pt-pt\/wp-json\/wp\/v2\/product\/7056\/revisions"}],"predecessor-version":[{"id":8922,"href":"https:\/\/www.babyloniababycarriers.eu\/pt-pt\/wp-json\/wp\/v2\/product\/7056\/revisions\/8922"}],"wp:featuredmedia":[{"embeddable":true,"href":"https:\/\/www.babyloniababycarriers.eu\/pt-pt\/wp-json\/wp\/v2\/media\/4490"}],"wp:attachment":[{"href":"https:\/\/www.babyloniababycarriers.eu\/pt-pt\/wp-json\/wp\/v2\/media?parent=7056"}],"wp:term":[{"taxonomy":"product_brand","embeddable":true,"href":"https:\/\/www.babyloniababycarriers.eu\/pt-pt\/wp-json\/wp\/v2\/product_brand?post=7056"},{"taxonomy":"product_cat","embeddable":true,"href":"https:\/\/www.babyloniababycarriers.eu\/pt-pt\/wp-json\/wp\/v2\/product_cat?post=7056"},{"taxonomy":"product_tag","embeddable":true,"href":"https:\/\/www.babyloniababycarriers.eu\/pt-pt\/wp-json\/wp\/v2\/product_tag?post=7056"}],"curies":[{"name":"wp","href":"https:\/\/api.w.org\/{rel}","templated":true}]}}