{"id":7002,"date":"2024-09-25T16:02:16","date_gmt":"2024-09-25T14:02:16","guid":{"rendered":"https:\/\/www.babyloniababycarriers.eu\/product\/flexia-green-mint\/"},"modified":"2025-01-28T14:26:14","modified_gmt":"2025-01-28T13:26:14","slug":"flexia-green-mint","status":"publish","type":"product","link":"https:\/\/www.babyloniababycarriers.eu\/pt-pt\/product\/flexia-green-mint\/","title":{"rendered":"Flexia Hortel\u00e3 Verde"},"content":{"rendered":"<p>Apresentamos-te a Flexia: um porta-beb\u00e9s intemporal, agora com um novo visual! H\u00e1 muito apreciado pelos pais, o Flexia \u00e9 conhecido pela sua adaptabilidade, oferecendo a ti e ao teu filho o ajuste perfeito desde o nascimento at\u00e9 aos 4 anos de idade. Os pain\u00e9is ajust\u00e1veis oferecem ao teu beb\u00e9 um assento confort\u00e1vel e ergon\u00f3mico, garantindo um ajuste confort\u00e1vel em todas as fases de crescimento. Agora dispon\u00edvel com um design moderno e descontra\u00eddo, a Flexia adapta-se a todos os estilos e ocasi\u00f5es.<\/p>\n<p>Adequado desde o nascimento at\u00e9 aos 4 anos Feito de algod\u00e3o org\u00e2nico Dispon\u00edvel em 3 cores modernas Sustent\u00e1vel e amigo do ambiente Flexia f\u00e1cil de usar, onde o estilo se alia ao conforto para pais e filhos.  <\/p>\n","protected":false},"excerpt":{"rendered":"<p>Apresentamos-te a Flexia: um porta-beb\u00e9s intemporal, agora com um novo visual! H\u00e1 muito apreciado pelos pais, o Flexia \u00e9 conhecido pela sua adaptabilidade, oferecendo a ti e ao teu filho o ajuste perfeito desde o nascimento at\u00e9 aos 4 anos de idade. Os pain\u00e9is ajust\u00e1veis oferecem ao teu beb\u00e9 um assento confort\u00e1vel e ergon\u00f3mico, garantindo [&hellip;]<\/p>\n","protected":false},"featured_media":6318,"comment_status":"open","ping_status":"closed","template":"","meta":[],"product_brand":[],"product_cat":[110],"product_tag":[],"class_list":{"0":"post-7002","1":"product","2":"type-product","3":"status-publish","4":"has-post-thumbnail","6":"product_cat-porta-bebes-ergonomicos","8":"first","9":"instock","10":"featured","11":"taxable","12":"shipping-taxable","13":"purchasable","14":"product-type-simple"},"jetpack_sharing_enabled":true,"_links":{"self":[{"href":"https:\/\/www.babyloniababycarriers.eu\/pt-pt\/wp-json\/wp\/v2\/product\/7002","targetHints":{"allow":["GET"]}}],"collection":[{"href":"https:\/\/www.babyloniababycarriers.eu\/pt-pt\/wp-json\/wp\/v2\/product"}],"about":[{"href":"https:\/\/www.babyloniababycarriers.eu\/pt-pt\/wp-json\/wp\/v2\/types\/product"}],"replies":[{"embeddable":true,"href":"https:\/\/www.babyloniababycarriers.eu\/pt-pt\/wp-json\/wp\/v2\/comments?post=7002"}],"version-history":[{"count":1,"href":"https:\/\/www.babyloniababycarriers.eu\/pt-pt\/wp-json\/wp\/v2\/product\/7002\/revisions"}],"predecessor-version":[{"id":8728,"href":"https:\/\/www.babyloniababycarriers.eu\/pt-pt\/wp-json\/wp\/v2\/product\/7002\/revisions\/8728"}],"wp:featuredmedia":[{"embeddable":true,"href":"https:\/\/www.babyloniababycarriers.eu\/pt-pt\/wp-json\/wp\/v2\/media\/6318"}],"wp:attachment":[{"href":"https:\/\/www.babyloniababycarriers.eu\/pt-pt\/wp-json\/wp\/v2\/media?parent=7002"}],"wp:term":[{"taxonomy":"product_brand","embeddable":true,"href":"https:\/\/www.babyloniababycarriers.eu\/pt-pt\/wp-json\/wp\/v2\/product_brand?post=7002"},{"taxonomy":"product_cat","embeddable":true,"href":"https:\/\/www.babyloniababycarriers.eu\/pt-pt\/wp-json\/wp\/v2\/product_cat?post=7002"},{"taxonomy":"product_tag","embeddable":true,"href":"https:\/\/www.babyloniababycarriers.eu\/pt-pt\/wp-json\/wp\/v2\/product_tag?post=7002"}],"curies":[{"name":"wp","href":"https:\/\/api.w.org\/{rel}","templated":true}]}}