{"id":6966,"date":"2024-09-26T11:29:47","date_gmt":"2024-09-26T09:29:47","guid":{"rendered":"https:\/\/www.babyloniababycarriers.eu\/product\/tricot-slen-bamboo-apricot-crush\/"},"modified":"2024-11-19T10:26:39","modified_gmt":"2024-11-19T09:26:39","slug":"tricot-slen-bamboo-apricot-crush","status":"publish","type":"product","link":"https:\/\/www.babyloniababycarriers.eu\/pt-pt\/product\/tricot-slen-bamboo-apricot-crush\/","title":{"rendered":"Tricot-slen Bamboo &#8211; Apricot Crush"},"content":{"rendered":"<p class=\"cvGsUA direction-ltr align-start para-style-body\"><span class=\"OYPEnA font-feature-liga-off font-feature-clig-off font-feature-calt-off text-decoration-none text-strikethrough-none\">No mercado h\u00e1 mais de 25 anos e continua a ser a melhor funda el\u00e1stica gra\u00e7as ao seu m\u00e9todo de tricotagem \u00fanico! A funda \u00e9 f\u00e1cil de colocar e tamb\u00e9m oferece um excelente apoio ergon\u00f3mico. Gra\u00e7as \u00e0 t\u00e9cnica de tricotagem \u00fanica e ao facto de N\u00c3O utilizar elastano, evita que o beb\u00e9 balance durante o transporte.  <\/span><\/p>\n<p class=\"cvGsUA direction-ltr align-start para-style-body\"><span class=\"OYPEnA font-feature-liga-off font-feature-clig-off font-feature-calt-off text-decoration-none text-strikethrough-none\">O Apricot Crush \u00e9 feito de bambu respir\u00e1vel e fantasticamente macio. Al\u00e9m disso, esta cor \u00e9 um tom pastel suave ideal para completar qualquer conjunto. <\/span><\/p>\n<ul>\n<li><span class=\"OYPEnA font-feature-liga-off font-feature-clig-off font-feature-calt-off text-decoration-none text-strikethrough-none\">100% viscose de bambu<\/span><\/li>\n<li><span class=\"OYPEnA font-feature-liga-off font-feature-clig-off font-feature-calt-off text-decoration-none text-strikethrough-none\">Funda el\u00e1stica sem elastano<\/span><\/li>\n<li><span class=\"OYPEnA font-feature-liga-off font-feature-clig-off font-feature-calt-off text-decoration-none text-strikethrough-none\">Perfeito para rec\u00e9m-nascidos<\/span><\/li>\n<li><span class=\"OYPEnA font-feature-liga-off font-feature-clig-off font-feature-calt-off text-decoration-none text-strikethrough-none\">Sustent\u00e1vel e ecol\u00f3gico<\/span><\/li>\n<li><span class=\"OYPEnA font-feature-liga-off font-feature-clig-off font-feature-calt-off text-decoration-none text-strikethrough-none\">T\u00e9cnica de tricotagem \u00fanica que evita os ressaltos<\/span><\/li>\n<li><span class=\"OYPEnA font-feature-liga-off font-feature-clig-off font-feature-calt-off text-decoration-none text-strikethrough-none\">Leve e suave como a seda<\/span><\/li>\n<\/ul>\n","protected":false},"excerpt":{"rendered":"<p>No mercado h\u00e1 mais de 25 anos e continua a ser a melhor funda el\u00e1stica gra\u00e7as ao seu m\u00e9todo de tricotagem \u00fanico! A funda \u00e9 f\u00e1cil de colocar e tamb\u00e9m oferece um excelente apoio ergon\u00f3mico. Gra\u00e7as \u00e0 t\u00e9cnica de tricotagem \u00fanica e ao facto de N\u00c3O utilizar elastano, evita que o beb\u00e9 balance durante o [&hellip;]<\/p>\n","protected":false},"featured_media":6390,"comment_status":"open","ping_status":"closed","template":"","meta":[],"product_brand":[],"product_cat":[101],"product_tag":[],"class_list":{"0":"post-6966","1":"product","2":"type-product","3":"status-publish","4":"has-post-thumbnail","6":"product_cat-fundas-elasticas","8":"first","9":"instock","10":"taxable","11":"shipping-taxable","12":"purchasable","13":"product-type-simple"},"jetpack_sharing_enabled":true,"_links":{"self":[{"href":"https:\/\/www.babyloniababycarriers.eu\/pt-pt\/wp-json\/wp\/v2\/product\/6966","targetHints":{"allow":["GET"]}}],"collection":[{"href":"https:\/\/www.babyloniababycarriers.eu\/pt-pt\/wp-json\/wp\/v2\/product"}],"about":[{"href":"https:\/\/www.babyloniababycarriers.eu\/pt-pt\/wp-json\/wp\/v2\/types\/product"}],"replies":[{"embeddable":true,"href":"https:\/\/www.babyloniababycarriers.eu\/pt-pt\/wp-json\/wp\/v2\/comments?post=6966"}],"version-history":[{"count":1,"href":"https:\/\/www.babyloniababycarriers.eu\/pt-pt\/wp-json\/wp\/v2\/product\/6966\/revisions"}],"predecessor-version":[{"id":8770,"href":"https:\/\/www.babyloniababycarriers.eu\/pt-pt\/wp-json\/wp\/v2\/product\/6966\/revisions\/8770"}],"wp:featuredmedia":[{"embeddable":true,"href":"https:\/\/www.babyloniababycarriers.eu\/pt-pt\/wp-json\/wp\/v2\/media\/6390"}],"wp:attachment":[{"href":"https:\/\/www.babyloniababycarriers.eu\/pt-pt\/wp-json\/wp\/v2\/media?parent=6966"}],"wp:term":[{"taxonomy":"product_brand","embeddable":true,"href":"https:\/\/www.babyloniababycarriers.eu\/pt-pt\/wp-json\/wp\/v2\/product_brand?post=6966"},{"taxonomy":"product_cat","embeddable":true,"href":"https:\/\/www.babyloniababycarriers.eu\/pt-pt\/wp-json\/wp\/v2\/product_cat?post=6966"},{"taxonomy":"product_tag","embeddable":true,"href":"https:\/\/www.babyloniababycarriers.eu\/pt-pt\/wp-json\/wp\/v2\/product_tag?post=6966"}],"curies":[{"name":"wp","href":"https:\/\/api.w.org\/{rel}","templated":true}]}}