{"id":11273,"date":"2025-11-28T11:01:51","date_gmt":"2025-11-28T10:01:51","guid":{"rendered":"https:\/\/www.babyloniababycarriers.eu\/?post_type=product&#038;p=11273"},"modified":"2025-11-28T11:03:40","modified_gmt":"2025-11-28T10:03:40","slug":"bola-pure-elegance-ouro-rosa-kopie-kopie-kopie","status":"publish","type":"product","link":"https:\/\/www.babyloniababycarriers.eu\/pt-pt\/product\/bola-pure-elegance-ouro-rosa-kopie-kopie-kopie\/","title":{"rendered":"Bola &#8211; Pure Elegance &#8211; Ouro Rosa (kopie) (kopie) (kopie)"},"content":{"rendered":"<p>A partir das 20 semanas de gravidez, o teu beb\u00e9 reconhece a tua voz, o teu batimento card\u00edaco e muitos outros sons, incluindo sons calmantes como a bola de gravidez Babylonia. A bola da gravidez \u00e9 uma pe\u00e7a de joalharia que cont\u00e9m um pequeno xilofone. Usa a Bola contra a tua barriga com uma corrente comprida. A cada movimento, a Bola emite um som calmante, um tilintar suave que o teu beb\u00e9 conhece, tanto antes como depois do nascimento. Depois do nascimento, cose a Bola no peluche do teu beb\u00e9 para lhe recordar os sons doces que ele ouviu na tua barriga. Combina esta bela pe\u00e7a de joalharia com um colar Bola em ouro rosa, ouro ou prata, e ser\u00e1s um verdadeiro chamariz, mesmo para o teu beb\u00e9!     <\/p>\n","protected":false},"excerpt":{"rendered":"<p>A partir das 20 semanas de gravidez, o teu beb\u00e9 reconhece a tua voz, o teu batimento card\u00edaco e muitos outros sons, incluindo sons calmantes como a bola de gravidez Babylonia. A bola da gravidez \u00e9 uma pe\u00e7a de joalharia que cont\u00e9m um pequeno xilofone. Usa a Bola contra a tua barriga com uma corrente [&hellip;]<\/p>\n","protected":false},"featured_media":11283,"comment_status":"open","ping_status":"closed","template":"","meta":[],"product_brand":[],"product_cat":[92],"product_tag":[],"class_list":{"0":"post-11273","1":"product","2":"type-product","3":"status-publish","4":"has-post-thumbnail","6":"product_cat-baby-bola-pt-pt","8":"first","9":"instock","10":"featured","11":"taxable","12":"shipping-taxable","13":"purchasable","14":"product-type-simple"},"jetpack_sharing_enabled":true,"_links":{"self":[{"href":"https:\/\/www.babyloniababycarriers.eu\/pt-pt\/wp-json\/wp\/v2\/product\/11273","targetHints":{"allow":["GET"]}}],"collection":[{"href":"https:\/\/www.babyloniababycarriers.eu\/pt-pt\/wp-json\/wp\/v2\/product"}],"about":[{"href":"https:\/\/www.babyloniababycarriers.eu\/pt-pt\/wp-json\/wp\/v2\/types\/product"}],"replies":[{"embeddable":true,"href":"https:\/\/www.babyloniababycarriers.eu\/pt-pt\/wp-json\/wp\/v2\/comments?post=11273"}],"version-history":[{"count":1,"href":"https:\/\/www.babyloniababycarriers.eu\/pt-pt\/wp-json\/wp\/v2\/product\/11273\/revisions"}],"predecessor-version":[{"id":11292,"href":"https:\/\/www.babyloniababycarriers.eu\/pt-pt\/wp-json\/wp\/v2\/product\/11273\/revisions\/11292"}],"wp:featuredmedia":[{"embeddable":true,"href":"https:\/\/www.babyloniababycarriers.eu\/pt-pt\/wp-json\/wp\/v2\/media\/11283"}],"wp:attachment":[{"href":"https:\/\/www.babyloniababycarriers.eu\/pt-pt\/wp-json\/wp\/v2\/media?parent=11273"}],"wp:term":[{"taxonomy":"product_brand","embeddable":true,"href":"https:\/\/www.babyloniababycarriers.eu\/pt-pt\/wp-json\/wp\/v2\/product_brand?post=11273"},{"taxonomy":"product_cat","embeddable":true,"href":"https:\/\/www.babyloniababycarriers.eu\/pt-pt\/wp-json\/wp\/v2\/product_cat?post=11273"},{"taxonomy":"product_tag","embeddable":true,"href":"https:\/\/www.babyloniababycarriers.eu\/pt-pt\/wp-json\/wp\/v2\/product_tag?post=11273"}],"curies":[{"name":"wp","href":"https:\/\/api.w.org\/{rel}","templated":true}]}}