{"id":11169,"date":"2025-10-31T14:06:56","date_gmt":"2025-10-31T13:06:56","guid":{"rendered":"https:\/\/www.babyloniababycarriers.eu\/?post_type=product&#038;p=11169"},"modified":"2025-10-31T14:18:28","modified_gmt":"2025-10-31T13:18:28","slug":"tricot-slen-cool-nougatine-kopie","status":"publish","type":"product","link":"https:\/\/www.babyloniababycarriers.eu\/pt-pt\/product\/tricot-slen-cool-nougatine-kopie\/","title":{"rendered":"Tricot-Slen Cool Nougatine (kopie)"},"content":{"rendered":"<p><span class=\"OYPEnA font-feature-liga-off font-feature-clig-off font-feature-calt-off text-decoration-none text-strikethrough-none\">No mercado h\u00e1 mais de 25 anos e continua a ser a melhor funda el\u00e1stica gra\u00e7as ao seu m\u00e9todo de tricotagem \u00fanico! A funda \u00e9 f\u00e1cil de colocar e tamb\u00e9m oferece um excelente apoio ergon\u00f3mico. Gra\u00e7as \u00e0 t\u00e9cnica de tricotagem \u00fanica e ao facto de N\u00c3O utilizar elastano, evita que o beb\u00e9 balance durante o transporte.  <\/span><\/p>\n<p><span class=\"OYPEnA font-feature-liga-off font-feature-clig-off font-feature-calt-off text-decoration-none text-strikethrough-none\">O Nougatine \u00e9 feito de fibra newlife 100% reciclada. Para al\u00e9m da cor suave que combina com tudo, este \u00e9 o pano de ver\u00e3o ideal para levares para a \u00e1gua! <\/span><\/p>\n<ul>\n<li><span class=\"OYPEnA font-feature-liga-off font-feature-clig-off font-feature-calt-off text-decoration-none text-strikethrough-none\">100% fio reciclado<\/span><\/li>\n<li><span class=\"OYPEnA font-feature-liga-off font-feature-clig-off font-feature-calt-off text-decoration-none text-strikethrough-none\">Funda el\u00e1stica sem elastano<\/span><\/li>\n<li><span class=\"OYPEnA font-feature-liga-off font-feature-clig-off font-feature-calt-off text-decoration-none text-strikethrough-none\">Perfeito para rec\u00e9m-nascidos<\/span><\/li>\n<li><span class=\"OYPEnA font-feature-liga-off font-feature-clig-off font-feature-calt-off text-decoration-none text-strikethrough-none\">Sustent\u00e1vel e ecol\u00f3gico<\/span><\/li>\n<li><span class=\"OYPEnA font-feature-liga-off font-feature-clig-off font-feature-calt-off text-decoration-none text-strikethrough-none\">T\u00e9cnica de tricotagem \u00fanica que evita os ressaltos<\/span><\/li>\n<li><span class=\"OYPEnA font-feature-liga-off font-feature-clig-off font-feature-calt-off text-decoration-none text-strikethrough-none\">Massa leve perfeita para o ver\u00e3o<\/span><\/li>\n<\/ul>\n","protected":false},"excerpt":{"rendered":"<p>No mercado h\u00e1 mais de 25 anos e continua a ser a melhor funda el\u00e1stica gra\u00e7as ao seu m\u00e9todo de tricotagem \u00fanico! A funda \u00e9 f\u00e1cil de colocar e tamb\u00e9m oferece um excelente apoio ergon\u00f3mico. Gra\u00e7as \u00e0 t\u00e9cnica de tricotagem \u00fanica e ao facto de N\u00c3O utilizar elastano, evita que o beb\u00e9 balance durante o [&hellip;]<\/p>\n","protected":false},"featured_media":11179,"comment_status":"open","ping_status":"closed","template":"","meta":[],"product_brand":[],"product_cat":[101],"product_tag":[],"class_list":{"0":"post-11169","1":"product","2":"type-product","3":"status-publish","4":"has-post-thumbnail","6":"product_cat-fundas-elasticas","8":"first","9":"instock","10":"featured","11":"taxable","12":"shipping-taxable","13":"purchasable","14":"product-type-simple"},"jetpack_sharing_enabled":true,"_links":{"self":[{"href":"https:\/\/www.babyloniababycarriers.eu\/pt-pt\/wp-json\/wp\/v2\/product\/11169","targetHints":{"allow":["GET"]}}],"collection":[{"href":"https:\/\/www.babyloniababycarriers.eu\/pt-pt\/wp-json\/wp\/v2\/product"}],"about":[{"href":"https:\/\/www.babyloniababycarriers.eu\/pt-pt\/wp-json\/wp\/v2\/types\/product"}],"replies":[{"embeddable":true,"href":"https:\/\/www.babyloniababycarriers.eu\/pt-pt\/wp-json\/wp\/v2\/comments?post=11169"}],"version-history":[{"count":1,"href":"https:\/\/www.babyloniababycarriers.eu\/pt-pt\/wp-json\/wp\/v2\/product\/11169\/revisions"}],"predecessor-version":[{"id":11188,"href":"https:\/\/www.babyloniababycarriers.eu\/pt-pt\/wp-json\/wp\/v2\/product\/11169\/revisions\/11188"}],"wp:featuredmedia":[{"embeddable":true,"href":"https:\/\/www.babyloniababycarriers.eu\/pt-pt\/wp-json\/wp\/v2\/media\/11179"}],"wp:attachment":[{"href":"https:\/\/www.babyloniababycarriers.eu\/pt-pt\/wp-json\/wp\/v2\/media?parent=11169"}],"wp:term":[{"taxonomy":"product_brand","embeddable":true,"href":"https:\/\/www.babyloniababycarriers.eu\/pt-pt\/wp-json\/wp\/v2\/product_brand?post=11169"},{"taxonomy":"product_cat","embeddable":true,"href":"https:\/\/www.babyloniababycarriers.eu\/pt-pt\/wp-json\/wp\/v2\/product_cat?post=11169"},{"taxonomy":"product_tag","embeddable":true,"href":"https:\/\/www.babyloniababycarriers.eu\/pt-pt\/wp-json\/wp\/v2\/product_tag?post=11169"}],"curies":[{"name":"wp","href":"https:\/\/api.w.org\/{rel}","templated":true}]}}