{"id":8462,"date":"2023-11-14T08:24:29","date_gmt":"2023-11-14T07:24:29","guid":{"rendered":"https:\/\/www.babyloniababycarriers.eu\/termos-e-condicoes\/"},"modified":"2025-01-14T15:06:41","modified_gmt":"2025-01-14T14:06:41","slug":"termos-e-condicoes","status":"publish","type":"page","link":"https:\/\/www.babyloniababycarriers.eu\/pt-pt\/termos-e-condicoes\/","title":{"rendered":"Termos e condi\u00e7\u00f5es"},"content":{"rendered":"\t\t<div data-elementor-type=\"wp-page\" data-elementor-id=\"8462\" class=\"elementor elementor-8462 elementor-77\" data-elementor-post-type=\"page\">\n\t\t\t\t<div class=\"elementor-element elementor-element-3b1840a0 e-flex e-con-boxed e-con e-parent\" data-id=\"3b1840a0\" data-element_type=\"container\" data-e-type=\"container\">\n\t\t\t\t\t<div class=\"e-con-inner\">\n\t\t\t\t<div class=\"elementor-element elementor-element-24b270da elementor-widget elementor-widget-heading\" data-id=\"24b270da\" data-element_type=\"widget\" data-e-type=\"widget\" data-widget_type=\"heading.default\">\n\t\t\t\t<div class=\"elementor-widget-container\">\n\t\t\t\t\t<h1 class=\"elementor-heading-title elementor-size-default\">Termos e condi\u00e7\u00f5es<\/h1>\t\t\t\t<\/div>\n\t\t\t\t<\/div>\n\t\t\t\t<div class=\"elementor-element elementor-element-5d0af1ac elementor-widget elementor-widget-text-editor\" data-id=\"5d0af1ac\" data-element_type=\"widget\" data-e-type=\"widget\" data-widget_type=\"text-editor.default\">\n\t\t\t\t<div class=\"elementor-widget-container\">\n\t\t\t\t\t\t\t\t\t<h2>Artigo 1.\u00ba: Vendas em linha<\/h2>\n<p>A Chamo BV opera o s\u00edtio Web para a venda dos seus produtos a clientes de todo o mundo. Os presentes termos e condi\u00e7\u00f5es regem a venda dos produtos atrav\u00e9s do s\u00edtio Web. A empresa, doravante tamb\u00e9m designada por &#8220;n\u00f3s&#8221;, est\u00e1 estabelecida em Geraardsbergen e tem o n\u00famero de empresa BE0875.816.760. Pode ser contactada por telefone atrav\u00e9s do n\u00famero +32 54 240 330 e por e-mail atrav\u00e9s do endere\u00e7o bureau@chamo.be. O comprador \u00e9 qualquer pessoa que compre ou encomende bens ou servi\u00e7os atrav\u00e9s do s\u00edtio Web www.babylonia.eu e \u00e9 doravante referido como o &#8220;Comprador&#8221; ou como &#8220;tu&#8221;. Ao comprar ou encomendar bens e servi\u00e7os atrav\u00e9s do Website, aceita irrevogavelmente estes Termos e Condi\u00e7\u00f5es tal como existem no momento da encomenda e a aplica\u00e7\u00e3o de todos os outros termos e condi\u00e7\u00f5es \u00e9 exclu\u00edda.     <\/p>\n<h2>Artigo 2.\u00ba: Pre\u00e7o<\/h2>\n<p>Os pre\u00e7os dos nossos bens e servi\u00e7os s\u00e3o indicados no s\u00edtio Web em euros e incluem o IVA e outros encargos adicionais obrigat\u00f3rios. Os custos de entrega s\u00e3o indicados separadamente em fun\u00e7\u00e3o das escolhas efectuadas a este respeito. Os pre\u00e7os s\u00e3o pagos em euros, independentemente do local de entrega ou do local de resid\u00eancia do comprador. A Sociedade n\u00e3o \u00e9 respons\u00e1vel pela cobran\u00e7a de direitos aduaneiros ou de outras taxas ou impostos locais pela entrega de bens e servi\u00e7os fora da Uni\u00e3o Europeia. Tais direitos ou impostos ser\u00e3o suportados por ti, o Comprador, e ter\u00e1s tamb\u00e9m de fazer declara\u00e7\u00f5es \u00e0s autoridades competentes do pa\u00eds de entrega, se aplic\u00e1vel. A Empresa reserva-se o direito de ajustar os seus pre\u00e7os em qualquer altura, sem qualquer aviso pr\u00e9vio. Os bens e servi\u00e7os s\u00e3o facturados com base no pre\u00e7o em vigor no momento do registo da encomenda, sob reserva de disponibilidade e de erros administrativos. As mercadorias continuam a ser propriedade da Empresa at\u00e9 ao pagamento integral do pre\u00e7o. Apesar desta reserva de propriedade, o risco de perda ou de dano passa para o comprador a partir da entrega da mercadoria. As eventuais promo\u00e7\u00f5es s\u00e3o v\u00e1lidas at\u00e9 \u00e0 data indicada ou, em qualquer caso, durante um m\u00eas, no m\u00e1ximo, ap\u00f3s o an\u00fancio. N\u00e3o s\u00e3o cumulativas. Os vales de desconto n\u00e3o podem ser trocados por dinheiro e n\u00e3o s\u00e3o total ou parcialmente reembols\u00e1veis.           <\/p>\n<h2>Artigo 3.\u00ba: Forma\u00e7\u00e3o do acordo de compra e venda<\/h2>\n<p>A compra-venda \u00e9 conclu\u00edda depois de ter selecionado os bens e servi\u00e7os no Website, de ter confirmado a compra depois de verificar os bens e servi\u00e7os encomendados e o pre\u00e7o, de a encomenda ter sido recebida por n\u00f3s e de termos confirmado a encomenda ao cliente. A Empresa reserva-se o direito de cancelar qualquer encomenda de um cliente com o qual exista um lit\u00edgio relativo ao pagamento de outra encomenda. A Empresa tamb\u00e9m se reserva o direito de solicitar informa\u00e7\u00f5es adicionais para a seguran\u00e7a do cliente e, caso contr\u00e1rio, de recusar a execu\u00e7\u00e3o da encomenda.  <\/p>\n<h2>Artigo 4.\u00ba: Disponibilidade<\/h2>\n<p>As nossas ofertas s\u00e3o v\u00e1lidas at\u00e9 ao esgotamento do stock ou sujeitas \u00e0 disponibilidade do fornecedor ou do fabricante. Em caso de indisponibilidade ap\u00f3s a realiza\u00e7\u00e3o da tua encomenda, informar-te-emos o mais rapidamente poss\u00edvel, sem que tenhamos de pagar qualquer indemniza\u00e7\u00e3o. Exclu\u00edmos qualquer responsabilidade a este respeito.  <\/p>\n<h2>Artigo 5.\u00ba: Entrega<\/h2>\n<p>Ap\u00f3s a aceita\u00e7\u00e3o da tua encomenda e do pagamento, os bens ou servi\u00e7os ser\u00e3o entregues no endere\u00e7o de entrega que inseriste durante o processo de encomenda. Salvo estipula\u00e7\u00e3o em contr\u00e1rio, a entrega ser\u00e1 efectuada no prazo de 30 dias ap\u00f3s a encomenda. Ap\u00f3s o termo deste prazo, tens o direito de exigir a anula\u00e7\u00e3o e o reembolso da tua compra. Caso contr\u00e1rio, a Empresa n\u00e3o assume qualquer responsabilidade devido a atrasos na entrega, nem no caso de a entrega n\u00e3o poder ser efectuada devido a informa\u00e7\u00f5es erradas ou incompletas, fornecidas pelo comprador no momento da encomenda.   <\/p>\n<h2>Artigo 6.\u00ba: Direito de retrata\u00e7\u00e3o<\/h2>\n<p>Se o comprador for um consumidor que adquire bens ou servi\u00e7os \u00e0 dist\u00e2ncia, tem o direito de notificar o vendedor de que renuncia \u00e0 compra, sem pagamento de penaliza\u00e7\u00e3o e sem indicar o motivo, no prazo de 14 dias de calend\u00e1rio a contar do dia seguinte ao da entrega dos bens ou da celebra\u00e7\u00e3o do contrato de presta\u00e7\u00e3o de servi\u00e7os. Os reembolsos ser\u00e3o efectuados num prazo de 30 dias a contar da rece\u00e7\u00e3o do teu pedido de desist\u00eancia. Os reembolsos ser\u00e3o efectuados por transfer\u00eancia para a tua conta banc\u00e1ria ou por cr\u00e9dito no teu cart\u00e3o de cr\u00e9dito. O consumidor n\u00e3o tem o direito de rescindir a compra nos casos previstos na lei e, nomeadamente, quando os bens tiverem sido fabricados de acordo com as especifica\u00e7\u00f5es do consumidor ou quando a execu\u00e7\u00e3o do contrato de presta\u00e7\u00e3o de servi\u00e7os tiver come\u00e7ado antes do fim do prazo de rescis\u00e3o.   <\/p>\n<h2>Artigo 7.\u00ba: Pagamento<\/h2>\n<p>O comprador pode pagar a sua encomenda por cart\u00e3o de d\u00e9bito ou de cr\u00e9dito, por Paypal ou iDeal ou por transfer\u00eancia banc\u00e1ria para a nossa conta banc\u00e1ria, tal como indicado no s\u00edtio Web. O pre\u00e7o deve ser pago na totalidade antes da entrega. Em caso de atraso no pagamento, ser\u00e3o devidos juros de mora no valor de 6% ao ano, ipso jure e sem aviso pr\u00e9vio de incumprimento, bem como uma indemniza\u00e7\u00e3o fixa pelos custos administrativos do Vendedor no valor de 10% do montante devido com um m\u00ednimo de 100 euros.  <\/p>\n<h2>Artigo 8.\u00ba: Vales de oferta<\/h2>\n<p>Os cheques-prenda electr\u00f3nicos e em papel da Empresa podem ser utilizados no s\u00edtio Web www.babylonia.eu. S\u00e3o v\u00e1lidos por um ano a partir da data de emiss\u00e3o e podem ser renovados por mais um ano mediante o pagamento de uma taxa administrativa. Para utilizar os cheques-prenda, seleciona a op\u00e7\u00e3o &#8220;Outras op\u00e7\u00f5es de pagamento&#8221; na p\u00e1gina &#8220;Pagamento&#8221; e depois &#8220;Cheque-prenda&#8221;. Introduz o teu c\u00f3digo na caixa fornecida. Se o montante da tua encomenda for superior ao montante do teu vale de oferta, ter\u00e1s de pagar a diferen\u00e7a. Se o montante da tua encomenda for inferior ao montante do teu vale de oferta, ficar\u00e1s com esse saldo sob a forma de cr\u00e9dito. Podes acompanhar a evolu\u00e7\u00e3o do teu cr\u00e9dito atrav\u00e9s da sec\u00e7\u00e3o &#8220;A minha conta&#8221;.      <\/p>\n<h2>Artigo 9.\u00ba: Propriedade intelectual<\/h2>\n<p>Todos os textos, coment\u00e1rios, revistas, ilustra\u00e7\u00f5es e imagens apresentados no s\u00edtio Web www.babylonia.eu est\u00e3o protegidos por direitos de autor e direitos conexos, bem como por qualquer direito de propriedade intelectual em todo o mundo. Qualquer reprodu\u00e7\u00e3o parcial ou total do s\u00edtio Web ou do cat\u00e1logo da Empresa \u00e9 estritamente proibida. <\/p>\n<h2>Artigo 10\u00ba: Responsabilidade<\/h2>\n<p>A Sociedade compromete-se a fornecer alguns bens e servi\u00e7os em conformidade com a legisla\u00e7\u00e3o aplic\u00e1vel da Uni\u00e3o Europeia e da B\u00e9lgica. A Empresa n\u00e3o pode ser responsabilizada em caso de n\u00e3o conformidade com a legisla\u00e7\u00e3o de um pa\u00eds fora da Uni\u00e3o Europeia onde os produtos devem ser entregues. Os produtos vendidos aos consumidores est\u00e3o cobertos pela garantia legal de dois anos. Qualquer n\u00e3o conformidade relativa \u00e0 venda ao consumidor deve ser comunicada no prazo de dois meses ap\u00f3s a sua dete\u00e7\u00e3o. Qualquer reclama\u00e7\u00e3o relativa a danos vis\u00edveis nos bens entregues, bem como a danos causados durante o transporte e a entrega, deve ser formulada por escrito nos documentos de acompanhamento no momento da entrega ou comunicada por correio eletr\u00f3nico no prazo de 24 horas ap\u00f3s a entrega. O mesmo se aplica a entregas n\u00e3o conformes ou incompletas. Para mais informa\u00e7\u00f5es ou quest\u00f5es, o nosso servi\u00e7o de apoio ao cliente est\u00e1 sempre dispon\u00edvel pelo telefone +32 54 240 330 e por correio eletr\u00f3nico em info@chamo.be.      <\/p>\n<h2>Artigo 11\u00ba: Tratamento de dados pessoais<\/h2>\n<p>Ao encomendar como parte da sua compra online, em www.babylonia.eu, aceita que a Empresa utilize os seus dados pessoais de acordo com a lei aplic\u00e1vel de 8 de dezembro de 1992 sobre a prote\u00e7\u00e3o da privacidade em rela\u00e7\u00e3o ao processamento de dados pessoais. A Empresa utiliza os teus dados pessoais para a execu\u00e7\u00e3o do contrato e para te manter informado sobre os nossos bens e servi\u00e7os, incluindo atrav\u00e9s de marketing direto. Tens o direito de consultar os teus dados a qualquer momento e de os alterar se estiverem incorrectos.  <\/p>\n<h2>Artigo 12.\u00ba: Autonomia das disposi\u00e7\u00f5es<\/h2>\n<p>A nulidade, invalidade ou inaplicabilidade, no todo ou em parte, de qualquer disposi\u00e7\u00e3o dos presentes Termos e Condi\u00e7\u00f5es Gerais, ou de qualquer termo ou parte dos mesmos, n\u00e3o afectar\u00e1 a nulidade, invalidade ou inaplicabilidade das restantes disposi\u00e7\u00f5es, termos e partes dos mesmos, nem afectar\u00e1 a validade e aplicabilidade dos Termos e Condi\u00e7\u00f5es Gerais no seu todo.<\/p>\n<h2>Artigo 13.\u00ba: Lei aplic\u00e1vel e tribunais competentes<\/h2>\n<p>As presentes Condi\u00e7\u00f5es Gerais de Venda est\u00e3o sujeitas ao direito belga. Em caso de lit\u00edgio, apenas os tribunais de Bruxelas s\u00e3o competentes, sem preju\u00edzo do direito do consumidor de intentar uma a\u00e7\u00e3o nos tribunais da sua jurisdi\u00e7\u00e3o <\/p>\n\t\t\t\t\t\t\t\t<\/div>\n\t\t\t\t<\/div>\n\t\t\t\t\t<\/div>\n\t\t\t\t<\/div>\n\t\t\t\t<\/div>\n\t\t","protected":false},"excerpt":{"rendered":"<p>Termos e condi\u00e7\u00f5es Artigo 1.\u00ba: Vendas em linha A Chamo BV opera o s\u00edtio Web para a venda dos seus produtos a clientes de todo o mundo. Os presentes termos e condi\u00e7\u00f5es regem a venda dos produtos atrav\u00e9s do s\u00edtio Web. A empresa, doravante tamb\u00e9m designada por &#8220;n\u00f3s&#8221;, est\u00e1 estabelecida em Geraardsbergen e tem o [&hellip;]<\/p>\n","protected":false},"author":1,"featured_media":0,"parent":0,"menu_order":0,"comment_status":"closed","ping_status":"closed","template":"elementor_header_footer","meta":{"footnotes":""},"class_list":["post-8462","page","type-page","status-publish","hentry"],"jetpack_sharing_enabled":true,"_links":{"self":[{"href":"https:\/\/www.babyloniababycarriers.eu\/pt-pt\/wp-json\/wp\/v2\/pages\/8462","targetHints":{"allow":["GET"]}}],"collection":[{"href":"https:\/\/www.babyloniababycarriers.eu\/pt-pt\/wp-json\/wp\/v2\/pages"}],"about":[{"href":"https:\/\/www.babyloniababycarriers.eu\/pt-pt\/wp-json\/wp\/v2\/types\/page"}],"author":[{"embeddable":true,"href":"https:\/\/www.babyloniababycarriers.eu\/pt-pt\/wp-json\/wp\/v2\/users\/1"}],"replies":[{"embeddable":true,"href":"https:\/\/www.babyloniababycarriers.eu\/pt-pt\/wp-json\/wp\/v2\/comments?post=8462"}],"version-history":[{"count":2,"href":"https:\/\/www.babyloniababycarriers.eu\/pt-pt\/wp-json\/wp\/v2\/pages\/8462\/revisions"}],"predecessor-version":[{"id":9287,"href":"https:\/\/www.babyloniababycarriers.eu\/pt-pt\/wp-json\/wp\/v2\/pages\/8462\/revisions\/9287"}],"wp:attachment":[{"href":"https:\/\/www.babyloniababycarriers.eu\/pt-pt\/wp-json\/wp\/v2\/media?parent=8462"}],"curies":[{"name":"wp","href":"https:\/\/api.w.org\/{rel}","templated":true}]}}