{"id":8268,"date":"2023-11-14T08:01:03","date_gmt":"2023-11-14T07:01:03","guid":{"rendered":"https:\/\/www.babyloniababycarriers.eu\/politica-de-privacidade\/"},"modified":"2025-01-14T15:06:44","modified_gmt":"2025-01-14T14:06:44","slug":"politica-de-privacidade","status":"publish","type":"page","link":"https:\/\/www.babyloniababycarriers.eu\/pt-pt\/politica-de-privacidade\/","title":{"rendered":"Pol\u00edtica de privacidade"},"content":{"rendered":"\t\t<div data-elementor-type=\"wp-page\" data-elementor-id=\"8268\" class=\"elementor elementor-8268 elementor-3\" data-elementor-post-type=\"page\">\n\t\t\t\t<div class=\"elementor-element elementor-element-690c4e3a e-flex e-con-boxed e-con e-parent\" data-id=\"690c4e3a\" data-element_type=\"container\" data-e-type=\"container\">\n\t\t\t\t\t<div class=\"e-con-inner\">\n\t\t\t\t<div class=\"elementor-element elementor-element-a5543ab elementor-widget elementor-widget-heading\" data-id=\"a5543ab\" data-element_type=\"widget\" data-e-type=\"widget\" data-widget_type=\"heading.default\">\n\t\t\t\t<div class=\"elementor-widget-container\">\n\t\t\t\t\t<h1 class=\"elementor-heading-title elementor-size-default\">Pol\u00edtica de privacidade<\/h1>\t\t\t\t<\/div>\n\t\t\t\t<\/div>\n\t\t\t\t<div class=\"elementor-element elementor-element-49af1110 elementor-widget elementor-widget-text-editor\" data-id=\"49af1110\" data-element_type=\"widget\" data-e-type=\"widget\" data-widget_type=\"text-editor.default\">\n\t\t\t\t<div class=\"elementor-widget-container\">\n\t\t\t\t\t\t\t\t\t<h2><strong>Quem somos<\/strong><\/h2>\n<p>O nosso s\u00edtio Web, <a href=\"https:\/\/www.babyloniababycarriers.eu\/pt-pt\/\">https:\/\/www.babyloniababycarriers.eu<\/a> (doravante: &#8220;o s\u00edtio Web&#8221;) utiliza cookies e outras tecnologias relacionadas (por conveni\u00eancia, todas as tecnologias s\u00e3o referidas como &#8220;cookies&#8221;). Os cookies s\u00e3o tamb\u00e9m colocados por terceiros que contrat\u00e1mos. No documento abaixo, informamos-te sobre a utiliza\u00e7\u00e3o de cookies no nosso s\u00edtio Web.  <\/p>\n<h2><strong>O que s\u00e3o bolachas?<\/strong><\/h2>\n<p>Um cookie \u00e9 um pequeno ficheiro simples que \u00e9 enviado juntamente com as p\u00e1ginas deste s\u00edtio Web e armazenado pelo teu navegador no disco r\u00edgido do teu computador ou noutro dispositivo. As informa\u00e7\u00f5es a\u00ed armazenadas podem ser devolvidas aos nossos servidores ou aos servidores de terceiros relevantes durante uma visita posterior. <\/p>\n<h2><strong>O que s\u00e3o gui\u00f5es?<\/strong><\/h2>\n<p>Um script \u00e9 um peda\u00e7o de c\u00f3digo de programa que \u00e9 utilizado para fazer com que o nosso site funcione corretamente e de forma interactiva. Este c\u00f3digo \u00e9 executado no nosso servidor ou no teu dispositivo. <\/p>\n<h2><strong>O que \u00e9 um web beacon?<\/strong><\/h2>\n<p>Um web beacon (ou pixel tag) \u00e9 um pequeno fragmento invis\u00edvel de texto ou imagem num s\u00edtio Web que \u00e9 utilizado para monitorizar o tr\u00e1fego num s\u00edtio Web. Para tal, s\u00e3o armazenados v\u00e1rios dados sobre ti atrav\u00e9s de web beacons. <\/p>\n<h2><strong>Cookies<\/strong><\/h2>\n<h6><strong>Cookies t\u00e9cnicos ou funcionais<\/strong><\/h6>\n<p>Alguns cookies garantem que certas partes do s\u00edtio Web funcionam corretamente e que as tuas prefer\u00eancias de utilizador permanecem conhecidas. Ao colocar cookies funcionais, facilitamos a tua visita ao nosso s\u00edtio Web. Desta forma, n\u00e3o precisas de introduzir repetidamente as mesmas informa\u00e7\u00f5es quando visitas o nosso s\u00edtio Web e, por exemplo, os artigos permanecem no teu carrinho de compras at\u00e9 teres efectuado o pagamento. Podemos colocar estes cookies sem o teu consentimento.   <\/p>\n<h6><strong>Cookies de estat\u00edsticas<\/strong><\/h6>\n<p>Utilizamos cookies de estat\u00edsticas para otimizar a experi\u00eancia dos nossos utilizadores no s\u00edtio Web. Com estes cookies estat\u00edsticos obtemos informa\u00e7\u00f5es sobre a utiliza\u00e7\u00e3o do nosso s\u00edtio Web. Pedimos a tua autoriza\u00e7\u00e3o para colocar cookies de estat\u00edsticas.  <\/p>\n<h6><strong>Cookies de publicidade<\/strong><\/h6>\n<p>Neste s\u00edtio Web, utilizamos cookies de publicidade, o que nos permite personalizar os an\u00fancios para ti e n\u00f3s (e terceiros) obtemos informa\u00e7\u00f5es sobre os resultados da campanha. Isto acontece com base num perfil que criamos com base nos teus cliques e na tua navega\u00e7\u00e3o dentro e fora de https:\/\/www.babyloniababycarriers.eu. Com estes cookies, tu, enquanto visitante do s\u00edtio Web, est\u00e1s ligado a um ID \u00fanico, para que n\u00e3o vejas o mesmo an\u00fancio mais do que uma vez, por exemplo. <\/p>\n<h6><strong>Cookies de marketing\/rastreamento<\/strong><\/h6>\n<p>Os cookies de marketing\/rastreamento s\u00e3o cookies ou qualquer outra forma de armazenamento local, utilizados para criar perfis de utilizador para apresentar publicidade ou para rastrear o utilizador neste s\u00edtio Web ou em v\u00e1rios s\u00edtios Web para fins de marketing semelhantes.<\/p>\n<p>Uma vez que estes cookies est\u00e3o marcados como cookies de rastreio, pedimos a tua autoriza\u00e7\u00e3o para os colocar.<\/p>\n<h2><strong>Redes sociais<\/strong><\/h2>\n<p>No nosso s\u00edtio Web, inclu\u00edmos conte\u00fados do Facebook, Twitter, LinkedIn, WhatsApp, Instagram, TikTok e Pinterest para promover p\u00e1ginas Web (por exemplo, &#8220;gostar&#8221;, &#8220;fixar&#8221;) ou partilhar (por exemplo, &#8220;tweetar&#8221;) em redes sociais como o Facebook, Twitter, LinkedIn, WhatsApp, Instagram, TikTok e Pinterest. Este conte\u00fado \u00e9 incorporado com c\u00f3digo derivado do Facebook, Twitter, LinkedIn, WhatsApp, Instagram, TikTok e Pinterest e coloca cookies. Este conte\u00fado pode armazenar e processar determinadas informa\u00e7\u00f5es para publicidade personalizada.  <\/p>\n<p>L\u00ea a declara\u00e7\u00e3o de privacidade destas redes sociais (que pode mudar regularmente) para saberes o que fazem com os teus dados (pessoais) que processam utilizando estes cookies. Os dados recuperados s\u00e3o anonimizados tanto quanto poss\u00edvel. O Facebook, o Twitter, o LinkedIn, o WhatsApp, o Instagram, o TikTok e o Pinterest est\u00e3o localizados nos Estados Unidos.  <\/p>\n<h2><strong>Consentimento<\/strong><\/h2>\n<p>Quando visitares o nosso s\u00edtio Web pela primeira vez, mostrar-te-emos um pop-up com uma explica\u00e7\u00e3o sobre os cookies. Assim que clicares em &#8220;Guardar prefer\u00eancias&#8221;, est\u00e1s a consentir que utilizemos as categorias de cookies e plug-ins que seleccionaste no pop-up, tal como descrito na presente Pol\u00edtica de Cookies. Podes desativar a utiliza\u00e7\u00e3o de cookies atrav\u00e9s do teu browser, mas tem em aten\u00e7\u00e3o que o nosso s\u00edtio Web pode deixar de funcionar corretamente.  <\/p>\n<h2><strong>Ativar\/desativar e apagar cookies<\/strong><\/h2>\n<p>Podes utilizar o teu programa de navega\u00e7\u00e3o na Internet para apagar autom\u00e1tica ou manualmente os cookies. Tamb\u00e9m podes especificar que determinados cookies n\u00e3o podem ser colocados. Outra op\u00e7\u00e3o \u00e9 alterar as defini\u00e7\u00f5es do teu navegador de Internet para que recebas uma mensagem sempre que um cookie \u00e9 colocado. Para mais informa\u00e7\u00f5es sobre estas op\u00e7\u00f5es, consulta as instru\u00e7\u00f5es na sec\u00e7\u00e3o de Ajuda do teu browser.   <\/p>\n<p>Tem em aten\u00e7\u00e3o que o nosso s\u00edtio Web pode n\u00e3o funcionar corretamente se todos os cookies estiverem desactivados. Se apagares os cookies do teu browser, eles ser\u00e3o novamente colocados ap\u00f3s o teu consentimento quando voltares a visitar o nosso s\u00edtio Web. <\/p>\n<h2><strong>Os teus direitos em rela\u00e7\u00e3o aos dados pessoais<\/strong><\/h2>\n<p>Tens os seguintes direitos em rela\u00e7\u00e3o aos teus dados pessoais:<\/p>\n<ul>\n<li>Tens o direito de saber por que raz\u00e3o os teus dados pessoais s\u00e3o necess\u00e1rios, o que lhes vai acontecer e durante quanto tempo ser\u00e3o conservados.<\/li>\n<li>Direito de acesso: Tens o direito de aceder aos teus dados pessoais que s\u00e3o do nosso conhecimento.<\/li>\n<li>Direito de retifica\u00e7\u00e3o: tens o direito de completar, corrigir, mandar apagar ou bloquear os teus dados pessoais sempre que o desejares.<\/li>\n<li>Se nos deres o teu consentimento para o tratamento dos teus dados, tens o direito de revogar esse consentimento e de solicitar a elimina\u00e7\u00e3o dos teus dados pessoais.<\/li>\n<li>Direito de transferir os teus dados: tens o direito de solicitar todos os teus dados pessoais ao respons\u00e1vel pelo tratamento e de os transferir na sua totalidade para outro respons\u00e1vel pelo tratamento.<\/li>\n<li>Direito de oposi\u00e7\u00e3o: podes opor-te ao tratamento dos teus dados. Cumprimos este direito, a menos que existam motivos justificados para o tratamento. <\/li>\n<\/ul>\n<p>Para exercer estes direitos, contacta-nos. Consulta os dados de contacto na parte inferior da presente Pol\u00edtica de Cookies. Se tiveres uma reclama\u00e7\u00e3o sobre a forma como tratamos os teus dados, gostar\u00edamos de te ouvir, mas tamb\u00e9m tens o direito de apresentar uma reclama\u00e7\u00e3o \u00e0 autoridade de supervis\u00e3o (a Autoridade de Prote\u00e7\u00e3o de Dados).  <\/p>\n<h2><strong>Contactos<\/strong><\/h2>\n<p>Para quest\u00f5es e\/ou coment\u00e1rios sobre a nossa Pol\u00edtica de Cookies e esta declara\u00e7\u00e3o, contacta-nos utilizando os seguintes dados de contacto:<\/p>\n<p><br><br><br><br><br>Porta-beb\u00e9s <strong>Babylonia<\/strong> Brambroek 23B 9500 Geraardsbergen B\u00e9lgica Website: https:\/\/www.babyloniababycarriers.eu\/ Email: bureau@chamo.be<\/p>\t\t\t\t\t\t\t\t<\/div>\n\t\t\t\t<\/div>\n\t\t\t\t\t<\/div>\n\t\t\t\t<\/div>\n\t\t\t\t<\/div>\n\t\t","protected":false},"excerpt":{"rendered":"<p>Pol\u00edtica de privacidade Quem somos O nosso s\u00edtio Web, https:\/\/www.babyloniababycarriers.eu (doravante: &#8220;o s\u00edtio Web&#8221;) utiliza cookies e outras tecnologias relacionadas (por conveni\u00eancia, todas as tecnologias s\u00e3o referidas como &#8220;cookies&#8221;). Os cookies s\u00e3o tamb\u00e9m colocados por terceiros que contrat\u00e1mos. No documento abaixo, informamos-te sobre a utiliza\u00e7\u00e3o de cookies no nosso s\u00edtio Web. O que s\u00e3o bolachas? [&hellip;]<\/p>\n","protected":false},"author":1,"featured_media":0,"parent":0,"menu_order":0,"comment_status":"closed","ping_status":"closed","template":"","meta":{"footnotes":""},"class_list":["post-8268","page","type-page","status-publish","hentry"],"jetpack_sharing_enabled":true,"_links":{"self":[{"href":"https:\/\/www.babyloniababycarriers.eu\/pt-pt\/wp-json\/wp\/v2\/pages\/8268","targetHints":{"allow":["GET"]}}],"collection":[{"href":"https:\/\/www.babyloniababycarriers.eu\/pt-pt\/wp-json\/wp\/v2\/pages"}],"about":[{"href":"https:\/\/www.babyloniababycarriers.eu\/pt-pt\/wp-json\/wp\/v2\/types\/page"}],"author":[{"embeddable":true,"href":"https:\/\/www.babyloniababycarriers.eu\/pt-pt\/wp-json\/wp\/v2\/users\/1"}],"replies":[{"embeddable":true,"href":"https:\/\/www.babyloniababycarriers.eu\/pt-pt\/wp-json\/wp\/v2\/comments?post=8268"}],"version-history":[{"count":2,"href":"https:\/\/www.babyloniababycarriers.eu\/pt-pt\/wp-json\/wp\/v2\/pages\/8268\/revisions"}],"predecessor-version":[{"id":9312,"href":"https:\/\/www.babyloniababycarriers.eu\/pt-pt\/wp-json\/wp\/v2\/pages\/8268\/revisions\/9312"}],"wp:attachment":[{"href":"https:\/\/www.babyloniababycarriers.eu\/pt-pt\/wp-json\/wp\/v2\/media?parent=8268"}],"curies":[{"name":"wp","href":"https:\/\/api.w.org\/{rel}","templated":true}]}}