{"id":8623,"date":"2024-02-12T20:15:01","date_gmt":"2024-02-12T20:15:01","guid":{"rendered":"https:\/\/www.babyloniababycarriers.eu\/product\/bola-gwiazda-ksiezyc-jeden-rozmiar\/"},"modified":"2024-02-12T20:15:01","modified_gmt":"2024-02-12T19:15:01","slug":"bola-gwiazda-ksiezyc-jeden-rozmiar","status":"publish","type":"product","link":"https:\/\/www.babyloniababycarriers.eu\/pl\/product\/bola-gwiazda-ksiezyc-jeden-rozmiar\/","title":{"rendered":"Bola &#8211; Gwiazda\/ksi\u0119\u017cyc &#8211; Jeden rozmiar"},"content":{"rendered":"<p>Od 20 tygodnia ci\u0105\u017cy dziecko rozpoznaje Tw\u00f3j g\u0142os, bicie serca i wiele innych d\u017awi\u0119k\u00f3w, w tym koj\u0105ce, takie jak bola ci\u0105\u017cowa Babilonia. Bola ci\u0105\u017cowa to r\u0119cznie wykonana meksyka\u0144ska bi\u017cuteria zawieraj\u0105ca ma\u0142y ksylofon. Bola jest noszona na brzuchu za pomoc\u0105 d\u0142ugiego \u0142a\u0144cuszka. Przy ka\u017cdym ruchu Bola b\u0119dzie emitowa\u0107 koj\u0105cy d\u017awi\u0119k, delikatne brz\u0119czenie, kt\u00f3re dziecko pozna zar\u00f3wno przed, jak i po porodzie. Po narodzinach przyszyj Bola do pluszowej zabawki dziecka, aby przypomina\u0142a mu o s\u0142odkich d\u017awi\u0119kach, kt\u00f3re s\u0142ysza\u0142 w Twoim brzuchu. Po\u0142\u0105cz t\u0119 pi\u0119kn\u0105 bi\u017cuteri\u0119 z naszyjnikiem Bola w kolorze r\u00f3\u017cowego z\u0142ota, z\u0142ota lub srebra, a przyci\u0105gniesz wzrok nawet swojego dziecka! Nasze Bola s\u0105 z\u0142ote, poz\u0142acane r\u00f3\u017cowym z\u0142otem lub posrebrzane. Kolorowe modele s\u0105 pokryte kolorow\u0105 \u017cywic\u0105. Wszystkie s\u0105 wolne od niklu i o\u0142owiu, a zatem nie s\u0105 szkodliwe dla matki ani dziecka. Sprzedawane s\u0105 z link\u0105 ze 100% czarnej bawe\u0142ny o d\u0142ugo\u015bci 120 cm.         <\/p>\n","protected":false},"excerpt":{"rendered":"<p>No\u015b Bola na brzuchu za pomoc\u0105 d\u0142ugiego \u0142a\u0144cuszka. Przy ka\u017cdym ruchu Bola emituje koj\u0105cy d\u017awi\u0119k, delikatne brz\u0119czenie, kt\u00f3re dziecko zna. <\/p>\n","protected":false},"featured_media":1220,"comment_status":"open","ping_status":"closed","template":"","meta":[],"product_brand":[],"product_cat":[91],"product_tag":[],"class_list":{"0":"post-8623","1":"product","2":"type-product","3":"status-publish","4":"has-post-thumbnail","6":"product_cat-baby-bola-pl","8":"first","9":"outofstock","10":"taxable","11":"shipping-taxable","12":"purchasable","13":"product-type-simple"},"jetpack_sharing_enabled":true,"_links":{"self":[{"href":"https:\/\/www.babyloniababycarriers.eu\/pl\/wp-json\/wp\/v2\/product\/8623","targetHints":{"allow":["GET"]}}],"collection":[{"href":"https:\/\/www.babyloniababycarriers.eu\/pl\/wp-json\/wp\/v2\/product"}],"about":[{"href":"https:\/\/www.babyloniababycarriers.eu\/pl\/wp-json\/wp\/v2\/types\/product"}],"replies":[{"embeddable":true,"href":"https:\/\/www.babyloniababycarriers.eu\/pl\/wp-json\/wp\/v2\/comments?post=8623"}],"version-history":[{"count":0,"href":"https:\/\/www.babyloniababycarriers.eu\/pl\/wp-json\/wp\/v2\/product\/8623\/revisions"}],"wp:featuredmedia":[{"embeddable":true,"href":"https:\/\/www.babyloniababycarriers.eu\/pl\/wp-json\/wp\/v2\/media\/1220"}],"wp:attachment":[{"href":"https:\/\/www.babyloniababycarriers.eu\/pl\/wp-json\/wp\/v2\/media?parent=8623"}],"wp:term":[{"taxonomy":"product_brand","embeddable":true,"href":"https:\/\/www.babyloniababycarriers.eu\/pl\/wp-json\/wp\/v2\/product_brand?post=8623"},{"taxonomy":"product_cat","embeddable":true,"href":"https:\/\/www.babyloniababycarriers.eu\/pl\/wp-json\/wp\/v2\/product_cat?post=8623"},{"taxonomy":"product_tag","embeddable":true,"href":"https:\/\/www.babyloniababycarriers.eu\/pl\/wp-json\/wp\/v2\/product_tag?post=8623"}],"curies":[{"name":"wp","href":"https:\/\/api.w.org\/{rel}","templated":true}]}}