{"id":8600,"date":"2024-02-12T20:15:00","date_gmt":"2024-02-12T20:15:00","guid":{"rendered":"https:\/\/www.babyloniababycarriers.eu\/product\/bola-zestaw-naszyjnik-i-bransoletka-bola-kamienne-koraliki-pozlacany-charms-mama-dziecko-jeden-rozmiar\/"},"modified":"2024-02-12T20:15:00","modified_gmt":"2024-02-12T19:15:00","slug":"bola-zestaw-naszyjnik-i-bransoletka-bola-kamienne-koraliki-pozlacany-charms-mama-dziecko-jeden-rozmiar","status":"publish","type":"product","link":"https:\/\/www.babyloniababycarriers.eu\/pl\/product\/bola-zestaw-naszyjnik-i-bransoletka-bola-kamienne-koraliki-pozlacany-charms-mama-dziecko-jeden-rozmiar\/","title":{"rendered":"Bola &#8211; Zestaw naszyjnik i bransoletka Bola &#8211; Kamienne koraliki, poz\u0142acany charms mama\/dziecko &#8211; Jeden rozmiar"},"content":{"rendered":"<p>Od 20 tygodnia ci\u0105\u017cy dziecko b\u0119dzie rozpoznawa\u0107 Tw\u00f3j g\u0142os, bicie serca i inne d\u017awi\u0119ki. R\u00f3wnie\u017c delikatny d\u017awi\u0119k dzwonka ci\u0105\u017cowego Babilonia: r\u0119cznie robiona bi\u017cuteria z Meksyku z ksylofonem. No\u015b Bola nisko na ci\u0105\u017cowym brzuchu, na d\u0142ugim naszyjniku. Przy ka\u017cdym ruchu bola wydaje koj\u0105cy d\u017awi\u0119k. Delikatne brz\u0119czenie, kt\u00f3re brzmi znajomo dla Twojego dziecka &#8211; przed i po porodzie. Nasze zestawy s\u0105 idealne jako prezenty ci\u0105\u017cowe. Dzi\u0119ki bransoletce podaruj mamie trwa\u0142e, wspania\u0142e wspomnienie tego magicznego okresu nawet po ci\u0105\u017cy.    <\/p>\n","protected":false},"excerpt":{"rendered":"<p>Naszyjnik Bola i pasuj\u0105ca do niego bransoletka, zapakowane w czarne pude\u0142ko prezentowe. Bransoletka umo\u017cliwia noszenie trwa\u0142ego akcesorium przypominaj\u0105cego o tym magicznym okresie nawet po ci\u0105\u017cy. <\/p>\n","protected":false},"featured_media":2199,"comment_status":"open","ping_status":"closed","template":"","meta":[],"product_brand":[],"product_cat":[91],"product_tag":[],"class_list":{"0":"post-8600","1":"product","2":"type-product","3":"status-publish","4":"has-post-thumbnail","6":"product_cat-baby-bola-pl","8":"first","9":"instock","10":"taxable","11":"shipping-taxable","12":"purchasable","13":"product-type-simple"},"jetpack_sharing_enabled":true,"_links":{"self":[{"href":"https:\/\/www.babyloniababycarriers.eu\/pl\/wp-json\/wp\/v2\/product\/8600","targetHints":{"allow":["GET"]}}],"collection":[{"href":"https:\/\/www.babyloniababycarriers.eu\/pl\/wp-json\/wp\/v2\/product"}],"about":[{"href":"https:\/\/www.babyloniababycarriers.eu\/pl\/wp-json\/wp\/v2\/types\/product"}],"replies":[{"embeddable":true,"href":"https:\/\/www.babyloniababycarriers.eu\/pl\/wp-json\/wp\/v2\/comments?post=8600"}],"version-history":[{"count":0,"href":"https:\/\/www.babyloniababycarriers.eu\/pl\/wp-json\/wp\/v2\/product\/8600\/revisions"}],"wp:featuredmedia":[{"embeddable":true,"href":"https:\/\/www.babyloniababycarriers.eu\/pl\/wp-json\/wp\/v2\/media\/2199"}],"wp:attachment":[{"href":"https:\/\/www.babyloniababycarriers.eu\/pl\/wp-json\/wp\/v2\/media?parent=8600"}],"wp:term":[{"taxonomy":"product_brand","embeddable":true,"href":"https:\/\/www.babyloniababycarriers.eu\/pl\/wp-json\/wp\/v2\/product_brand?post=8600"},{"taxonomy":"product_cat","embeddable":true,"href":"https:\/\/www.babyloniababycarriers.eu\/pl\/wp-json\/wp\/v2\/product_cat?post=8600"},{"taxonomy":"product_tag","embeddable":true,"href":"https:\/\/www.babyloniababycarriers.eu\/pl\/wp-json\/wp\/v2\/product_tag?post=8600"}],"curies":[{"name":"wp","href":"https:\/\/api.w.org\/{rel}","templated":true}]}}