{"id":7698,"date":"2024-02-15T19:11:31","date_gmt":"2024-02-15T19:11:31","guid":{"rendered":"https:\/\/www.babyloniababycarriers.eu\/product\/bb-slen-tapenade-420-cm\/"},"modified":"2024-02-15T19:11:31","modified_gmt":"2024-02-15T18:11:31","slug":"bb-slen-tapenade-420-cm","status":"publish","type":"product","link":"https:\/\/www.babyloniababycarriers.eu\/pl\/product\/bb-slen-tapenade-420-cm\/","title":{"rendered":"BB-slen &#8211; Tapenade &#8211; 420 cm"},"content":{"rendered":"<p>Zapewnia najlepsze wsparcie i umo\u017cliwia noszenie dziecka w wielu pozycjach do 20 kg. Idealny, je\u015bli chcesz nosi\u0107 dziecko d\u0142ugo i cz\u0119sto. <\/p>\n","protected":false},"excerpt":{"rendered":"<p>Zapewnia najlepsze wsparcie i umo\u017cliwia noszenie dziecka w wielu pozycjach do 20 kg. Idealny, je\u015bli chcesz nosi\u0107 dziecko d\u0142ugo i cz\u0119sto. <\/p>\n","protected":false},"featured_media":1096,"domment_status":"open","ping_status":"closed","template":"","meta":[],"product_brand":[],"product_cat":[118],"product_tag":[],"class_list":{"0":"post-7698","1":"product","2":"type-product","3":"status-publish","4":"has-post-thumbnail","6":"product_cat-venda","8":"first","9":"instock","10":"sale","11":"taxable","12":"shipping-taxable","13":"purchasable","14":"product-type-simple"},"jetpack_sharing_enabled":true,"_links":{"self":[{"href":"https:\/\/www.babyloniababycarriers.eu\/pl\/wp-json\/wp\/v2\/product\/7698","targetHints":{"allow":["GET"]}}],"collection":[{"href":"https:\/\/www.babyloniababycarriers.eu\/pl\/wp-json\/wp\/v2\/product"}],"about":[{"href":"https:\/\/www.babyloniababycarriers.eu\/pl\/wp-json\/wp\/v2\/types\/product"}],"replies":[{"embeddable":true,"href":"https:\/\/www.babyloniababycarriers.eu\/pl\/wp-json\/wp\/v2\/comments?post=7698"}],"version-history":[{"count":0,"href":"https:\/\/www.babyloniababycarriers.eu\/pl\/wp-json\/wp\/v2\/product\/7698\/revisions"}],"wp:featuredmedia":[{"embeddable":true,"href":"https:\/\/www.babyloniababycarriers.eu\/pl\/wp-json\/wp\/v2\/media\/1096"}],"wp:attachment":[{"href":"https:\/\/www.babyloniababycarriers.eu\/pl\/wp-json\/wp\/v2\/media?parent=7698"}],"wp:term":[{"taxonomy":"product_brand","embeddable":true,"href":"https:\/\/www.babyloniababycarriers.eu\/pl\/wp-json\/wp\/v2\/product_brand?post=7698"},{"taxonomy":"product_cat","embeddable":true,"href":"https:\/\/www.babyloniababycarriers.eu\/pl\/wp-json\/wp\/v2\/product_cat?post=7698"},{"taxonomy":"product_tag","embeddable":true,"href":"https:\/\/www.babyloniababycarriers.eu\/pl\/wp-json\/wp\/v2\/product_tag?post=7698"}],"curies":[{"name":"wp","href":"https:\/\/api.w.org\/{rel}","templated":true}]}}