{"id":7663,"date":"2024-02-15T19:00:40","date_gmt":"2024-02-15T19:00:40","guid":{"rendered":"https:\/\/www.babyloniababycarriers.eu\/product\/tricot-click-almond-melange-jeden-rozmiar\/"},"modified":"2024-02-15T19:00:40","modified_gmt":"2024-02-15T18:00:40","slug":"tricot-click-almond-melange-jeden-rozmiar","status":"publish","type":"product","link":"https:\/\/www.babyloniababycarriers.eu\/pl\/product\/tricot-click-almond-melange-jeden-rozmiar\/","title":{"rendered":"Tricot-Click &#8211; Almond Melange &#8211; Jeden rozmiar"},"content":{"rendered":"<p>Tricot-Click to idealne po\u0142\u0105czenie wygody chusty elastycznej i \u0142atwo\u015bci u\u017cytkowania noside\u0142ka ergonomicznego. Ergonomiczne noside\u0142ko dla dzieci od urodzenia do 15 kg. Rozci\u0105gliwy, elastyczny i mi\u0119kki materia\u0142, z kt\u00f3rego wykonane jest noside\u0142ko, idealnie dopasowuje si\u0119 do morfologii dziecka. 2 pozycje: na brzuszku i na plecach. Optymalne roz\u0142o\u017cenie ci\u0119\u017caru dla wi\u0119kszego komfortu. \u0141atwe zak\u0142adanie i regulacja. Regulowana szeroko\u015b\u0107 i wysoko\u015b\u0107, aby rozwija\u0107 si\u0119 wraz z dzieckiem.      <\/p>\n","protected":false},"excerpt":{"rendered":"<p>Tricot-Click to idealne po\u0142\u0105czenie wygody chusty elastycznej i \u0142atwo\u015bci u\u017cytkowania noside\u0142ka ergonomicznego. Ergonomiczne noside\u0142ko dla dzieci od urodzenia do 15 kg. Rozci\u0105gliwy, elastyczny i mi\u0119kki materia\u0142, z kt\u00f3rego wykonane jest noside\u0142ko, idealnie dopasowuje si\u0119 do morfologii dziecka. 2 pozycje: na brzuszku i na plecach. Optymalne roz\u0142o\u017cenie ci\u0119\u017caru dla wi\u0119kszego komfortu. \u0141atwe zak\u0142adanie i regulacja. Regulowana szeroko\u015b\u0107 i wysoko\u015b\u0107, aby rozwija\u0107 si\u0119 wraz z dzieckiem.      <\/p>\n","protected":false},"featured_media":1103,"comment_status":"open","ping_status":"closed","template":"","meta":[],"product_brand":[],"product_cat":[109],"product_tag":[],"class_list":{"0":"post-7663","1":"product","2":"type-product","3":"status-publish","4":"has-post-thumbnail","6":"product_cat-ergonomische-draagzakken-pl","8":"first","9":"instock","10":"taxable","11":"shipping-taxable","12":"purchasable","13":"product-type-simple"},"jetpack_sharing_enabled":true,"_links":{"self":[{"href":"https:\/\/www.babyloniababycarriers.eu\/pl\/wp-json\/wp\/v2\/product\/7663","targetHints":{"allow":["GET"]}}],"collection":[{"href":"https:\/\/www.babyloniababycarriers.eu\/pl\/wp-json\/wp\/v2\/product"}],"about":[{"href":"https:\/\/www.babyloniababycarriers.eu\/pl\/wp-json\/wp\/v2\/types\/product"}],"replies":[{"embeddable":true,"href":"https:\/\/www.babyloniababycarriers.eu\/pl\/wp-json\/wp\/v2\/comments?post=7663"}],"version-history":[{"count":0,"href":"https:\/\/www.babyloniababycarriers.eu\/pl\/wp-json\/wp\/v2\/product\/7663\/revisions"}],"wp:featuredmedia":[{"embeddable":true,"href":"https:\/\/www.babyloniababycarriers.eu\/pl\/wp-json\/wp\/v2\/media\/1103"}],"wp:attachment":[{"href":"https:\/\/www.babyloniababycarriers.eu\/pl\/wp-json\/wp\/v2\/media?parent=7663"}],"wp:term":[{"taxonomy":"product_brand","embeddable":true,"href":"https:\/\/www.babyloniababycarriers.eu\/pl\/wp-json\/wp\/v2\/product_brand?post=7663"},{"taxonomy":"product_cat","embeddable":true,"href":"https:\/\/www.babyloniababycarriers.eu\/pl\/wp-json\/wp\/v2\/product_cat?post=7663"},{"taxonomy":"product_tag","embeddable":true,"href":"https:\/\/www.babyloniababycarriers.eu\/pl\/wp-json\/wp\/v2\/product_tag?post=7663"}],"curies":[{"name":"wp","href":"https:\/\/api.w.org\/{rel}","templated":true}]}}