{"id":7604,"date":"2024-02-15T19:11:41","date_gmt":"2024-02-15T19:11:41","guid":{"rendered":"https:\/\/www.babyloniababycarriers.eu\/product\/chusta-bb-campanula-niebieska-wyscielana\/"},"modified":"2024-02-15T19:11:41","modified_gmt":"2024-02-15T18:11:41","slug":"chusta-bb-campanula-niebieska-wyscielana","status":"publish","type":"product","link":"https:\/\/www.babyloniababycarriers.eu\/pl\/product\/chusta-bb-campanula-niebieska-wyscielana\/","title":{"rendered":"Chusta BB &#8211; Campanula niebieska &#8211; wy\u015bcie\u0142ana"},"content":{"rendered":"<p>Chusta tkana bezw\u0119z\u0142owa z k\u00f3\u0142kami. Idealna do noszenia na biodrze lub brzuszku od urodzenia do 15 kg. Najlepsza opcja do karmienia piersi\u0105 w ka\u017cdej sytuacji. Bardzo \u0142atwe i szybkie zak\u0142adanie.   <\/p>\n","protected":false},"excerpt":{"rendered":"<p>Chusta tkana bezw\u0119z\u0142owa z k\u00f3\u0142kami. Idealna do noszenia na biodrze lub brzuszku od urodzenia do 15 kg. Najlepsza opcja do karmienia piersi\u0105 w ka\u017cdej sytuacji. Bardzo \u0142atwe i szybkie zak\u0142adanie.   <\/p>\n","protected":false},"featured_media":1131,"comment_status":"open","ping_status":"closed","template":"","meta":[],"product_brand":[],"product_cat":[127,136],"product_tag":[],"class_list":{"0":"post-7604","1":"product","2":"type-product","3":"status-publish","4":"has-post-thumbnail","6":"product_cat-zawiesia-tkane","7":"product_cat-zawiesie-pierscieniowe","9":"first","10":"instock","11":"taxable","12":"shipping-taxable","13":"purchasable","14":"product-type-simple"},"jetpack_sharing_enabled":true,"_links":{"self":[{"href":"https:\/\/www.babyloniababycarriers.eu\/pl\/wp-json\/wp\/v2\/product\/7604","targetHints":{"allow":["GET"]}}],"collection":[{"href":"https:\/\/www.babyloniababycarriers.eu\/pl\/wp-json\/wp\/v2\/product"}],"about":[{"href":"https:\/\/www.babyloniababycarriers.eu\/pl\/wp-json\/wp\/v2\/types\/product"}],"replies":[{"embeddable":true,"href":"https:\/\/www.babyloniababycarriers.eu\/pl\/wp-json\/wp\/v2\/comments?post=7604"}],"version-history":[{"count":0,"href":"https:\/\/www.babyloniababycarriers.eu\/pl\/wp-json\/wp\/v2\/product\/7604\/revisions"}],"wp:featuredmedia":[{"embeddable":true,"href":"https:\/\/www.babyloniababycarriers.eu\/pl\/wp-json\/wp\/v2\/media\/1131"}],"wp:attachment":[{"href":"https:\/\/www.babyloniababycarriers.eu\/pl\/wp-json\/wp\/v2\/media?parent=7604"}],"wp:term":[{"taxonomy":"product_brand","embeddable":true,"href":"https:\/\/www.babyloniababycarriers.eu\/pl\/wp-json\/wp\/v2\/product_brand?post=7604"},{"taxonomy":"product_cat","embeddable":true,"href":"https:\/\/www.babyloniababycarriers.eu\/pl\/wp-json\/wp\/v2\/product_cat?post=7604"},{"taxonomy":"product_tag","embeddable":true,"href":"https:\/\/www.babyloniababycarriers.eu\/pl\/wp-json\/wp\/v2\/product_tag?post=7604"}],"curies":[{"name":"wp","href":"https:\/\/api.w.org\/{rel}","templated":true}]}}