{"id":7545,"date":"2024-02-15T19:11:38","date_gmt":"2024-02-15T19:11:38","guid":{"rendered":"https:\/\/www.babyloniababycarriers.eu\/product\/hamak-dzieciecy-turbulence-grey-jeden-rozmiar\/"},"modified":"2024-02-15T19:11:38","modified_gmt":"2024-02-15T18:11:38","slug":"hamak-dzieciecy-turbulence-grey-jeden-rozmiar","status":"publish","type":"product","link":"https:\/\/www.babyloniababycarriers.eu\/pl\/product\/hamak-dzieciecy-turbulence-grey-jeden-rozmiar\/","title":{"rendered":"Hamak dzieci\u0119cy &#8211; Turbulence Grey &#8211; Jeden rozmiar"},"content":{"rendered":"<p>Hamak umo\u017cliwia naturalne ko\u0142ysanie dziecka i tworzy bezpieczne miejsce dla noworodka! Dziecko le\u017cy w naturalnej pozycji p\u0142odowej, a hamak r\u00f3wnomiernie podpiera plecy, zachowuj\u0105c przy tym swobod\u0119 ruch\u00f3w. Solidne p\u0119tle u\u0142atwiaj\u0105 zawieszenie hamaka w kojcu\/parku dzieci\u0119cym. Szczeg\u00f3lnie odpowiedni dla dzieci w wieku od 0 do 4 miesi\u0119cy. Powierzchnia do le\u017cenia: 90 cm x 80 cm. <\/p>\n","protected":false},"excerpt":{"rendered":"<p>Hamak umo\u017cliwia naturalne ko\u0142ysanie dziecka i tworzy bezpieczne miejsce dla noworodka! Dziecko le\u017cy w naturalnej pozycji p\u0142odowej, a hamak r\u00f3wnomiernie podpiera plecy, zachowuj\u0105c przy tym swobod\u0119 ruch\u00f3w. Solidne p\u0119tle u\u0142atwiaj\u0105 zawieszenie hamaka w kojcu\/parku dzieci\u0119cym. Szczeg\u00f3lnie odpowiedni dla dzieci w wieku od 0 do 4 miesi\u0119cy. Powierzchnia do le\u017cenia: 90 cm x 80 cm. <\/p>\n","protected":false},"featured_media":2169,"comment_status":"open","ping_status":"closed","template":"","meta":[],"product_brand":[],"product_cat":[142],"product_tag":[],"class_list":{"0":"post-7545","1":"product","2":"type-product","3":"status-publish","4":"has-post-thumbnail","6":"product_cat-hamaki-dla-dzieci","8":"first","9":"instock","10":"taxable","11":"shipping-taxable","12":"purchasable","13":"product-type-simple"},"jetpack_sharing_enabled":true,"_links":{"self":[{"href":"https:\/\/www.babyloniababycarriers.eu\/pl\/wp-json\/wp\/v2\/product\/7545","targetHints":{"allow":["GET"]}}],"collection":[{"href":"https:\/\/www.babyloniababycarriers.eu\/pl\/wp-json\/wp\/v2\/product"}],"about":[{"href":"https:\/\/www.babyloniababycarriers.eu\/pl\/wp-json\/wp\/v2\/types\/product"}],"replies":[{"embeddable":true,"href":"https:\/\/www.babyloniababycarriers.eu\/pl\/wp-json\/wp\/v2\/comments?post=7545"}],"version-history":[{"count":0,"href":"https:\/\/www.babyloniababycarriers.eu\/pl\/wp-json\/wp\/v2\/product\/7545\/revisions"}],"wp:featuredmedia":[{"embeddable":true,"href":"https:\/\/www.babyloniababycarriers.eu\/pl\/wp-json\/wp\/v2\/media\/2169"}],"wp:attachment":[{"href":"https:\/\/www.babyloniababycarriers.eu\/pl\/wp-json\/wp\/v2\/media?parent=7545"}],"wp:term":[{"taxonomy":"product_brand","embeddable":true,"href":"https:\/\/www.babyloniababycarriers.eu\/pl\/wp-json\/wp\/v2\/product_brand?post=7545"},{"taxonomy":"product_cat","embeddable":true,"href":"https:\/\/www.babyloniababycarriers.eu\/pl\/wp-json\/wp\/v2\/product_cat?post=7545"},{"taxonomy":"product_tag","embeddable":true,"href":"https:\/\/www.babyloniababycarriers.eu\/pl\/wp-json\/wp\/v2\/product_tag?post=7545"}],"curies":[{"name":"wp","href":"https:\/\/api.w.org\/{rel}","templated":true}]}}