{"id":7424,"date":"2024-02-15T19:11:41","date_gmt":"2024-02-15T19:11:41","guid":{"rendered":"https:\/\/www.babyloniababycarriers.eu\/product\/bb-sling-black-beans-padded\/"},"modified":"2024-11-19T10:39:19","modified_gmt":"2024-11-19T09:39:19","slug":"bb-sling-black-beans-padded","status":"publish","type":"product","link":"https:\/\/www.babyloniababycarriers.eu\/pl\/product\/bb-sling-black-beans-padded\/","title":{"rendered":"Proca BB &#8211; czarna fasola &#8211; wy\u015bcie\u0142ana"},"content":{"rendered":"<p>Chusta tkana bezw\u0119z\u0142owa z k\u00f3\u0142kami. Idealna do noszenia na biodrze lub brzuszku od urodzenia do 15 kg. Najlepsza opcja do karmienia piersi\u0105 w ka\u017cdej sytuacji. Bardzo \u0142atwe i szybkie zak\u0142adanie.   <\/p>\n","protected":false},"excerpt":{"rendered":"<p>Chusta tkana bezw\u0119z\u0142owa z k\u00f3\u0142kami. Idealna do noszenia na biodrze lub brzuszku od urodzenia do 15 kg. Najlepsza opcja do karmienia piersi\u0105 w ka\u017cdej sytuacji. Bardzo \u0142atwe i szybkie zak\u0142adanie.   <\/p>\n","protected":false},"featured_media":3903,"comment_status":"open","ping_status":"closed","template":"","meta":[],"product_brand":[],"product_cat":[127,136],"product_tag":[],"class_list":{"0":"post-7424","1":"product","2":"type-product","3":"status-publish","4":"has-post-thumbnail","6":"product_cat-zawiesia-tkane","7":"product_cat-zawiesie-pierscieniowe","9":"first","10":"instock","11":"taxable","12":"shipping-taxable","13":"purchasable","14":"product-type-simple"},"jetpack_sharing_enabled":true,"_links":{"self":[{"href":"https:\/\/www.babyloniababycarriers.eu\/pl\/wp-json\/wp\/v2\/product\/7424","targetHints":{"allow":["GET"]}}],"collection":[{"href":"https:\/\/www.babyloniababycarriers.eu\/pl\/wp-json\/wp\/v2\/product"}],"about":[{"href":"https:\/\/www.babyloniababycarriers.eu\/pl\/wp-json\/wp\/v2\/types\/product"}],"replies":[{"embeddable":true,"href":"https:\/\/www.babyloniababycarriers.eu\/pl\/wp-json\/wp\/v2\/comments?post=7424"}],"version-history":[{"count":1,"href":"https:\/\/www.babyloniababycarriers.eu\/pl\/wp-json\/wp\/v2\/product\/7424\/revisions"}],"predecessor-version":[{"id":9221,"href":"https:\/\/www.babyloniababycarriers.eu\/pl\/wp-json\/wp\/v2\/product\/7424\/revisions\/9221"}],"wp:featuredmedia":[{"embeddable":true,"href":"https:\/\/www.babyloniababycarriers.eu\/pl\/wp-json\/wp\/v2\/media\/3903"}],"wp:attachment":[{"href":"https:\/\/www.babyloniababycarriers.eu\/pl\/wp-json\/wp\/v2\/media?parent=7424"}],"wp:term":[{"taxonomy":"product_brand","embeddable":true,"href":"https:\/\/www.babyloniababycarriers.eu\/pl\/wp-json\/wp\/v2\/product_brand?post=7424"},{"taxonomy":"product_cat","embeddable":true,"href":"https:\/\/www.babyloniababycarriers.eu\/pl\/wp-json\/wp\/v2\/product_cat?post=7424"},{"taxonomy":"product_tag","embeddable":true,"href":"https:\/\/www.babyloniababycarriers.eu\/pl\/wp-json\/wp\/v2\/product_tag?post=7424"}],"curies":[{"name":"wp","href":"https:\/\/api.w.org\/{rel}","templated":true}]}}