{"id":7370,"date":"2024-02-15T19:11:44","date_gmt":"2024-02-15T19:11:44","guid":{"rendered":"https:\/\/www.babyloniababycarriers.eu\/product\/bb-tai-l-o-v-e-sizer\/"},"modified":"2024-11-19T10:34:50","modified_gmt":"2024-11-19T09:34:50","slug":"bb-tai-l-o-v-e-sizer","status":"publish","type":"product","link":"https:\/\/www.babyloniababycarriers.eu\/pl\/product\/bb-tai-l-o-v-e-sizer\/","title":{"rendered":"BB-tai &#8211; L.O.V.E &#8211; sizer"},"content":{"rendered":"<p>Prostota noside\u0142ka dzieci\u0119cego po\u0142\u0105czona z no\u015bno\u015bci\u0105 tkaniny. Mo\u017ce by\u0107 u\u017cywane od urodzenia do 20 kg na brzuchu lub plecach. Umo\u017cliwia wygodne noszenie wi\u0119kszych i starszych dzieci.  <\/p>\n","protected":false},"excerpt":{"rendered":"<p>Prostota noside\u0142ka dzieci\u0119cego po\u0142\u0105czona z no\u015bno\u015bci\u0105 tkaniny. Mo\u017ce by\u0107 u\u017cywane od urodzenia do 20 kg na brzuchu lub plecach. Umo\u017cliwia wygodne noszenie wi\u0119kszych i starszych dzieci.  <\/p>\n","protected":false},"featured_media":4039,"comment_status":"open","ping_status":"closed","template":"","meta":[],"product_brand":[],"product_cat":[127],"product_tag":[],"class_list":{"0":"post-7370","1":"product","2":"type-product","3":"status-publish","4":"has-post-thumbnail","6":"product_cat-zawiesia-tkane","8":"first","9":"instock","10":"taxable","11":"shipping-taxable","12":"purchasable","13":"product-type-simple"},"jetpack_sharing_enabled":true,"_links":{"self":[{"href":"https:\/\/www.babyloniababycarriers.eu\/pl\/wp-json\/wp\/v2\/product\/7370","targetHints":{"allow":["GET"]}}],"collection":[{"href":"https:\/\/www.babyloniababycarriers.eu\/pl\/wp-json\/wp\/v2\/product"}],"about":[{"href":"https:\/\/www.babyloniababycarriers.eu\/pl\/wp-json\/wp\/v2\/types\/product"}],"replies":[{"embeddable":true,"href":"https:\/\/www.babyloniababycarriers.eu\/pl\/wp-json\/wp\/v2\/comments?post=7370"}],"version-history":[{"count":1,"href":"https:\/\/www.babyloniababycarriers.eu\/pl\/wp-json\/wp\/v2\/product\/7370\/revisions"}],"predecessor-version":[{"id":9090,"href":"https:\/\/www.babyloniababycarriers.eu\/pl\/wp-json\/wp\/v2\/product\/7370\/revisions\/9090"}],"wp:featuredmedia":[{"embeddable":true,"href":"https:\/\/www.babyloniababycarriers.eu\/pl\/wp-json\/wp\/v2\/media\/4039"}],"wp:attachment":[{"href":"https:\/\/www.babyloniababycarriers.eu\/pl\/wp-json\/wp\/v2\/media?parent=7370"}],"wp:term":[{"taxonomy":"product_brand","embeddable":true,"href":"https:\/\/www.babyloniababycarriers.eu\/pl\/wp-json\/wp\/v2\/product_brand?post=7370"},{"taxonomy":"product_cat","embeddable":true,"href":"https:\/\/www.babyloniababycarriers.eu\/pl\/wp-json\/wp\/v2\/product_cat?post=7370"},{"taxonomy":"product_tag","embeddable":true,"href":"https:\/\/www.babyloniababycarriers.eu\/pl\/wp-json\/wp\/v2\/product_tag?post=7370"}],"curies":[{"name":"wp","href":"https:\/\/api.w.org\/{rel}","templated":true}]}}