{"id":7298,"date":"2024-02-15T19:11:46","date_gmt":"2024-02-15T19:11:46","guid":{"rendered":"https:\/\/www.babyloniababycarriers.eu\/product\/tri-cotti-jeans-design-l\/"},"modified":"2024-11-19T10:35:29","modified_gmt":"2024-11-19T09:35:29","slug":"tri-cotti-jeans-design-l","status":"publish","type":"product","link":"https:\/\/www.babyloniababycarriers.eu\/pl\/product\/tri-cotti-jeans-design-l\/","title":{"rendered":"Tri-Cotti &#8211; Jeansowy wz\u00f3r &#8211; L"},"content":{"rendered":"<p>Super lekki, odprowadzaj\u0105cy wilgo\u0107 i oddychaj\u0105cy stretch, wykonany w 100% z nici Newlife\u2122, unikalnego i certyfikowanego w\u0142\u00f3kna. Prawie nic nie wa\u017cy, ma tak\u0105 sam\u0105 no\u015bno\u015b\u0107 jak tkanina, ale elastyczno\u015b\u0107 stretchu! <\/p>\n","protected":false},"excerpt":{"rendered":"<p>Super lekki, odprowadzaj\u0105cy wilgo\u0107 i oddychaj\u0105cy stretch, wykonany w 100% z nici Newlife\u2122, unikalnego i certyfikowanego w\u0142\u00f3kna. Prawie nic nie wa\u017cy, ma tak\u0105 sam\u0105 no\u015bno\u015b\u0107 jak tkanina, ale elastyczno\u015b\u0107 stretchu! <\/p>\n","protected":false},"featured_media":4174,"comment_status":"open","ping_status":"closed","template":"","meta":[],"product_brand":[],"product_cat":[118],"product_tag":[],"class_list":{"0":"post-7298","1":"product","2":"type-product","3":"status-publish","4":"has-post-thumbnail","6":"product_cat-venda","8":"first","9":"outofstock","10":"sale","11":"taxable","12":"shipping-taxable","13":"purchasable","14":"product-type-simple"},"jetpack_sharing_enabled":true,"_links":{"self":[{"href":"https:\/\/www.babyloniababycarriers.eu\/pl\/wp-json\/wp\/v2\/product\/7298","targetHints":{"allow":["GET"]}}],"collection":[{"href":"https:\/\/www.babyloniababycarriers.eu\/pl\/wp-json\/wp\/v2\/product"}],"about":[{"href":"https:\/\/www.babyloniababycarriers.eu\/pl\/wp-json\/wp\/v2\/types\/product"}],"replies":[{"embeddable":true,"href":"https:\/\/www.babyloniababycarriers.eu\/pl\/wp-json\/wp\/v2\/comments?post=7298"}],"version-history":[{"count":1,"href":"https:\/\/www.babyloniababycarriers.eu\/pl\/wp-json\/wp\/v2\/product\/7298\/revisions"}],"predecessor-version":[{"id":9154,"href":"https:\/\/www.babyloniababycarriers.eu\/pl\/wp-json\/wp\/v2\/product\/7298\/revisions\/9154"}],"wp:featuredmedia":[{"embeddable":true,"href":"https:\/\/www.babyloniababycarriers.eu\/pl\/wp-json\/wp\/v2\/media\/4174"}],"wp:attachment":[{"href":"https:\/\/www.babyloniababycarriers.eu\/pl\/wp-json\/wp\/v2\/media?parent=7298"}],"wp:term":[{"taxonomy":"product_brand","embeddable":true,"href":"https:\/\/www.babyloniababycarriers.eu\/pl\/wp-json\/wp\/v2\/product_brand?post=7298"},{"taxonomy":"product_cat","embeddable":true,"href":"https:\/\/www.babyloniababycarriers.eu\/pl\/wp-json\/wp\/v2\/product_cat?post=7298"},{"taxonomy":"product_tag","embeddable":true,"href":"https:\/\/www.babyloniababycarriers.eu\/pl\/wp-json\/wp\/v2\/product_tag?post=7298"}],"curies":[{"name":"wp","href":"https:\/\/api.w.org\/{rel}","templated":true}]}}