{"id":7262,"date":"2024-02-15T19:11:51","date_gmt":"2024-02-15T19:11:51","guid":{"rendered":"https:\/\/www.babyloniababycarriers.eu\/product\/tricot-slen-organic-olive-green-one-size\/"},"modified":"2024-11-19T10:35:50","modified_gmt":"2024-11-19T09:35:50","slug":"tricot-slen-organic-olive-green-one-size","status":"publish","type":"product","link":"https:\/\/www.babyloniababycarriers.eu\/pl\/product\/tricot-slen-organic-olive-green-one-size\/","title":{"rendered":"Tricot-Slen Organic &#8211; Olive green &#8211; Jeden rozmiar"},"content":{"rendered":"<p>Nasza pierwsza chusta, 25 lat w s\u0142u\u017cbie i wci\u0105\u017c najlepsza chusta elastyczna!<\/p>\n<p> Unikalna metoda dziania, kt\u00f3ra zapewnia wystarczaj\u0105c\u0105 elastyczno\u015b\u0107 chusty dla \u0142atwego zak\u0142adania, a tak\u017ce zapewnia doskona\u0142e wsparcie i zapobiega podskakiwaniu (podskakiwaniu). <\/p>\n","protected":false},"excerpt":{"rendered":"<p>Nasza pierwsza chusta, 25 lat w s\u0142u\u017cbie i wci\u0105\u017c najlepsza chusta elastyczna!<\/p>\n<p> Unikalna metoda dziania, kt\u00f3ra zapewnia wystarczaj\u0105c\u0105 elastyczno\u015b\u0107 chusty dla \u0142atwego zak\u0142adania, a tak\u017ce zapewnia doskona\u0142e wsparcie i zapobiega podskakiwaniu (podskakiwaniu). <\/p>\n","protected":false},"featured_media":6587,"comment_status":"open","ping_status":"closed","template":"","meta":[],"product_brand":[],"product_cat":[100],"product_tag":[],"class_list":{"0":"post-7262","1":"product","2":"type-product","3":"status-publish","4":"has-post-thumbnail","6":"product_cat-elastyczne-chusty","8":"first","9":"instock","10":"taxable","11":"shipping-taxable","12":"purchasable","13":"product-type-simple"},"jetpack_sharing_enabled":true,"_links":{"self":[{"href":"https:\/\/www.babyloniababycarriers.eu\/pl\/wp-json\/wp\/v2\/product\/7262","targetHints":{"allow":["GET"]}}],"collection":[{"href":"https:\/\/www.babyloniababycarriers.eu\/pl\/wp-json\/wp\/v2\/product"}],"about":[{"href":"https:\/\/www.babyloniababycarriers.eu\/pl\/wp-json\/wp\/v2\/types\/product"}],"replies":[{"embeddable":true,"href":"https:\/\/www.babyloniababycarriers.eu\/pl\/wp-json\/wp\/v2\/comments?post=7262"}],"version-history":[{"count":1,"href":"https:\/\/www.babyloniababycarriers.eu\/pl\/wp-json\/wp\/v2\/product\/7262\/revisions"}],"predecessor-version":[{"id":9193,"href":"https:\/\/www.babyloniababycarriers.eu\/pl\/wp-json\/wp\/v2\/product\/7262\/revisions\/9193"}],"wp:featuredmedia":[{"embeddable":true,"href":"https:\/\/www.babyloniababycarriers.eu\/pl\/wp-json\/wp\/v2\/media\/6587"}],"wp:attachment":[{"href":"https:\/\/www.babyloniababycarriers.eu\/pl\/wp-json\/wp\/v2\/media?parent=7262"}],"wp:term":[{"taxonomy":"product_brand","embeddable":true,"href":"https:\/\/www.babyloniababycarriers.eu\/pl\/wp-json\/wp\/v2\/product_brand?post=7262"},{"taxonomy":"product_cat","embeddable":true,"href":"https:\/\/www.babyloniababycarriers.eu\/pl\/wp-json\/wp\/v2\/product_cat?post=7262"},{"taxonomy":"product_tag","embeddable":true,"href":"https:\/\/www.babyloniababycarriers.eu\/pl\/wp-json\/wp\/v2\/product_tag?post=7262"}],"curies":[{"name":"wp","href":"https:\/\/api.w.org\/{rel}","templated":true}]}}