{"id":7109,"date":"2024-02-15T19:11:56","date_gmt":"2024-02-15T19:11:56","guid":{"rendered":"https:\/\/www.babyloniababycarriers.eu\/product\/tricot-slen-bamboo-pecan-brown-one-size\/"},"modified":"2024-11-19T10:27:43","modified_gmt":"2024-11-19T09:27:43","slug":"tricot-slen-bamboo-pecan-brown-one-size","status":"publish","type":"product","link":"https:\/\/www.babyloniababycarriers.eu\/pl\/product\/tricot-slen-bamboo-pecan-brown-one-size\/","title":{"rendered":"Bambusowy trykot &#8211; Pecan br\u0105zowy &#8211; Jeden rozmiar"},"content":{"rendered":"<p>Bambus nadaje chu\u015bcie Tricot-Slen wyj\u0105tkowe w\u0142a\u015bciwo\u015bci: jest wyj\u0105tkowo mi\u0119kka, oddychaj\u0105ca, hipoalergiczna, antybakteryjna i posiada naturalny filtr UV, dzi\u0119ki czemu chusta jest pe\u0142na naturalnych korzy\u015bci<\/p>\n","protected":false},"excerpt":{"rendered":"<p>Bambus nadaje chu\u015bcie Tricot-Slen wyj\u0105tkowe w\u0142a\u015bciwo\u015bci: jest wyj\u0105tkowo mi\u0119kka, oddychaj\u0105ca, hipoalergiczna, antybakteryjna i posiada naturalny filtr UV, dzi\u0119ki czemu chusta jest pe\u0142na naturalnych korzy\u015bci<\/p>\n","protected":false},"featured_media":6632,"comment_status":"open","ping_status":"closed","template":"","meta":[],"product_brand":[],"product_cat":[100],"product_tag":[],"class_list":{"0":"post-7109","1":"product","2":"type-product","3":"status-publish","4":"has-post-thumbnail","6":"product_cat-elastyczne-chusty","8":"first","9":"instock","10":"taxable","11":"shipping-taxable","12":"purchasable","13":"product-type-simple"},"jetpack_sharing_enabled":true,"_links":{"self":[{"href":"https:\/\/www.babyloniababycarriers.eu\/pl\/wp-json\/wp\/v2\/product\/7109","targetHints":{"allow":["GET"]}}],"collection":[{"href":"https:\/\/www.babyloniababycarriers.eu\/pl\/wp-json\/wp\/v2\/product"}],"about":[{"href":"https:\/\/www.babyloniababycarriers.eu\/pl\/wp-json\/wp\/v2\/types\/product"}],"replies":[{"embeddable":true,"href":"https:\/\/www.babyloniababycarriers.eu\/pl\/wp-json\/wp\/v2\/comments?post=7109"}],"version-history":[{"count":1,"href":"https:\/\/www.babyloniababycarriers.eu\/pl\/wp-json\/wp\/v2\/product\/7109\/revisions"}],"predecessor-version":[{"id":8884,"href":"https:\/\/www.babyloniababycarriers.eu\/pl\/wp-json\/wp\/v2\/product\/7109\/revisions\/8884"}],"wp:featuredmedia":[{"embeddable":true,"href":"https:\/\/www.babyloniababycarriers.eu\/pl\/wp-json\/wp\/v2\/media\/6632"}],"wp:attachment":[{"href":"https:\/\/www.babyloniababycarriers.eu\/pl\/wp-json\/wp\/v2\/media?parent=7109"}],"wp:term":[{"taxonomy":"product_brand","embeddable":true,"href":"https:\/\/www.babyloniababycarriers.eu\/pl\/wp-json\/wp\/v2\/product_brand?post=7109"},{"taxonomy":"product_cat","embeddable":true,"href":"https:\/\/www.babyloniababycarriers.eu\/pl\/wp-json\/wp\/v2\/product_cat?post=7109"},{"taxonomy":"product_tag","embeddable":true,"href":"https:\/\/www.babyloniababycarriers.eu\/pl\/wp-json\/wp\/v2\/product_tag?post=7109"}],"curies":[{"name":"wp","href":"https:\/\/api.w.org\/{rel}","templated":true}]}}