{"id":7001,"date":"2024-09-25T16:02:16","date_gmt":"2024-09-25T14:02:16","guid":{"rendered":"https:\/\/www.babyloniababycarriers.eu\/product\/flexia-green-mint\/"},"modified":"2025-01-28T14:26:14","modified_gmt":"2025-01-28T13:26:14","slug":"flexia-green-mint","status":"publish","type":"product","link":"https:\/\/www.babyloniababycarriers.eu\/pl\/product\/flexia-green-mint\/","title":{"rendered":"Flexia Green Mint"},"content":{"rendered":"<p>Poznaj model Flexia: ponadczasowe noside\u0142ko dla dziecka, teraz w nowej ods\u0142onie! Od dawna uwielbiane przez rodzic\u00f3w, noside\u0142ko Flexia jest znane ze swojej elastyczno\u015bci, oferuj\u0105c Tobie i Twojemu maluchowi idealne dopasowanie od urodzenia do 4 roku \u017cycia. Regulowane panele zapewniaj\u0105 dziecku przytulne i ergonomiczne siedzisko, zapewniaj\u0105c wygodne dopasowanie na wszystkich etapach wzrostu. Teraz dost\u0119pny w swobodnym, nowoczesnym designie, Flexia pasuje do ka\u017cdego stylu i okazji.<\/p>\n<p>Odpowiedni od urodzenia do 4 lat Wykonany z bawe\u0142ny organicznej Dost\u0119pny w 3 modnych kolorach Zr\u00f3wnowa\u017cony i przyjazny dla \u015brodowiska \u0141atwy w u\u017cyciu Flexia, gdzie styl \u0142\u0105czy si\u0119 z wygod\u0105 dla rodzica i dziecka.  <\/p>\n","protected":false},"excerpt":{"rendered":"<p>Poznaj model Flexia: ponadczasowe noside\u0142ko dla dziecka, teraz w nowej ods\u0142onie! Od dawna uwielbiane przez rodzic\u00f3w, noside\u0142ko Flexia jest znane ze swojej elastyczno\u015bci, oferuj\u0105c Tobie i Twojemu maluchowi idealne dopasowanie od urodzenia do 4 roku \u017cycia. Regulowane panele zapewniaj\u0105 dziecku przytulne i ergonomiczne siedzisko, zapewniaj\u0105c wygodne dopasowanie na wszystkich etapach wzrostu. Teraz dost\u0119pny w swobodnym, [&hellip;]<\/p>\n","protected":false},"featured_media":6317,"comment_status":"open","ping_status":"closed","template":"","meta":[],"product_brand":[],"product_cat":[109],"product_tag":[],"class_list":{"0":"post-7001","1":"product","2":"type-product","3":"status-publish","4":"has-post-thumbnail","6":"product_cat-ergonomische-draagzakken-pl","8":"first","9":"instock","10":"featured","11":"taxable","12":"shipping-taxable","13":"purchasable","14":"product-type-simple"},"jetpack_sharing_enabled":true,"_links":{"self":[{"href":"https:\/\/www.babyloniababycarriers.eu\/pl\/wp-json\/wp\/v2\/product\/7001","targetHints":{"allow":["GET"]}}],"collection":[{"href":"https:\/\/www.babyloniababycarriers.eu\/pl\/wp-json\/wp\/v2\/product"}],"about":[{"href":"https:\/\/www.babyloniababycarriers.eu\/pl\/wp-json\/wp\/v2\/types\/product"}],"replies":[{"embeddable":true,"href":"https:\/\/www.babyloniababycarriers.eu\/pl\/wp-json\/wp\/v2\/comments?post=7001"}],"version-history":[{"count":1,"href":"https:\/\/www.babyloniababycarriers.eu\/pl\/wp-json\/wp\/v2\/product\/7001\/revisions"}],"predecessor-version":[{"id":8730,"href":"https:\/\/www.babyloniababycarriers.eu\/pl\/wp-json\/wp\/v2\/product\/7001\/revisions\/8730"}],"wp:featuredmedia":[{"embeddable":true,"href":"https:\/\/www.babyloniababycarriers.eu\/pl\/wp-json\/wp\/v2\/media\/6317"}],"wp:attachment":[{"href":"https:\/\/www.babyloniababycarriers.eu\/pl\/wp-json\/wp\/v2\/media?parent=7001"}],"wp:term":[{"taxonomy":"product_brand","embeddable":true,"href":"https:\/\/www.babyloniababycarriers.eu\/pl\/wp-json\/wp\/v2\/product_brand?post=7001"},{"taxonomy":"product_cat","embeddable":true,"href":"https:\/\/www.babyloniababycarriers.eu\/pl\/wp-json\/wp\/v2\/product_cat?post=7001"},{"taxonomy":"product_tag","embeddable":true,"href":"https:\/\/www.babyloniababycarriers.eu\/pl\/wp-json\/wp\/v2\/product_tag?post=7001"}],"curies":[{"name":"wp","href":"https:\/\/api.w.org\/{rel}","templated":true}]}}