{"id":6974,"date":"2024-09-26T11:04:24","date_gmt":"2024-09-26T09:04:24","guid":{"rendered":"https:\/\/www.babyloniababycarriers.eu\/product\/tricot-slen-organic-celestial-blue\/"},"modified":"2024-11-19T10:26:36","modified_gmt":"2024-11-19T09:26:36","slug":"tricot-slen-organic-celestial-blue","status":"publish","type":"product","link":"https:\/\/www.babyloniababycarriers.eu\/pl\/product\/tricot-slen-organic-celestial-blue\/","title":{"rendered":"Tricot-Slen Organic Celestial Blue"},"content":{"rendered":"<p><span class=\"OYPEnA font-feature-liga-off font-feature-clig-off font-feature-calt-off text-decoration-none text-strikethrough-none\">Na rynku od ponad 25 lat i wci\u0105\u017c najlepsza chusta elastyczna dzi\u0119ki unikalnej metodzie dziania! Chusta jest \u0142atwa do za\u0142o\u017cenia i oferuje doskona\u0142e ergonomiczne wsparcie. Dzi\u0119ki unikalnej technice dziania i NIE u\u017cyciu elastanu, zapobiega podskakiwaniu podczas noszenia.  <\/span><\/p>\n<ul>\n<li><span class=\"OYPEnA font-feature-liga-off font-feature-clig-off font-feature-calt-off text-decoration-none text-strikethrough-none\">100% bawe\u0142na organiczna<\/span><\/li>\n<li><span class=\"OYPEnA font-feature-liga-off font-feature-clig-off font-feature-calt-off text-decoration-none text-strikethrough-none\">Elastyczna chusta bez elastanu<\/span><\/li>\n<li><span class=\"OYPEnA font-feature-liga-off font-feature-clig-off font-feature-calt-off text-decoration-none text-strikethrough-none\">Idealny dla noworodk\u00f3w<\/span><\/li>\n<li><span class=\"OYPEnA font-feature-liga-off font-feature-clig-off font-feature-calt-off text-decoration-none text-strikethrough-none\">Zr\u00f3wnowa\u017cony i ekologiczny<\/span><\/li>\n<li><span class=\"OYPEnA font-feature-liga-off font-feature-clig-off font-feature-calt-off text-decoration-none text-strikethrough-none\">Unikalna technika dziania, kt\u00f3ra zapobiega podskakiwaniu<\/span><\/li>\n<\/ul>\n","protected":false},"excerpt":{"rendered":"<p>Na rynku od ponad 25 lat i wci\u0105\u017c najlepsza chusta elastyczna dzi\u0119ki unikalnej metodzie dziania! Chusta jest \u0142atwa do za\u0142o\u017cenia i oferuje doskona\u0142e ergonomiczne wsparcie. Dzi\u0119ki unikalnej technice dziania i NIE u\u017cyciu elastanu, zapobiega podskakiwaniu podczas noszenia. 100% bawe\u0142na organiczna Elastyczna chusta bez elastanu Idealny dla noworodk\u00f3w Zr\u00f3wnowa\u017cony i ekologiczny Unikalna technika dziania, kt\u00f3ra zapobiega [&hellip;]<\/p>\n","protected":false},"featured_media":6380,"comment_status":"open","ping_status":"closed","template":"","meta":[],"product_brand":[],"product_cat":[100],"product_tag":[],"class_list":{"0":"post-6974","1":"product","2":"type-product","3":"status-publish","4":"has-post-thumbnail","6":"product_cat-elastyczne-chusty","8":"first","9":"instock","10":"taxable","11":"shipping-taxable","12":"purchasable","13":"product-type-simple"},"jetpack_sharing_enabled":true,"_links":{"self":[{"href":"https:\/\/www.babyloniababycarriers.eu\/pl\/wp-json\/wp\/v2\/product\/6974","targetHints":{"allow":["GET"]}}],"collection":[{"href":"https:\/\/www.babyloniababycarriers.eu\/pl\/wp-json\/wp\/v2\/product"}],"about":[{"href":"https:\/\/www.babyloniababycarriers.eu\/pl\/wp-json\/wp\/v2\/types\/product"}],"replies":[{"embeddable":true,"href":"https:\/\/www.babyloniababycarriers.eu\/pl\/wp-json\/wp\/v2\/comments?post=6974"}],"version-history":[{"count":1,"href":"https:\/\/www.babyloniababycarriers.eu\/pl\/wp-json\/wp\/v2\/product\/6974\/revisions"}],"predecessor-version":[{"id":8764,"href":"https:\/\/www.babyloniababycarriers.eu\/pl\/wp-json\/wp\/v2\/product\/6974\/revisions\/8764"}],"wp:featuredmedia":[{"embeddable":true,"href":"https:\/\/www.babyloniababycarriers.eu\/pl\/wp-json\/wp\/v2\/media\/6380"}],"wp:attachment":[{"href":"https:\/\/www.babyloniababycarriers.eu\/pl\/wp-json\/wp\/v2\/media?parent=6974"}],"wp:term":[{"taxonomy":"product_brand","embeddable":true,"href":"https:\/\/www.babyloniababycarriers.eu\/pl\/wp-json\/wp\/v2\/product_brand?post=6974"},{"taxonomy":"product_cat","embeddable":true,"href":"https:\/\/www.babyloniababycarriers.eu\/pl\/wp-json\/wp\/v2\/product_cat?post=6974"},{"taxonomy":"product_tag","embeddable":true,"href":"https:\/\/www.babyloniababycarriers.eu\/pl\/wp-json\/wp\/v2\/product_tag?post=6974"}],"curies":[{"name":"wp","href":"https:\/\/api.w.org\/{rel}","templated":true}]}}