{"id":11242,"date":"2025-11-28T10:57:38","date_gmt":"2025-11-28T09:57:38","guid":{"rendered":"https:\/\/www.babyloniababycarriers.eu\/?post_type=product&#038;p=11242"},"modified":"2025-11-28T11:01:22","modified_gmt":"2025-11-28T10:01:22","slug":"bola-pure-elegance-rose-gold-kopie-kopie","status":"publish","type":"product","link":"https:\/\/www.babyloniababycarriers.eu\/pl\/product\/bola-pure-elegance-rose-gold-kopie-kopie\/","title":{"rendered":"Bola &#8211; Pure Elegance &#8211; Rose Gold (kopie) (kopie)"},"content":{"rendered":"<p>Od 20 tygodnia ci\u0105\u017cy dziecko rozpoznaje Tw\u00f3j g\u0142os, bicie serca i wiele innych d\u017awi\u0119k\u00f3w, w tym koj\u0105ce, takie jak bola ci\u0105\u017cowa Babilonia. Bola ci\u0105\u017cowa to bi\u017cuteria zawieraj\u0105ca ma\u0142y ksylofon. Bola nale\u017cy nosi\u0107 na brzuchu za pomoc\u0105 d\u0142ugiego \u0142a\u0144cuszka. Przy ka\u017cdym ruchu Bola b\u0119dzie emitowa\u0107 koj\u0105cy d\u017awi\u0119k, delikatne brz\u0119czenie, kt\u00f3re dziecko zna zar\u00f3wno przed, jak i po porodzie. Po porodzie Bola mo\u017ce sta\u0107 si\u0119 przytulank\u0105 Twojego dziecka, przypominaj\u0105c mu o s\u0142odkich d\u017awi\u0119kach, kt\u00f3re s\u0142ysza\u0142o w Twoim brzuchu. Po\u0142\u0105cz t\u0119 pi\u0119kn\u0105 bi\u017cuteri\u0119 z naszyjnikiem Bola w kolorze r\u00f3\u017cowego z\u0142ota, z\u0142ota lub srebra, a przyci\u0105gniesz wzrok nawet swojego dziecka!     <\/p>\n","protected":false},"excerpt":{"rendered":"<p>Od 20 tygodnia ci\u0105\u017cy dziecko rozpoznaje Tw\u00f3j g\u0142os, bicie serca i wiele innych d\u017awi\u0119k\u00f3w, w tym koj\u0105ce, takie jak bola ci\u0105\u017cowa Babilonia. Bola ci\u0105\u017cowa to bi\u017cuteria zawieraj\u0105ca ma\u0142y ksylofon. Bola nale\u017cy nosi\u0107 na brzuchu za pomoc\u0105 d\u0142ugiego \u0142a\u0144cuszka. Przy ka\u017cdym ruchu Bola b\u0119dzie emitowa\u0107 koj\u0105cy d\u017awi\u0119k, delikatne brz\u0119czenie, kt\u00f3re dziecko zna zar\u00f3wno przed, jak i [&hellip;]<\/p>\n","protected":false},"featured_media":11252,"comment_status":"open","ping_status":"closed","template":"","meta":[],"product_brand":[],"product_cat":[91],"product_tag":[],"class_list":{"0":"post-11242","1":"product","2":"type-product","3":"status-publish","4":"has-post-thumbnail","6":"product_cat-baby-bola-pl","8":"first","9":"instock","10":"featured","11":"taxable","12":"shipping-taxable","13":"purchasable","14":"product-type-simple"},"jetpack_sharing_enabled":true,"_links":{"self":[{"href":"https:\/\/www.babyloniababycarriers.eu\/pl\/wp-json\/wp\/v2\/product\/11242","targetHints":{"allow":["GET"]}}],"collection":[{"href":"https:\/\/www.babyloniababycarriers.eu\/pl\/wp-json\/wp\/v2\/product"}],"about":[{"href":"https:\/\/www.babyloniababycarriers.eu\/pl\/wp-json\/wp\/v2\/types\/product"}],"replies":[{"embeddable":true,"href":"https:\/\/www.babyloniababycarriers.eu\/pl\/wp-json\/wp\/v2\/comments?post=11242"}],"version-history":[{"count":1,"href":"https:\/\/www.babyloniababycarriers.eu\/pl\/wp-json\/wp\/v2\/product\/11242\/revisions"}],"predecessor-version":[{"id":11261,"href":"https:\/\/www.babyloniababycarriers.eu\/pl\/wp-json\/wp\/v2\/product\/11242\/revisions\/11261"}],"wp:featuredmedia":[{"embeddable":true,"href":"https:\/\/www.babyloniababycarriers.eu\/pl\/wp-json\/wp\/v2\/media\/11252"}],"wp:attachment":[{"href":"https:\/\/www.babyloniababycarriers.eu\/pl\/wp-json\/wp\/v2\/media?parent=11242"}],"wp:term":[{"taxonomy":"product_brand","embeddable":true,"href":"https:\/\/www.babyloniababycarriers.eu\/pl\/wp-json\/wp\/v2\/product_brand?post=11242"},{"taxonomy":"product_cat","embeddable":true,"href":"https:\/\/www.babyloniababycarriers.eu\/pl\/wp-json\/wp\/v2\/product_cat?post=11242"},{"taxonomy":"product_tag","embeddable":true,"href":"https:\/\/www.babyloniababycarriers.eu\/pl\/wp-json\/wp\/v2\/product_tag?post=11242"}],"curies":[{"name":"wp","href":"https:\/\/api.w.org\/{rel}","templated":true}]}}