{"id":11168,"date":"2025-10-31T14:06:56","date_gmt":"2025-10-31T13:06:56","guid":{"rendered":"https:\/\/www.babyloniababycarriers.eu\/?post_type=product&#038;p=11168"},"modified":"2025-10-31T14:18:27","modified_gmt":"2025-10-31T13:18:27","slug":"tricot-slen-cool-nougatine-kopie","status":"publish","type":"product","link":"https:\/\/www.babyloniababycarriers.eu\/pl\/product\/tricot-slen-cool-nougatine-kopie\/","title":{"rendered":"Tricot-Slen Cool Nougatine (kopie)"},"content":{"rendered":"<p><span class=\"OYPEnA font-feature-liga-off font-feature-clig-off font-feature-calt-off text-decoration-none text-strikethrough-none\">Na rynku od ponad 25 lat i wci\u0105\u017c najlepsza chusta elastyczna dzi\u0119ki unikalnej metodzie dziania! Chusta jest \u0142atwa do za\u0142o\u017cenia i oferuje doskona\u0142e ergonomiczne wsparcie. Dzi\u0119ki unikalnej technice dziania i NIE u\u017cyciu elastanu, zapobiega podskakiwaniu podczas noszenia.  <\/span><\/p>\n<p><span class=\"OYPEnA font-feature-liga-off font-feature-clig-off font-feature-calt-off text-decoration-none text-strikethrough-none\">Nougatine jest wykonana w 100% z w\u0142\u00f3kien newlife pochodz\u0105cych z recyklingu. Opr\u00f3cz delikatnego koloru, kt\u00f3ry pasuje do wszystkiego, jest to idealna letnia tkanina, kt\u00f3ra jest r\u00f3wnie\u017c idealna do zabrania do wody! <\/span><\/p>\n<ul>\n<li><span class=\"OYPEnA font-feature-liga-off font-feature-clig-off font-feature-calt-off text-decoration-none text-strikethrough-none\">100% prz\u0119dzy z recyklingu<\/span><\/li>\n<li><span class=\"OYPEnA font-feature-liga-off font-feature-clig-off font-feature-calt-off text-decoration-none text-strikethrough-none\">Elastyczna chusta bez elastanu<\/span><\/li>\n<li><span class=\"OYPEnA font-feature-liga-off font-feature-clig-off font-feature-calt-off text-decoration-none text-strikethrough-none\">Idealny dla noworodk\u00f3w<\/span><\/li>\n<li><span class=\"OYPEnA font-feature-liga-off font-feature-clig-off font-feature-calt-off text-decoration-none text-strikethrough-none\">Zr\u00f3wnowa\u017cony i ekologiczny<\/span><\/li>\n<li><span class=\"OYPEnA font-feature-liga-off font-feature-clig-off font-feature-calt-off text-decoration-none text-strikethrough-none\">Unikalna technika dziania, kt\u00f3ra zapobiega podskakiwaniu<\/span><\/li>\n<li><span class=\"OYPEnA font-feature-liga-off font-feature-clig-off font-feature-calt-off text-decoration-none text-strikethrough-none\">Lekka masa idealna na lato<\/span><\/li>\n<\/ul>\n","protected":false},"excerpt":{"rendered":"<p>Na rynku od ponad 25 lat i wci\u0105\u017c najlepsza chusta elastyczna dzi\u0119ki unikalnej metodzie dziania! Chusta jest \u0142atwa do za\u0142o\u017cenia i oferuje doskona\u0142e ergonomiczne wsparcie. Dzi\u0119ki unikalnej technice dziania i NIE u\u017cyciu elastanu, zapobiega podskakiwaniu podczas noszenia. Nougatine jest wykonana w 100% z w\u0142\u00f3kien newlife pochodz\u0105cych z recyklingu. Opr\u00f3cz delikatnego koloru, kt\u00f3ry pasuje do wszystkiego, [&hellip;]<\/p>\n","protected":false},"featured_media":11178,"comment_status":"open","ping_status":"closed","template":"","meta":[],"product_brand":[],"product_cat":[100],"product_tag":[],"class_list":{"0":"post-11168","1":"product","2":"type-product","3":"status-publish","4":"has-post-thumbnail","6":"product_cat-elastyczne-chusty","8":"first","9":"instock","10":"featured","11":"taxable","12":"shipping-taxable","13":"purchasable","14":"product-type-simple"},"jetpack_sharing_enabled":true,"_links":{"self":[{"href":"https:\/\/www.babyloniababycarriers.eu\/pl\/wp-json\/wp\/v2\/product\/11168","targetHints":{"allow":["GET"]}}],"collection":[{"href":"https:\/\/www.babyloniababycarriers.eu\/pl\/wp-json\/wp\/v2\/product"}],"about":[{"href":"https:\/\/www.babyloniababycarriers.eu\/pl\/wp-json\/wp\/v2\/types\/product"}],"replies":[{"embeddable":true,"href":"https:\/\/www.babyloniababycarriers.eu\/pl\/wp-json\/wp\/v2\/comments?post=11168"}],"version-history":[{"count":1,"href":"https:\/\/www.babyloniababycarriers.eu\/pl\/wp-json\/wp\/v2\/product\/11168\/revisions"}],"predecessor-version":[{"id":11187,"href":"https:\/\/www.babyloniababycarriers.eu\/pl\/wp-json\/wp\/v2\/product\/11168\/revisions\/11187"}],"wp:featuredmedia":[{"embeddable":true,"href":"https:\/\/www.babyloniababycarriers.eu\/pl\/wp-json\/wp\/v2\/media\/11178"}],"wp:attachment":[{"href":"https:\/\/www.babyloniababycarriers.eu\/pl\/wp-json\/wp\/v2\/media?parent=11168"}],"wp:term":[{"taxonomy":"product_brand","embeddable":true,"href":"https:\/\/www.babyloniababycarriers.eu\/pl\/wp-json\/wp\/v2\/product_brand?post=11168"},{"taxonomy":"product_cat","embeddable":true,"href":"https:\/\/www.babyloniababycarriers.eu\/pl\/wp-json\/wp\/v2\/product_cat?post=11168"},{"taxonomy":"product_tag","embeddable":true,"href":"https:\/\/www.babyloniababycarriers.eu\/pl\/wp-json\/wp\/v2\/product_tag?post=11168"}],"curies":[{"name":"wp","href":"https:\/\/api.w.org\/{rel}","templated":true}]}}