{"id":11138,"date":"2025-10-31T13:57:26","date_gmt":"2025-10-31T12:57:26","guid":{"rendered":"https:\/\/www.babyloniababycarriers.eu\/?post_type=product&#038;p=11138"},"modified":"2025-10-31T14:05:25","modified_gmt":"2025-10-31T13:05:25","slug":"tricot-slen-bamboo-apricot-crush-kopie","status":"publish","type":"product","link":"https:\/\/www.babyloniababycarriers.eu\/pl\/product\/tricot-slen-bamboo-apricot-crush-kopie\/","title":{"rendered":"Tricot-slen Bamboo &#8211; Apricot Crush (kopie)"},"content":{"rendered":"<p class=\"cvGsUA direction-ltr align-start para-style-body\"><span class=\"OYPEnA font-feature-liga-off font-feature-clig-off font-feature-calt-off text-decoration-none text-strikethrough-none\">Na rynku od ponad 25 lat i wci\u0105\u017c najlepsza chusta elastyczna dzi\u0119ki unikalnej metodzie dziania! Chusta jest \u0142atwa do za\u0142o\u017cenia i oferuje doskona\u0142e ergonomiczne wsparcie. Dzi\u0119ki unikalnej technice dziania i NIE u\u017cyciu elastanu, zapobiega podskakiwaniu podczas noszenia.  <\/span><\/p>\n<p class=\"cvGsUA direction-ltr align-start para-style-body\"><span class=\"OYPEnA font-feature-liga-off font-feature-clig-off font-feature-calt-off text-decoration-none text-strikethrough-none\">Apricot Crush jest wykonany z fantastycznie mi\u0119kkiego, oddychaj\u0105cego bambusa. Ponadto kolor ten jest idealnym, delikatnym pastelowym odcieniem, kt\u00f3ry uzupe\u0142ni ka\u017cdy str\u00f3j. <\/span><\/p>\n<ul>\n<li><span class=\"OYPEnA font-feature-liga-off font-feature-clig-off font-feature-calt-off text-decoration-none text-strikethrough-none\">100% wiskoza bambusowa<\/span><\/li>\n<li><span class=\"OYPEnA font-feature-liga-off font-feature-clig-off font-feature-calt-off text-decoration-none text-strikethrough-none\">Elastyczna chusta bez elastanu<\/span><\/li>\n<li><span class=\"OYPEnA font-feature-liga-off font-feature-clig-off font-feature-calt-off text-decoration-none text-strikethrough-none\">Idealny dla noworodk\u00f3w<\/span><\/li>\n<li><span class=\"OYPEnA font-feature-liga-off font-feature-clig-off font-feature-calt-off text-decoration-none text-strikethrough-none\">Zr\u00f3wnowa\u017cony i ekologiczny<\/span><\/li>\n<li><span class=\"OYPEnA font-feature-liga-off font-feature-clig-off font-feature-calt-off text-decoration-none text-strikethrough-none\">Unikalna technika dziania, kt\u00f3ra zapobiega podskakiwaniu<\/span><\/li>\n<li><span class=\"OYPEnA font-feature-liga-off font-feature-clig-off font-feature-calt-off text-decoration-none text-strikethrough-none\">Lekki i jedwabi\u015bcie g\u0142adki<\/span><\/li>\n<\/ul>\n","protected":false},"excerpt":{"rendered":"<p>Na rynku od ponad 25 lat i wci\u0105\u017c najlepsza chusta elastyczna dzi\u0119ki unikalnej metodzie dziania! Chusta jest \u0142atwa do za\u0142o\u017cenia i oferuje doskona\u0142e ergonomiczne wsparcie. Dzi\u0119ki unikalnej technice dziania i NIE u\u017cyciu elastanu, zapobiega podskakiwaniu podczas noszenia. Apricot Crush jest wykonany z fantastycznie mi\u0119kkiego, oddychaj\u0105cego bambusa. Ponadto kolor ten jest idealnym, delikatnym pastelowym odcieniem, kt\u00f3ry [&hellip;]<\/p>\n","protected":false},"featured_media":11148,"comment_status":"open","ping_status":"closed","template":"","meta":[],"product_brand":[],"product_cat":[100],"product_tag":[],"class_list":{"0":"post-11138","1":"product","2":"type-product","3":"status-publish","4":"has-post-thumbnail","6":"product_cat-elastyczne-chusty","8":"first","9":"instock","10":"taxable","11":"shipping-taxable","12":"purchasable","13":"product-type-simple"},"jetpack_sharing_enabled":true,"_links":{"self":[{"href":"https:\/\/www.babyloniababycarriers.eu\/pl\/wp-json\/wp\/v2\/product\/11138","targetHints":{"allow":["GET"]}}],"collection":[{"href":"https:\/\/www.babyloniababycarriers.eu\/pl\/wp-json\/wp\/v2\/product"}],"about":[{"href":"https:\/\/www.babyloniababycarriers.eu\/pl\/wp-json\/wp\/v2\/types\/product"}],"replies":[{"embeddable":true,"href":"https:\/\/www.babyloniababycarriers.eu\/pl\/wp-json\/wp\/v2\/comments?post=11138"}],"version-history":[{"count":1,"href":"https:\/\/www.babyloniababycarriers.eu\/pl\/wp-json\/wp\/v2\/product\/11138\/revisions"}],"predecessor-version":[{"id":11158,"href":"https:\/\/www.babyloniababycarriers.eu\/pl\/wp-json\/wp\/v2\/product\/11138\/revisions\/11158"}],"wp:featuredmedia":[{"embeddable":true,"href":"https:\/\/www.babyloniababycarriers.eu\/pl\/wp-json\/wp\/v2\/media\/11148"}],"wp:attachment":[{"href":"https:\/\/www.babyloniababycarriers.eu\/pl\/wp-json\/wp\/v2\/media?parent=11138"}],"wp:term":[{"taxonomy":"product_brand","embeddable":true,"href":"https:\/\/www.babyloniababycarriers.eu\/pl\/wp-json\/wp\/v2\/product_brand?post=11138"},{"taxonomy":"product_cat","embeddable":true,"href":"https:\/\/www.babyloniababycarriers.eu\/pl\/wp-json\/wp\/v2\/product_cat?post=11138"},{"taxonomy":"product_tag","embeddable":true,"href":"https:\/\/www.babyloniababycarriers.eu\/pl\/wp-json\/wp\/v2\/product_tag?post=11138"}],"curies":[{"name":"wp","href":"https:\/\/api.w.org\/{rel}","templated":true}]}}