{"id":8514,"date":"2023-11-14T08:24:30","date_gmt":"2023-11-14T07:24:30","guid":{"rendered":"https:\/\/www.babyloniababycarriers.eu\/obsluga-klienta\/"},"modified":"2025-01-14T14:37:59","modified_gmt":"2025-01-14T13:37:59","slug":"obsluga-klienta","status":"publish","type":"page","link":"https:\/\/www.babyloniababycarriers.eu\/pl\/obsluga-klienta\/","title":{"rendered":"Obs\u0142uga klienta"},"content":{"rendered":"\t\t<div data-elementor-type=\"wp-page\" data-elementor-id=\"8514\" class=\"elementor elementor-8514 elementor-89\" data-elementor-post-type=\"page\">\n\t\t\t\t<div class=\"elementor-element elementor-element-45d6361a e-con-full e-flex e-con e-parent\" data-id=\"45d6361a\" data-element_type=\"container\" data-e-type=\"container\">\n\t\t<div class=\"elementor-element elementor-element-6fd4e96 e-con-full e-flex e-con e-child\" data-id=\"6fd4e96\" data-element_type=\"container\" data-e-type=\"container\">\n\t\t\t\t<div class=\"elementor-element elementor-element-30c80a08 elementor-widget elementor-widget-woocommerce-breadcrumb\" data-id=\"30c80a08\" data-element_type=\"widget\" data-e-type=\"widget\" data-widget_type=\"woocommerce-breadcrumb.default\">\n\t\t\t\t<div class=\"elementor-widget-container\">\n\t\t\t\t\t<nav class=\"woocommerce-breadcrumb\" aria-label=\"Breadcrumb\">Strona g\u0142\u00f3wna<\/nav>\t\t\t\t<\/div>\n\t\t\t\t<\/div>\n\t\t\t\t<div class=\"elementor-element elementor-element-33e367f5 elementor-widget elementor-widget-table-of-contents\" data-id=\"33e367f5\" data-element_type=\"widget\" data-e-type=\"widget\" data-settings=\"{&quot;headings_by_tags&quot;:[&quot;h2&quot;],&quot;exclude_headings_by_selector&quot;:[],&quot;marker_view&quot;:&quot;bullets&quot;,&quot;icon&quot;:{&quot;value&quot;:&quot;fas fa-dot-circle&quot;,&quot;library&quot;:&quot;fa-solid&quot;,&quot;rendered_tag&quot;:&quot;&lt;svg class=\\&quot;e-font-icon-svg e-fas-dot-circle\\&quot; viewBox=\\&quot;0 0 512 512\\&quot; xmlns=\\&quot;http:\\\/\\\/www.w3.org\\\/2000\\\/svg\\&quot;&gt;&lt;path d=\\&quot;M256 8C119.033 8 8 119.033 8 256s111.033 248 248 248 248-111.033 248-248S392.967 8 256 8zm80 248c0 44.112-35.888 80-80 80s-80-35.888-80-80 35.888-80 80-80 80 35.888 80 80z\\&quot;&gt;&lt;\\\/path&gt;&lt;\\\/svg&gt;&quot;},&quot;sticky&quot;:&quot;top&quot;,&quot;sticky_offset&quot;:95,&quot;sticky_parent&quot;:&quot;yes&quot;,&quot;sticky_on&quot;:[&quot;desktop&quot;,&quot;tablet&quot;],&quot;no_headings_message&quot;:&quot;Er zijn geen kopteksten gevonden op deze pagina.&quot;,&quot;hierarchical_view&quot;:&quot;yes&quot;,&quot;min_height&quot;:{&quot;unit&quot;:&quot;px&quot;,&quot;size&quot;:&quot;&quot;,&quot;sizes&quot;:[]},&quot;min_height_tablet&quot;:{&quot;unit&quot;:&quot;px&quot;,&quot;size&quot;:&quot;&quot;,&quot;sizes&quot;:[]},&quot;min_height_mobile&quot;:{&quot;unit&quot;:&quot;px&quot;,&quot;size&quot;:&quot;&quot;,&quot;sizes&quot;:[]},&quot;sticky_effects_offset&quot;:0,&quot;sticky_anchor_link_offset&quot;:0}\" data-widget_type=\"table-of-contents.default\">\n\t\t\t\t<div class=\"elementor-widget-container\">\n\t\t\t\t\t\t\t\t\t<div class=\"elementor-toc__header\">\n\t\t\t\t\t\t<h3 class=\"elementor-toc__header-title\">\n\t\t\t\tSpis tre\u015bci\t\t\t<\/h3>\n\t\t\t\t\t\t\t\t<\/div>\n\t\t\t\t<div id=\"elementor-toc__33e367f5\" class=\"elementor-toc__body\">\n\t\t\t<div class=\"elementor-toc__spinner-container\">\n\t\t\t\t<svg class=\"elementor-toc__spinner eicon-animation-spin e-font-icon-svg e-eicon-loading\" aria-hidden=\"true\" viewBox=\"0 0 1000 1000\" xmlns=\"http:\/\/www.w3.org\/2000\/svg\"><path d=\"M500 975V858C696 858 858 696 858 500S696 142 500 142 142 304 142 500H25C25 237 238 25 500 25S975 237 975 500 763 975 500 975Z\"><\/path><\/svg>\t\t\t<\/div>\n\t\t<\/div>\n\t\t\t\t\t\t<\/div>\n\t\t\t\t<\/div>\n\t\t\t\t<\/div>\n\t\t<div class=\"elementor-element elementor-element-3405a95d e-con-full e-flex e-con e-child\" data-id=\"3405a95d\" data-element_type=\"container\" data-e-type=\"container\">\n\t\t\t\t<div class=\"elementor-element elementor-element-39ee08f6 elementor-widget elementor-widget-heading\" data-id=\"39ee08f6\" data-element_type=\"widget\" data-e-type=\"widget\" data-widget_type=\"heading.default\">\n\t\t\t\t<div class=\"elementor-widget-container\">\n\t\t\t\t\t<h1 class=\"elementor-heading-title elementor-size-default\">Obs\u0142uga klienta<\/h1>\t\t\t\t<\/div>\n\t\t\t\t<\/div>\n\t\t\t\t<div class=\"elementor-element elementor-element-150f55df elementor-widget elementor-widget-heading\" data-id=\"150f55df\" data-element_type=\"widget\" data-e-type=\"widget\" data-widget_type=\"heading.default\">\n\t\t\t\t<div class=\"elementor-widget-container\">\n\t\t\t\t\t<h2 class=\"elementor-heading-title elementor-size-default\">P\u0142atno\u015b\u0107<\/h2>\t\t\t\t<\/div>\n\t\t\t\t<\/div>\n\t\t\t\t<div class=\"elementor-element elementor-element-67f817c8 elementor-widget elementor-widget-text-editor\" data-id=\"67f817c8\" data-element_type=\"widget\" data-e-type=\"widget\" data-widget_type=\"text-editor.default\">\n\t\t\t\t<div class=\"elementor-widget-container\">\n\t\t\t\t\t\t\t\t\t<p>Kupuj\u0105cy mo\u017ce zap\u0142aci\u0107 za swoje zam\u00f3wienie kart\u0105 debetow\u0105 lub kredytow\u0105, przez Paypal lub iDeal lub przelewem bankowym na nasze konto bankowe wskazane na Stronie Internetowej. Cena musi zosta\u0107 zap\u0142acona w ca\u0142o\u015bci przed dostaw\u0105. W przypadku op\u00f3\u017anienia w p\u0142atno\u015bci nale\u017cne b\u0119d\u0105 odsetki za zw\u0142ok\u0119 w wysoko\u015bci 6% rocznie, ipso iure i bez uprzedniego powiadomienia o zw\u0142oce, a tak\u017ce zrycza\u0142towana rekompensata za koszty administracyjne Sprzedaj\u0105cego w wysoko\u015bci 10% nale\u017cnej kwoty, przy minimalnej kwocie 100 euro.  <\/p>\n\t\t\t\t\t\t\t\t<\/div>\n\t\t\t\t<\/div>\n\t\t\t\t<div class=\"elementor-element elementor-element-7ff20550 elementor-widget elementor-widget-heading\" data-id=\"7ff20550\" data-element_type=\"widget\" data-e-type=\"widget\" data-widget_type=\"heading.default\">\n\t\t\t\t<div class=\"elementor-widget-container\">\n\t\t\t\t\t<h2 class=\"elementor-heading-title elementor-size-default\">Prawo do odst\u0105pienia od umowy<\/h2>\t\t\t\t<\/div>\n\t\t\t\t<\/div>\n\t\t\t\t<div class=\"elementor-element elementor-element-78603e60 elementor-widget elementor-widget-text-editor\" data-id=\"78603e60\" data-element_type=\"widget\" data-e-type=\"widget\" data-widget_type=\"text-editor.default\">\n\t\t\t\t<div class=\"elementor-widget-container\">\n\t\t\t\t\t\t\t\t\t<p style=\"color: #7a7a7a; font-family: 'Poppins (local)', sans-serif;\">Je\u017celi Kupuj\u0105cy jest konsumentem nabywaj\u0105cym towary lub us\u0142ugi na odleg\u0142o\u015b\u0107, ma on prawo poinformowa\u0107 Sprzedawc\u0119 o rezygnacji z zakupu, bez ponoszenia kary umownej i bez podania przyczyny, w terminie 14 dni kalendarzowych od dnia nast\u0119puj\u0105cego po dostarczeniu towar\u00f3w lub zawarciu umowy o \u015bwiadczenie us\u0142ug. Zwrot pieni\u0119dzy nast\u0105pi w ci\u0105gu 30 dni od otrzymania wniosku o odst\u0105pienie od umowy. Zwroty b\u0119d\u0105 dokonywane przelewem na konto bankowe lub poprzez uznanie karty kredytowej. Konsument nie ma prawa do odst\u0105pienia od zakupu w przypadkach przewidzianych przez prawo oraz, mi\u0119dzy innymi, gdy towary zosta\u0142y wyprodukowane zgodnie ze specyfikacjami konsumenta lub gdy wykonanie umowy o \u015bwiadczenie us\u0142ug rozpocz\u0119\u0142o si\u0119 przed up\u0142ywem terminu do odst\u0105pienia od umowy.   <\/p>\n<div> <\/div>\n\t\t\t\t\t\t\t\t<\/div>\n\t\t\t\t<\/div>\n\t\t\t\t<div class=\"elementor-element elementor-element-15fd14d1 elementor-widget elementor-widget-heading\" data-id=\"15fd14d1\" data-element_type=\"widget\" data-e-type=\"widget\" data-widget_type=\"heading.default\">\n\t\t\t\t<div class=\"elementor-widget-container\">\n\t\t\t\t\t<h2 class=\"elementor-heading-title elementor-size-default\">Dostawa<\/h2>\t\t\t\t<\/div>\n\t\t\t\t<\/div>\n\t\t\t\t<div class=\"elementor-element elementor-element-37879914 elementor-widget elementor-widget-text-editor\" data-id=\"37879914\" data-element_type=\"widget\" data-e-type=\"widget\" data-widget_type=\"text-editor.default\">\n\t\t\t\t<div class=\"elementor-widget-container\">\n\t\t\t\t\t\t\t\t\t<p>Po przyj\u0119ciu zam\u00f3wienia i dokonaniu p\u0142atno\u015bci towary lub us\u0142ugi zostan\u0105 dostarczone na adres dostawy podany w procesie sk\u0142adania zam\u00f3wienia. O ile nie okre\u015blono inaczej, dostawa zostanie zrealizowana w ci\u0105gu 30 dni od z\u0142o\u017cenia zam\u00f3wienia. Po up\u0142ywie tego terminu u\u017cytkownik ma prawo za\u017c\u0105da\u0107 anulowania i zwrotu koszt\u00f3w zakupu. W przeciwnym razie Sp\u00f3\u0142ka nie ponosi \u017cadnej odpowiedzialno\u015bci z tytu\u0142u op\u00f3\u017anionej dostawy, ani w przypadku, gdy dostawa nie mo\u017ce doj\u015b\u0107 do skutku z powodu b\u0142\u0119dnych lub niekompletnych informacji, kt\u00f3re zosta\u0142y podane przez kupuj\u0105cego w momencie sk\u0142adania zam\u00f3wienia.   <\/p>\n\t\t\t\t\t\t\t\t<\/div>\n\t\t\t\t<\/div>\n\t\t\t\t<div class=\"elementor-element elementor-element-7820cf54 elementor-widget elementor-widget-heading\" data-id=\"7820cf54\" data-element_type=\"widget\" data-e-type=\"widget\" data-widget_type=\"heading.default\">\n\t\t\t\t<div class=\"elementor-widget-container\">\n\t\t\t\t\t<h2 class=\"elementor-heading-title elementor-size-default\">Jako\u015b\u0107 i bezpiecze\u0144stwo<\/h2>\t\t\t\t<\/div>\n\t\t\t\t<\/div>\n\t\t\t\t<div class=\"elementor-element elementor-element-7019e4f8 elementor-widget elementor-widget-text-editor\" data-id=\"7019e4f8\" data-element_type=\"widget\" data-e-type=\"widget\" data-widget_type=\"text-editor.default\">\n\t\t\t\t<div class=\"elementor-widget-container\">\n\t\t\t\t\t\t\t\t\t<p style=\"color: #7a7a7a; font-family: 'Poppins (local)', sans-serif;\">Sp\u00f3\u0142ka zobowi\u0105zuje si\u0119 dostarcza\u0107 towary i us\u0142ugi zgodne z obowi\u0105zuj\u0105cymi przepisami prawa Unii Europejskiej i Belgii. Sp\u00f3\u0142ka nie mo\u017ce zosta\u0107 poci\u0105gni\u0119ta do odpowiedzialno\u015bci w przypadku niezgodno\u015bci z przepisami kraju spoza Unii Europejskiej, do kt\u00f3rego produkty maj\u0105 zosta\u0107 dostarczone. Towary sprzedawane konsumentom s\u0105 obj\u0119te ustawow\u0105 dwuletni\u0105 gwarancj\u0105. Wszelkie niezgodno\u015bci dotycz\u0105ce sprzeda\u017cy konsumentowi musz\u0105 zosta\u0107 zg\u0142oszone w ci\u0105gu dw\u00f3ch miesi\u0119cy od ich wykrycia. Wszelkie reklamacje dotycz\u0105ce widocznych uszkodze\u0144 dostarczonych towar\u00f3w, a tak\u017ce uszkodze\u0144 powsta\u0142ych podczas transportu i dostawy, musz\u0105 by\u0107 sformu\u0142owane na pi\u015bmie na za\u0142\u0105czonych dokumentach w momencie dostawy lub zg\u0142oszone poczt\u0105 elektroniczn\u0105 w ci\u0105gu 24 godzin od dostawy. To samo dotyczy niezgodnych lub niekompletnych dostaw. W przypadku jakichkolwiek dalszych informacji lub pyta\u0144, nasz Dzia\u0142 Obs\u0142ugi Klienta jest zawsze dost\u0119pny pod numerem telefonu +32 54 240 330 oraz poczt\u0105 elektroniczn\u0105 pod adresem info@chamo.be.      <\/p>\n<div> <\/div>\n\t\t\t\t\t\t\t\t<\/div>\n\t\t\t\t<\/div>\n\t\t\t\t<div class=\"elementor-element elementor-element-276b4e0e elementor-widget elementor-widget-heading\" data-id=\"276b4e0e\" data-element_type=\"widget\" data-e-type=\"widget\" data-widget_type=\"heading.default\">\n\t\t\t\t<div class=\"elementor-widget-container\">\n\t\t\t\t\t<h2 class=\"elementor-heading-title elementor-size-default\">FAQ<\/h2>\t\t\t\t<\/div>\n\t\t\t\t<\/div>\n\t\t\t\t<div class=\"elementor-element elementor-element-5ef09d85 elementor-widget elementor-widget-toggle\" data-id=\"5ef09d85\" data-element_type=\"widget\" data-e-type=\"widget\" data-widget_type=\"toggle.default\">\n\t\t\t\t<div class=\"elementor-widget-container\">\n\t\t\t\t\t\t\t<div class=\"elementor-toggle\">\n\t\t\t\t\t\t\t<div class=\"elementor-toggle-item\">\n\t\t\t\t\t<div id=\"elementor-tab-title-1591\" class=\"elementor-tab-title\" data-tab=\"1\" role=\"button\" aria-controls=\"elementor-tab-content-1591\" aria-expanded=\"false\">\n\t\t\t\t\t\t\t\t\t\t\t\t<span class=\"elementor-toggle-icon elementor-toggle-icon-right\" aria-hidden=\"true\">\n\t\t\t\t\t\t\t\t\t\t\t\t\t\t\t<span class=\"elementor-toggle-icon-closed\"><svg class=\"e-font-icon-svg e-fas-chevron-down\" viewBox=\"0 0 448 512\" xmlns=\"http:\/\/www.w3.org\/2000\/svg\"><path d=\"M207.029 381.476L12.686 187.132c-9.373-9.373-9.373-24.569 0-33.941l22.667-22.667c9.357-9.357 24.522-9.375 33.901-.04L224 284.505l154.745-154.021c9.379-9.335 24.544-9.317 33.901.04l22.667 22.667c9.373 9.373 9.373 24.569 0 33.941L240.971 381.476c-9.373 9.372-24.569 9.372-33.942 0z\"><\/path><\/svg><\/span>\n\t\t\t\t\t\t\t\t<span class=\"elementor-toggle-icon-opened\"><svg class=\"elementor-toggle-icon-opened e-font-icon-svg e-fas-chevron-up\" viewBox=\"0 0 448 512\" xmlns=\"http:\/\/www.w3.org\/2000\/svg\"><path d=\"M240.971 130.524l194.343 194.343c9.373 9.373 9.373 24.569 0 33.941l-22.667 22.667c-9.357 9.357-24.522 9.375-33.901.04L224 227.495 69.255 381.516c-9.379 9.335-24.544 9.317-33.901-.04l-22.667-22.667c-9.373-9.373-9.373-24.569 0-33.941L207.03 130.525c9.372-9.373 24.568-9.373 33.941-.001z\"><\/path><\/svg><\/span>\n\t\t\t\t\t\t\t\t\t\t\t\t\t<\/span>\n\t\t\t\t\t\t\t\t\t\t\t\t<a class=\"elementor-toggle-title\" tabindex=\"0\">Jak d\u0142ugo trwa wysy\u0142ka?<\/a>\n\t\t\t\t\t<\/div>\n\n\t\t\t\t\t<div id=\"elementor-tab-content-1591\" class=\"elementor-tab-content elementor-clearfix\" data-tab=\"1\" role=\"region\" aria-labelledby=\"elementor-tab-title-1591\"><p>2 do 3 dni<\/p>\n<\/div>\n\t\t\t\t<\/div>\n\t\t\t\t\t\t\t<div class=\"elementor-toggle-item\">\n\t\t\t\t\t<div id=\"elementor-tab-title-1592\" class=\"elementor-tab-title\" data-tab=\"2\" role=\"button\" aria-controls=\"elementor-tab-content-1592\" aria-expanded=\"false\">\n\t\t\t\t\t\t\t\t\t\t\t\t<span class=\"elementor-toggle-icon elementor-toggle-icon-right\" aria-hidden=\"true\">\n\t\t\t\t\t\t\t\t\t\t\t\t\t\t\t<span class=\"elementor-toggle-icon-closed\"><svg class=\"e-font-icon-svg e-fas-chevron-down\" viewBox=\"0 0 448 512\" xmlns=\"http:\/\/www.w3.org\/2000\/svg\"><path d=\"M207.029 381.476L12.686 187.132c-9.373-9.373-9.373-24.569 0-33.941l22.667-22.667c9.357-9.357 24.522-9.375 33.901-.04L224 284.505l154.745-154.021c9.379-9.335 24.544-9.317 33.901.04l22.667 22.667c9.373 9.373 9.373 24.569 0 33.941L240.971 381.476c-9.373 9.372-24.569 9.372-33.942 0z\"><\/path><\/svg><\/span>\n\t\t\t\t\t\t\t\t<span class=\"elementor-toggle-icon-opened\"><svg class=\"elementor-toggle-icon-opened e-font-icon-svg e-fas-chevron-up\" viewBox=\"0 0 448 512\" xmlns=\"http:\/\/www.w3.org\/2000\/svg\"><path d=\"M240.971 130.524l194.343 194.343c9.373 9.373 9.373 24.569 0 33.941l-22.667 22.667c-9.357 9.357-24.522 9.375-33.901.04L224 227.495 69.255 381.516c-9.379 9.335-24.544 9.317-33.901-.04l-22.667-22.667c-9.373-9.373-9.373-24.569 0-33.941L207.03 130.525c9.372-9.373 24.568-9.373 33.941-.001z\"><\/path><\/svg><\/span>\n\t\t\t\t\t\t\t\t\t\t\t\t\t<\/span>\n\t\t\t\t\t\t\t\t\t\t\t\t<a class=\"elementor-toggle-title\" tabindex=\"0\">Ile czasu mam na zwrot towaru?<\/a>\n\t\t\t\t\t<\/div>\n\n\t\t\t\t\t<div id=\"elementor-tab-content-1592\" class=\"elementor-tab-content elementor-clearfix\" data-tab=\"2\" role=\"region\" aria-labelledby=\"elementor-tab-title-1592\"><p>14 dni  <\/p>\n<\/div>\n\t\t\t\t<\/div>\n\t\t\t\t\t\t\t<div class=\"elementor-toggle-item\">\n\t\t\t\t\t<div id=\"elementor-tab-title-1593\" class=\"elementor-tab-title\" data-tab=\"3\" role=\"button\" aria-controls=\"elementor-tab-content-1593\" aria-expanded=\"false\">\n\t\t\t\t\t\t\t\t\t\t\t\t<span class=\"elementor-toggle-icon elementor-toggle-icon-right\" aria-hidden=\"true\">\n\t\t\t\t\t\t\t\t\t\t\t\t\t\t\t<span class=\"elementor-toggle-icon-closed\"><svg class=\"e-font-icon-svg e-fas-chevron-down\" viewBox=\"0 0 448 512\" xmlns=\"http:\/\/www.w3.org\/2000\/svg\"><path d=\"M207.029 381.476L12.686 187.132c-9.373-9.373-9.373-24.569 0-33.941l22.667-22.667c9.357-9.357 24.522-9.375 33.901-.04L224 284.505l154.745-154.021c9.379-9.335 24.544-9.317 33.901.04l22.667 22.667c9.373 9.373 9.373 24.569 0 33.941L240.971 381.476c-9.373 9.372-24.569 9.372-33.942 0z\"><\/path><\/svg><\/span>\n\t\t\t\t\t\t\t\t<span class=\"elementor-toggle-icon-opened\"><svg class=\"elementor-toggle-icon-opened e-font-icon-svg e-fas-chevron-up\" viewBox=\"0 0 448 512\" xmlns=\"http:\/\/www.w3.org\/2000\/svg\"><path d=\"M240.971 130.524l194.343 194.343c9.373 9.373 9.373 24.569 0 33.941l-22.667 22.667c-9.357 9.357-24.522 9.375-33.901.04L224 227.495 69.255 381.516c-9.379 9.335-24.544 9.317-33.901-.04l-22.667-22.667c-9.373-9.373-9.373-24.569 0-33.941L207.03 130.525c9.372-9.373 24.568-9.373 33.941-.001z\"><\/path><\/svg><\/span>\n\t\t\t\t\t\t\t\t\t\t\t\t\t<\/span>\n\t\t\t\t\t\t\t\t\t\t\t\t<a class=\"elementor-toggle-title\" tabindex=\"0\">Jak mog\u0119 zwr\u00f3ci\u0107 przedmiot?<\/a>\n\t\t\t\t\t<\/div>\n\n\t\t\t\t\t<div id=\"elementor-tab-content-1593\" class=\"elementor-tab-content elementor-clearfix\" data-tab=\"3\" role=\"region\" aria-labelledby=\"elementor-tab-title-1593\"><p>Klient jest odpowiedzialny za zwrot produktu.<\/p>\n<\/div>\n\t\t\t\t<\/div>\n\t\t\t\t\t\t\t\t<\/div>\n\t\t\t\t\t\t<\/div>\n\t\t\t\t<\/div>\n\t\t\t\t<\/div>\n\t\t\t\t<\/div>\n\t\t\t\t<\/div>\n\t\t","protected":false},"excerpt":{"rendered":"<p>Spis tre\u015bci Obs\u0142uga klienta P\u0142atno\u015b\u0107 Kupuj\u0105cy mo\u017ce zap\u0142aci\u0107 za swoje zam\u00f3wienie kart\u0105 debetow\u0105 lub kredytow\u0105, przez Paypal lub iDeal lub przelewem bankowym na nasze konto bankowe wskazane na Stronie Internetowej. Cena musi zosta\u0107 zap\u0142acona w ca\u0142o\u015bci przed dostaw\u0105. W przypadku op\u00f3\u017anienia w p\u0142atno\u015bci nale\u017cne b\u0119d\u0105 odsetki za zw\u0142ok\u0119 w wysoko\u015bci 6% rocznie, ipso iure i [&hellip;]<\/p>\n","protected":false},"author":1,"featured_media":0,"parent":0,"menu_order":0,"comment_status":"closed","ping_status":"closed","template":"elementor_header_footer","meta":{"footnotes":""},"class_list":["post-8514","page","type-page","status-publish","hentry"],"jetpack_sharing_enabled":true,"_links":{"self":[{"href":"https:\/\/www.babyloniababycarriers.eu\/pl\/wp-json\/wp\/v2\/pages\/8514","targetHints":{"allow":["GET"]}}],"collection":[{"href":"https:\/\/www.babyloniababycarriers.eu\/pl\/wp-json\/wp\/v2\/pages"}],"about":[{"href":"https:\/\/www.babyloniababycarriers.eu\/pl\/wp-json\/wp\/v2\/types\/page"}],"author":[{"embeddable":true,"href":"https:\/\/www.babyloniababycarriers.eu\/pl\/wp-json\/wp\/v2\/users\/1"}],"replies":[{"embeddable":true,"href":"https:\/\/www.babyloniababycarriers.eu\/pl\/wp-json\/wp\/v2\/comments?post=8514"}],"version-history":[{"count":2,"href":"https:\/\/www.babyloniababycarriers.eu\/pl\/wp-json\/wp\/v2\/pages\/8514\/revisions"}],"predecessor-version":[{"id":9382,"href":"https:\/\/www.babyloniababycarriers.eu\/pl\/wp-json\/wp\/v2\/pages\/8514\/revisions\/9382"}],"wp:attachment":[{"href":"https:\/\/www.babyloniababycarriers.eu\/pl\/wp-json\/wp\/v2\/media?parent=8514"}],"curies":[{"name":"wp","href":"https:\/\/api.w.org\/{rel}","templated":true}]}}