{"id":8272,"date":"2023-11-14T08:01:03","date_gmt":"2023-11-14T07:01:03","guid":{"rendered":"https:\/\/www.babyloniababycarriers.eu\/polityka-prywatnosci\/"},"modified":"2025-01-14T14:38:04","modified_gmt":"2025-01-14T13:38:04","slug":"polityka-prywatnosci","status":"publish","type":"page","link":"https:\/\/www.babyloniababycarriers.eu\/pl\/polityka-prywatnosci\/","title":{"rendered":"Polityka prywatno\u015bci"},"content":{"rendered":"\t\t<div data-elementor-type=\"wp-page\" data-elementor-id=\"8272\" class=\"elementor elementor-8272 elementor-3\" data-elementor-post-type=\"page\">\n\t\t\t\t<div class=\"elementor-element elementor-element-690c4e3a e-flex e-con-boxed e-con e-parent\" data-id=\"690c4e3a\" data-element_type=\"container\" data-e-type=\"container\">\n\t\t\t\t\t<div class=\"e-con-inner\">\n\t\t\t\t<div class=\"elementor-element elementor-element-a5543ab elementor-widget elementor-widget-heading\" data-id=\"a5543ab\" data-element_type=\"widget\" data-e-type=\"widget\" data-widget_type=\"heading.default\">\n\t\t\t\t<div class=\"elementor-widget-container\">\n\t\t\t\t\t<h1 class=\"elementor-heading-title elementor-size-default\">Polityka prywatno\u015bci<\/h1>\t\t\t\t<\/div>\n\t\t\t\t<\/div>\n\t\t\t\t<div class=\"elementor-element elementor-element-49af1110 elementor-widget elementor-widget-text-editor\" data-id=\"49af1110\" data-element_type=\"widget\" data-e-type=\"widget\" data-widget_type=\"text-editor.default\">\n\t\t\t\t<div class=\"elementor-widget-container\">\n\t\t\t\t\t\t\t\t\t<h2><strong>Kim jeste\u015bmy<\/strong><\/h2>\n<p>Nasza strona internetowa <a href=\"https:\/\/www.babyloniababycarriers.eu\/pl\/\">https:\/\/www.babyloniababycarriers.eu<\/a> (zwana dalej &#8222;stron\u0105 internetow\u0105&#8221;) wykorzystuje pliki cookie i inne powi\u0105zane technologie (dla wygody wszystkie technologie s\u0105 okre\u015blane jako &#8222;pliki cookie&#8221;). Pliki cookie s\u0105 r\u00f3wnie\u017c umieszczane przez zaanga\u017cowane przez nas strony trzecie. W poni\u017cszym dokumencie informujemy o korzystaniu z plik\u00f3w cookie na naszej stronie internetowej.  <\/p>\n<h2><strong>Czym s\u0105 pliki cookie?<\/strong><\/h2>\n<p>Plik cookie to ma\u0142y, prosty plik, kt\u00f3ry jest wysy\u0142any wraz ze stronami tej witryny i przechowywany przez przegl\u0105dark\u0119 na dysku twardym komputera lub innego urz\u0105dzenia. Przechowywane w nim informacje mog\u0105 zosta\u0107 zwr\u00f3cone na nasze serwery lub serwery odpowiednich stron trzecich podczas kolejnej wizyty. <\/p>\n<h2><strong>Czym s\u0105 skrypty?<\/strong><\/h2>\n<p>Skrypt to fragment kodu programu, kt\u00f3ry jest u\u017cywany do prawid\u0142owego i interaktywnego dzia\u0142ania naszej witryny. Kod ten jest wykonywany na naszym serwerze lub na urz\u0105dzeniu u\u017cytkownika. <\/p>\n<h2><strong>Czym jest sygnalizator internetowy?<\/strong><\/h2>\n<p>Web beacon (lub znacznik pikselowy) to ma\u0142y, niewidoczny fragment tekstu lub obrazu na stronie internetowej, kt\u00f3ry s\u0142u\u017cy do monitorowania ruchu na stronie internetowej. W tym celu r\u00f3\u017cne dane o u\u017cytkowniku s\u0105 przechowywane za pomoc\u0105 sygna\u0142\u00f3w nawigacyjnych. <\/p>\n<h2><strong>Pliki cookie<\/strong><\/h2>\n<h6><strong>Techniczne lub funkcjonalne pliki cookie<\/strong><\/h6>\n<p>Niekt\u00f3re pliki cookie zapewniaj\u0105 prawid\u0142owe dzia\u0142anie niekt\u00f3rych cz\u0119\u015bci witryny internetowej i zachowanie preferencji u\u017cytkownika. Umieszczaj\u0105c funkcjonalne pliki cookie, u\u0142atwiamy odwiedzanie naszej witryny. W ten spos\u00f3b nie trzeba wielokrotnie wprowadza\u0107 tych samych informacji podczas odwiedzania naszej witryny, a na przyk\u0142ad produkty pozostaj\u0105 w koszyku do momentu zap\u0142aty. Mo\u017cemy umieszcza\u0107 te pliki cookie bez zgody u\u017cytkownika.   <\/p>\n<h6><strong>Statystyczne pliki cookie<\/strong><\/h6>\n<p>U\u017cywamy statystycznych plik\u00f3w cookie, aby zoptymalizowa\u0107 korzystanie z witryny przez naszych u\u017cytkownik\u00f3w. Dzi\u0119ki tym statystycznym plikom cookie uzyskujemy wgl\u0105d w korzystanie z naszej witryny. Prosimy o zgod\u0119 na umieszczanie statystycznych plik\u00f3w cookie.  <\/p>\n<h6><strong>Reklamowe pliki cookie<\/strong><\/h6>\n<p>Na tej stronie u\u017cywamy reklamowych plik\u00f3w cookie, kt\u00f3re umo\u017cliwiaj\u0105 nam personalizacj\u0119 reklam dla u\u017cytkownika, a nam (i stronom trzecim) uzyskanie wgl\u0105du w wyniki kampanii. Odbywa si\u0119 to na podstawie profilu, kt\u00f3ry tworzymy w oparciu o klikni\u0119cia i surfowanie na stronie https:\/\/www.babyloniababycarriers.eu i poza ni\u0105. Dzi\u0119ki tym plikom cookie u\u017cytkownik, jako odwiedzaj\u0105cy witryn\u0119, jest powi\u0105zany z unikalnym identyfikatorem, dzi\u0119ki czemu nie widzi na przyk\u0142ad tej samej reklamy wi\u0119cej ni\u017c jeden raz. <\/p>\n<h6><strong>Marketingowe\/\u015bledz\u0105ce pliki cookie<\/strong><\/h6>\n<p>Marketingowe\/\u015bledz\u0105ce pliki cookie to pliki cookie lub inne formy lokalnego przechowywania danych, wykorzystywane do tworzenia profili u\u017cytkownik\u00f3w w celu wy\u015bwietlania reklam lub \u015bledzenia u\u017cytkownika na tej stronie internetowej lub na kilku stronach internetowych w podobnych celach marketingowych.<\/p>\n<p>Poniewa\u017c te pliki cookie s\u0105 oznaczone jako \u015bledz\u0105ce pliki cookie, prosimy o zgod\u0119 na ich umieszczenie.<\/p>\n<h2><strong>Media spo\u0142eczno\u015bciowe<\/strong><\/h2>\n<p>Na naszej stronie internetowej zamie\u015bcili\u015bmy tre\u015bci z Facebooka, Twittera, LinkedIn, WhatsApp, Instagrama, TikTok i Pinteresta w celu promowania stron internetowych (np. &#8222;polub&#8221;, &#8222;przypnij&#8221;) lub udost\u0119pniania (np. &#8222;tweet&#8221;) w sieciach spo\u0142eczno\u015bciowych, takich jak Facebook, Twitter, LinkedIn, WhatsApp, Instagram, TikTok i Pinterest. Tre\u015bci te s\u0105 osadzone z kodem pochodz\u0105cym z serwis\u00f3w Facebook, Twitter, LinkedIn, WhatsApp, Instagram, TikTok i Pinterest oraz umieszczaj\u0105 pliki cookie. Tre\u015bci te mog\u0105 przechowywa\u0107 i przetwarza\u0107 okre\u015blone informacje na potrzeby spersonalizowanych reklam.  <\/p>\n<p>Zapoznaj si\u0119 z o\u015bwiadczeniami o ochronie prywatno\u015bci tych sieci spo\u0142eczno\u015bciowych (kt\u00f3re mog\u0105 si\u0119 regularnie zmienia\u0107), aby dowiedzie\u0107 si\u0119, co robi\u0105 z Twoimi danymi (osobowymi), kt\u00f3re przetwarzaj\u0105 za pomoc\u0105 tych plik\u00f3w cookie. Pobierane dane s\u0105 w jak najwi\u0119kszym stopniu anonimizowane. Facebook, Twitter, LinkedIn, WhatsApp, Instagram, TikTok i Pinterest znajduj\u0105 si\u0119 w Stanach Zjednoczonych.  <\/p>\n<h2><strong>Zgoda<\/strong><\/h2>\n<p>Gdy u\u017cytkownik odwiedza nasz\u0105 witryn\u0119 po raz pierwszy, wy\u015bwietlane jest wyskakuj\u0105ce okienko z wyja\u015bnieniem dotycz\u0105cym plik\u00f3w cookie. Po klikni\u0119ciu przycisku &#8222;Zapisz preferencje&#8221; u\u017cytkownik wyra\u017ca zgod\u0119 na korzystanie przez nas z kategorii plik\u00f3w cookie i wtyczek wybranych w wyskakuj\u0105cym okienku, zgodnie z opisem w niniejszej Polityce dotycz\u0105cej plik\u00f3w cookie. U\u017cytkownik mo\u017ce wy\u0142\u0105czy\u0107 korzystanie z plik\u00f3w cookie za po\u015brednictwem przegl\u0105darki, ale nale\u017cy pami\u0119ta\u0107, \u017ce nasza witryna mo\u017ce nie dzia\u0142a\u0107 prawid\u0142owo.  <\/p>\n<h2><strong>W\u0142\u0105czanie\/wy\u0142\u0105czanie i usuwanie plik\u00f3w cookie<\/strong><\/h2>\n<p>Za pomoc\u0105 przegl\u0105darki internetowej mo\u017cna automatycznie lub r\u0119cznie usuwa\u0107 pliki cookie. Mo\u017cna r\u00f3wnie\u017c okre\u015bli\u0107, \u017ce niekt\u00f3re pliki cookie nie mog\u0105 by\u0107 umieszczane. Inn\u0105 opcj\u0105 jest zmiana ustawie\u0144 przegl\u0105darki internetowej w taki spos\u00f3b, aby u\u017cytkownik otrzymywa\u0142 komunikat za ka\u017cdym razem, gdy plik cookie zostanie umieszczony. Aby uzyska\u0107 wi\u0119cej informacji na temat tych opcji, nale\u017cy zapozna\u0107 si\u0119 z instrukcjami w sekcji pomocy przegl\u0105darki.   <\/p>\n<p>Nale\u017cy pami\u0119ta\u0107, \u017ce nasza strona internetowa mo\u017ce nie dzia\u0142a\u0107 poprawnie, je\u015bli wszystkie pliki cookie s\u0105 wy\u0142\u0105czone. Je\u015bli usuniesz pliki cookie w swojej przegl\u0105darce, zostan\u0105 one ponownie umieszczone po uzyskaniu Twojej zgody, gdy ponownie odwiedzisz nasz\u0105 stron\u0119 internetow\u0105. <\/p>\n<h2><strong>Prawa u\u017cytkownika w odniesieniu do danych osobowych<\/strong><\/h2>\n<p>U\u017cytkownikowi przys\u0142uguj\u0105 nast\u0119puj\u0105ce prawa w odniesieniu do jego danych osobowych:<\/p>\n<ul>\n<li>U\u017cytkownik ma prawo wiedzie\u0107, dlaczego jego dane osobowe s\u0105 potrzebne, co si\u0119 z nimi stanie i jak d\u0142ugo b\u0119d\u0105 przechowywane.<\/li>\n<li>Prawo dost\u0119pu: U\u017cytkownik ma prawo dost\u0119pu do swoich danych osobowych, kt\u00f3re s\u0105 nam znane.<\/li>\n<li>Prawo do sprostowania: u\u017cytkownik ma prawo do uzupe\u0142nienia, poprawienia, usuni\u0119cia lub zablokowania swoich danych osobowych w dowolnym momencie.<\/li>\n<li>Je\u015bli u\u017cytkownik wyrazi zgod\u0119 na przetwarzanie swoich danych, ma prawo do cofni\u0119cia tej zgody i usuni\u0119cia swoich danych osobowych.<\/li>\n<li>Prawo do przenoszenia danych: u\u017cytkownik ma prawo za\u017c\u0105da\u0107 od administratora wszystkich swoich danych osobowych i przekaza\u0107 je w ca\u0142o\u015bci innemu administratorowi.<\/li>\n<li>Prawo do sprzeciwu: u\u017cytkownik mo\u017ce sprzeciwi\u0107 si\u0119 przetwarzaniu jego danych. Przestrzegamy tego, chyba \u017ce istniej\u0105 uzasadnione podstawy do przetwarzania. <\/li>\n<\/ul>\n<p>Aby skorzysta\u0107 z tych praw, nale\u017cy skontaktowa\u0107 si\u0119 z nami. Dane kontaktowe znajduj\u0105 si\u0119 na dole niniejszej Polityki dotycz\u0105cej plik\u00f3w cookie. Je\u015bli masz skarg\u0119 dotycz\u0105c\u0105 sposobu, w jaki obchodzimy si\u0119 z Twoimi danymi, chcieliby\u015bmy us\u0142ysze\u0107 od Ciebie, ale masz r\u00f3wnie\u017c prawo do z\u0142o\u017cenia skargi do organu nadzorczego (Urz\u0119du Ochrony Danych Osobowych).  <\/p>\n<h2><strong>Dane kontaktowe<\/strong><\/h2>\n<p>W przypadku pyta\u0144 i\/lub komentarzy dotycz\u0105cych naszej Polityki plik\u00f3w cookie i niniejszego o\u015bwiadczenia, prosimy o kontakt z nami przy u\u017cyciu nast\u0119puj\u0105cych danych kontaktowych:<\/p>\n<p><br><br><br><br><br>B<strong>abylonia Baby Carriers<\/strong> Brambroek 23B 9500 Geraardsbergen Belgia Strona internetowa: https:\/\/www.babyloniababycarriers.eu\/ Email: bureau@chamo.be<\/p>\t\t\t\t\t\t\t\t<\/div>\n\t\t\t\t<\/div>\n\t\t\t\t\t<\/div>\n\t\t\t\t<\/div>\n\t\t\t\t<\/div>\n\t\t","protected":false},"excerpt":{"rendered":"<p>Polityka prywatno\u015bci Kim jeste\u015bmy Nasza strona internetowa https:\/\/www.babyloniababycarriers.eu (zwana dalej &#8222;stron\u0105 internetow\u0105&#8221;) wykorzystuje pliki cookie i inne powi\u0105zane technologie (dla wygody wszystkie technologie s\u0105 okre\u015blane jako &#8222;pliki cookie&#8221;). Pliki cookie s\u0105 r\u00f3wnie\u017c umieszczane przez zaanga\u017cowane przez nas strony trzecie. W poni\u017cszym dokumencie informujemy o korzystaniu z plik\u00f3w cookie na naszej stronie internetowej. Czym s\u0105 pliki [&hellip;]<\/p>\n","protected":false},"author":1,"featured_media":0,"parent":0,"menu_order":0,"comment_status":"closed","ping_status":"closed","template":"","meta":{"footnotes":""},"class_list":["post-8272","page","type-page","status-publish","hentry"],"jetpack_sharing_enabled":true,"_links":{"self":[{"href":"https:\/\/www.babyloniababycarriers.eu\/pl\/wp-json\/wp\/v2\/pages\/8272","targetHints":{"allow":["GET"]}}],"collection":[{"href":"https:\/\/www.babyloniababycarriers.eu\/pl\/wp-json\/wp\/v2\/pages"}],"about":[{"href":"https:\/\/www.babyloniababycarriers.eu\/pl\/wp-json\/wp\/v2\/types\/page"}],"author":[{"embeddable":true,"href":"https:\/\/www.babyloniababycarriers.eu\/pl\/wp-json\/wp\/v2\/users\/1"}],"replies":[{"embeddable":true,"href":"https:\/\/www.babyloniababycarriers.eu\/pl\/wp-json\/wp\/v2\/comments?post=8272"}],"version-history":[{"count":2,"href":"https:\/\/www.babyloniababycarriers.eu\/pl\/wp-json\/wp\/v2\/pages\/8272\/revisions"}],"predecessor-version":[{"id":9260,"href":"https:\/\/www.babyloniababycarriers.eu\/pl\/wp-json\/wp\/v2\/pages\/8272\/revisions\/9260"}],"wp:attachment":[{"href":"https:\/\/www.babyloniababycarriers.eu\/pl\/wp-json\/wp\/v2\/media?parent=8272"}],"curies":[{"name":"wp","href":"https:\/\/api.w.org\/{rel}","templated":true}]}}