{"id":7037,"date":"2024-02-18T17:15:25","date_gmt":"2024-02-18T17:15:25","guid":{"rendered":"https:\/\/www.babyloniababycarriers.eu\/refund_returns\/"},"modified":"2024-11-26T15:51:07","modified_gmt":"2024-11-26T14:51:07","slug":"refund_returns","status":"publish","type":"page","link":"https:\/\/www.babyloniababycarriers.eu\/pl\/refund_returns\/","title":{"rendered":"Polityka zwrot\u00f3w i refundacji"},"content":{"rendered":"\t\t<div data-elementor-type=\"wp-page\" data-elementor-id=\"7037\" class=\"elementor elementor-7037 elementor-13\" data-elementor-post-type=\"page\">\n\t\t\t\t<div class=\"elementor-element elementor-element-76c74b34 e-flex e-con-boxed e-con e-parent\" data-id=\"76c74b34\" data-element_type=\"container\" data-e-type=\"container\">\n\t\t\t\t\t<div class=\"e-con-inner\">\n\t\t\t\t<div class=\"elementor-element elementor-element-c943cbd elementor-widget elementor-widget-heading\" data-id=\"c943cbd\" data-element_type=\"widget\" data-e-type=\"widget\" data-widget_type=\"heading.default\">\n\t\t\t\t<div class=\"elementor-widget-container\">\n\t\t\t\t\t<h2 class=\"elementor-heading-title elementor-size-default\">Polityka zwrot\u00f3w i refundacji<\/h2>\t\t\t\t<\/div>\n\t\t\t\t<\/div>\n\t\t\t\t<div class=\"elementor-element elementor-element-3c5fc552 elementor-widget elementor-widget-text-editor\" data-id=\"3c5fc552\" data-element_type=\"widget\" data-e-type=\"widget\" data-widget_type=\"text-editor.default\">\n\t\t\t\t<div class=\"elementor-widget-container\">\n\t\t\t\t\t\t\t\t\t<p>Nasza polityka zwrot\u00f3w jest zgodna z przepisami europejskimi, zapewniaj\u0105c 14 dni na zg\u0142oszenie zwrotu:<\/p>\n<p>U\u017cytkownik ma 14 dni od daty dostawy na powiadomienie nas o zamiarze zwrotu produktu w celu uzyskania pe\u0142nego zwrotu pieni\u0119dzy lub wymiany. Po up\u0142ywie tego terminu niestety nie mo\u017cemy zaoferowa\u0107 pe\u0142nego zwrotu lub wymiany. <\/p>\n<p>Aby kwalifikowa\u0107 si\u0119 do zwrotu, przedmiot musi by\u0107 nieu\u017cywany i w takim samym stanie, w jakim zosta\u0142 otrzymany. Musi r\u00f3wnie\u017c znajdowa\u0107 si\u0119 w oryginalnym opakowaniu. <\/p>\n<p>Kilka rodzaj\u00f3w towar\u00f3w nie podlega zwrotowi. Nale\u017c\u0105 do nich towary \u0142atwo psuj\u0105ce si\u0119, takie jak \u017cywno\u015b\u0107, kwiaty, gazety lub czasopisma. Nie przyjmujemy r\u00f3wnie\u017c produkt\u00f3w stanowi\u0105cych artyku\u0142y intymne lub sanitarne, materia\u0142\u00f3w niebezpiecznych ani \u0142atwopalnych cieczy lub gaz\u00f3w.  <\/p>\n<h2><strong>Dodatkowe przedmioty niepodlegaj\u0105ce zwrotowi obejmuj\u0105:<\/strong><\/h2>\n<ul>\n<li>Karty podarunkowe<\/li>\n<li>Niekt\u00f3re artyku\u0142y zdrowotne i higieny osobistej<\/li>\n<\/ul>\n<p>Aby zrealizowa\u0107 zwrot, wymagamy paragonu lub dowodu zakupu, kt\u00f3ry powinien by\u0107 zakupiony na tej stronie.<\/p>\n<h2><strong>W niekt\u00f3rych sytuacjach przyznawane s\u0105 tylko cz\u0119\u015bciowe zwroty koszt\u00f3w:<\/strong><\/h2>\n<ul>\n<li>Wszelkie przedmioty, kt\u00f3re nie znajduj\u0105 si\u0119 w oryginalnym stanie, s\u0105 uszkodzone lub brakuje w nich cz\u0119\u015bci z przyczyn nie wynikaj\u0105cych z naszego b\u0142\u0119du.<\/li>\n<li>Ka\u017cdy przedmiot, kt\u00f3ry zosta\u0142 zwr\u00f3cony p\u00f3\u017aniej ni\u017c 14 dni po dostawie<\/li>\n<\/ul>\n<h2><strong>Zwroty koszt\u00f3w:<\/strong><\/h2>\n<p>Po otrzymaniu i sprawdzeniu zwrotu wy\u015blemy wiadomo\u015b\u0107 e-mail z powiadomieniem o otrzymaniu zwr\u00f3conego przedmiotu. Powiadomimy r\u00f3wnie\u017c o zatwierdzeniu lub odrzuceniu zwrotu. <\/p>\n<p>Je\u015bli zwrot zostanie zatwierdzony, zostanie on przetworzony, a kredyt zostanie automatycznie zastosowany do karty kredytowej lub pierwotnej metody p\u0142atno\u015bci w ci\u0105gu okre\u015blonej liczby dni.<\/p>\n<h2><strong>Op\u00f3\u017anione lub brakuj\u0105ce zwroty:<\/strong><\/h2>\n<p>Je\u015bli nie otrzyma\u0142e\u015b jeszcze zwrotu, najpierw sprawd\u017a ponownie swoje konto bankowe.<\/p>\n<p>Nast\u0119pnie skontaktuj si\u0119 z operatorem karty kredytowej, poniewa\u017c oficjalne zaksi\u0119gowanie zwrotu mo\u017ce zaj\u0105\u0107 troch\u0119 czasu.<\/p>\n<p>Nast\u0119pnie skontaktuj si\u0119 ze swoim bankiem. Zanim zwrot zostanie zaksi\u0119gowany, cz\u0119sto mija troch\u0119 czasu. <\/p>\n<p>Je\u015bli wykona\u0142e\u015b wszystkie te czynno\u015bci i nadal nie otrzyma\u0142e\u015b zwrotu pieni\u0119dzy, skontaktuj si\u0119 z nami pod adresem <a href=\"mailto:bureau@chamo.be\">bureau@chamo.be.<\/a><\/p>\n<h2><strong>Przedmioty wyprzeda\u017cy:<\/strong><\/h2>\n<p>Zwrotowi mog\u0105 podlega\u0107 wy\u0142\u0105cznie produkty w regularnej cenie. Artyku\u0142y wyprzeda\u017cowe nie podlegaj\u0105 zwrotowi. <\/p>\n<h2><strong>Wymiany:<\/strong><\/h2>\n<p>Wymieniamy przedmioty tylko wtedy, gdy s\u0105 wadliwe lub uszkodzone. Je\u015bli chcesz wymieni\u0107 przedmiot na taki sam, wy\u015blij nam wiadomo\u015b\u0107 e-mail na adres bureau@chamo.be i wy\u015blij przedmiot na adres: Chamo BV &#8211; Brambroek 23 &#8211; 9500 Geraardsbergen &#8211; Belgia <\/p>\n<h2><strong>Prezenty:<\/strong><\/h2>\n<p>Je\u015bli przedmiot zosta\u0142 oznaczony jako prezent w momencie zakupu i wys\u0142any bezpo\u015brednio do Ciebie, otrzymasz kredyt upominkowy w wysoko\u015bci warto\u015bci zwrotu. Po otrzymaniu zwr\u00f3conego produktu zostanie wys\u0142any bon upominkowy. <\/p>\n<p>Je\u015bli przedmiot nie by\u0142 oznaczony jako prezent w momencie zakupu lub osoba obdarowuj\u0105ca wys\u0142a\u0142a zam\u00f3wienie do siebie, aby podarowa\u0107 je p\u00f3\u017aniej, wy\u015blemy zwrot pieni\u0119dzy do osoby obdarowuj\u0105cej, a ona zostanie powiadomiona o zwrocie.<\/p>\n<h2><strong>Zwroty koszt\u00f3w wysy\u0142ki:<\/strong><\/h2>\n<p>Aby zwr\u00f3ci\u0107 produkt, nale\u017cy wys\u0142a\u0107 go na adres: Chamo BV &#8211; Brambroek 23 &#8211; 9500 Geraardsbergen &#8211; Belgia<\/p>\n<p>U\u017cytkownik ponosi odpowiedzialno\u015b\u0107 za pokrycie koszt\u00f3w wysy\u0142ki zwi\u0105zanych ze zwrotem towaru. Koszty wysy\u0142ki nie podlegaj\u0105 zwrotowi. W przypadku otrzymania zwrotu koszt\u00f3w, koszt wysy\u0142ki zwrotnej zostanie odliczony od kwoty zwrotu.  <\/p>\n<p>W zale\u017cno\u015bci od miejsca zamieszkania, czas potrzebny na dotarcie wymienionego produktu mo\u017ce si\u0119 r\u00f3\u017cni\u0107.<\/p>\n<p>W przypadku zwrotu dro\u017cszych przedmiot\u00f3w mo\u017cna rozwa\u017cy\u0107 skorzystanie z us\u0142ugi \u015bledzenia przesy\u0142ki lub wykupienie ubezpieczenia przesy\u0142ki. Nie gwarantujemy, \u017ce otrzymamy zwr\u00f3cony przedmiot. <\/p>\n<p><strong>Potrzebujesz pomocy?<\/strong><\/p>\n<p>W przypadku pyta\u0144 dotycz\u0105cych zwrot\u00f3w prosimy o kontakt pod adresem bureau@chamo.be.<\/p>\t\t\t\t\t\t\t\t<\/div>\n\t\t\t\t<\/div>\n\t\t\t\t\t<\/div>\n\t\t\t\t<\/div>\n\t\t\t\t<\/div>\n\t\t","protected":false},"excerpt":{"rendered":"<p>Polityka zwrot\u00f3w i refundacji Nasza polityka zwrot\u00f3w jest zgodna z przepisami europejskimi, zapewniaj\u0105c 14 dni na zg\u0142oszenie zwrotu: U\u017cytkownik ma 14 dni od daty dostawy na powiadomienie nas o zamiarze zwrotu produktu w celu uzyskania pe\u0142nego zwrotu pieni\u0119dzy lub wymiany. Po up\u0142ywie tego terminu niestety nie mo\u017cemy zaoferowa\u0107 pe\u0142nego zwrotu lub wymiany. Aby kwalifikowa\u0107 si\u0119 [&hellip;]<\/p>\n","protected":false},"author":1,"featured_media":0,"parent":0,"menu_order":0,"comment_status":"closed","ping_status":"closed","template":"","meta":{"footnotes":""},"class_list":["post-7037","page","type-page","status-publish","hentry"],"jetpack_sharing_enabled":true,"_links":{"self":[{"href":"https:\/\/www.babyloniababycarriers.eu\/pl\/wp-json\/wp\/v2\/pages\/7037","targetHints":{"allow":["GET"]}}],"collection":[{"href":"https:\/\/www.babyloniababycarriers.eu\/pl\/wp-json\/wp\/v2\/pages"}],"about":[{"href":"https:\/\/www.babyloniababycarriers.eu\/pl\/wp-json\/wp\/v2\/types\/page"}],"author":[{"embeddable":true,"href":"https:\/\/www.babyloniababycarriers.eu\/pl\/wp-json\/wp\/v2\/users\/1"}],"replies":[{"embeddable":true,"href":"https:\/\/www.babyloniababycarriers.eu\/pl\/wp-json\/wp\/v2\/comments?post=7037"}],"version-history":[{"count":2,"href":"https:\/\/www.babyloniababycarriers.eu\/pl\/wp-json\/wp\/v2\/pages\/7037\/revisions"}],"predecessor-version":[{"id":8694,"href":"https:\/\/www.babyloniababycarriers.eu\/pl\/wp-json\/wp\/v2\/pages\/7037\/revisions\/8694"}],"wp:attachment":[{"href":"https:\/\/www.babyloniababycarriers.eu\/pl\/wp-json\/wp\/v2\/media?parent=7037"}],"curies":[{"name":"wp","href":"https:\/\/api.w.org\/{rel}","templated":true}]}}