{"id":7387,"date":"2024-02-15T19:11:43","date_gmt":"2024-02-15T19:11:43","guid":{"rendered":"https:\/\/www.babyloniababycarriers.eu\/product\/bb-tai-berry-dusk-sizer\/"},"modified":"2024-11-19T10:34:43","modified_gmt":"2024-11-19T09:34:43","slug":"bb-tai-berry-dusk-sizer","status":"publish","type":"product","link":"https:\/\/www.babyloniababycarriers.eu\/it\/product\/bb-tai-berry-dusk-sizer\/","title":{"rendered":"BB-tai &#8211; Crepuscolo di frutti di bosco &#8211; Tagliaboschi"},"content":{"rendered":"<p>La semplicit\u00e0 di un marsupio unita alla capacit\u00e0 di trasporto di un tessuto. Pu\u00f2 essere utilizzato dalla nascita fino a 20 kg sulla pancia o sulla schiena. Permette di trasportare comodamente anche i bambini pi\u00f9 grandi.  <\/p>\n","protected":false},"excerpt":{"rendered":"<p>La semplicit\u00e0 di un marsupio unita alla capacit\u00e0 di trasporto di un tessuto. Pu\u00f2 essere utilizzato dalla nascita fino a 20 kg sulla pancia o sulla schiena. Permette di trasportare comodamente anche i bambini pi\u00f9 grandi.  <\/p>\n","protected":false},"featured_media":3984,"comment_status":"open","ping_status":"closed","template":"","meta":[],"product_brand":[],"product_cat":[126],"product_tag":[],"class_list":{"0":"post-7387","1":"product","2":"type-product","3":"status-publish","4":"has-post-thumbnail","6":"product_cat-brache-intrecciate","8":"first","9":"instock","10":"taxable","11":"shipping-taxable","12":"purchasable","13":"product-type-simple"},"jetpack_sharing_enabled":true,"_links":{"self":[{"href":"https:\/\/www.babyloniababycarriers.eu\/it\/wp-json\/wp\/v2\/product\/7387","targetHints":{"allow":["GET"]}}],"collection":[{"href":"https:\/\/www.babyloniababycarriers.eu\/it\/wp-json\/wp\/v2\/product"}],"about":[{"href":"https:\/\/www.babyloniababycarriers.eu\/it\/wp-json\/wp\/v2\/types\/product"}],"replies":[{"embeddable":true,"href":"https:\/\/www.babyloniababycarriers.eu\/it\/wp-json\/wp\/v2\/comments?post=7387"}],"version-history":[{"count":1,"href":"https:\/\/www.babyloniababycarriers.eu\/it\/wp-json\/wp\/v2\/product\/7387\/revisions"}],"predecessor-version":[{"id":9074,"href":"https:\/\/www.babyloniababycarriers.eu\/it\/wp-json\/wp\/v2\/product\/7387\/revisions\/9074"}],"wp:featuredmedia":[{"embeddable":true,"href":"https:\/\/www.babyloniababycarriers.eu\/it\/wp-json\/wp\/v2\/media\/3984"}],"wp:attachment":[{"href":"https:\/\/www.babyloniababycarriers.eu\/it\/wp-json\/wp\/v2\/media?parent=7387"}],"wp:term":[{"taxonomy":"product_brand","embeddable":true,"href":"https:\/\/www.babyloniababycarriers.eu\/it\/wp-json\/wp\/v2\/product_brand?post=7387"},{"taxonomy":"product_cat","embeddable":true,"href":"https:\/\/www.babyloniababycarriers.eu\/it\/wp-json\/wp\/v2\/product_cat?post=7387"},{"taxonomy":"product_tag","embeddable":true,"href":"https:\/\/www.babyloniababycarriers.eu\/it\/wp-json\/wp\/v2\/product_tag?post=7387"}],"curies":[{"name":"wp","href":"https:\/\/api.w.org\/{rel}","templated":true}]}}