{"id":7117,"date":"2024-02-15T19:11:55","date_gmt":"2024-02-15T19:11:55","guid":{"rendered":"https:\/\/www.babyloniababycarriers.eu\/product\/tricot-slen-bamboo-water-mint-one-size\/"},"modified":"2024-11-19T10:32:52","modified_gmt":"2024-11-19T09:32:52","slug":"tricot-slen-bamboo-water-mint-one-size","status":"publish","type":"product","link":"https:\/\/www.babyloniababycarriers.eu\/it\/product\/tricot-slen-bamboo-water-mint-one-size\/","title":{"rendered":"Tricot- bamb\u00f9 &#8211; Acqua e menta &#8211; Taglia unica"},"content":{"rendered":"<p>Il bamb\u00f9 conferisce al Tricot-Slen le sue propriet\u00e0 uniche: extra morbido, traspirante, ipoallergenico, antibatterico e con un filtro UV naturale, per un&#8217;imbragatura ricca di benefici naturali.<\/p>\n","protected":false},"excerpt":{"rendered":"<p>Il bamb\u00f9 conferisce al Tricot-Slen le sue propriet\u00e0 uniche: extra morbido, traspirante, ipoallergenico, antibatterico e con un filtro UV naturale, per un&#8217;imbragatura ricca di benefici naturali.<\/p>\n","protected":false},"featured_media":6640,"comment_status":"open","ping_status":"closed","template":"","meta":[],"product_brand":[],"product_cat":[99],"product_tag":[],"class_list":{"0":"post-7117","1":"product","2":"type-product","3":"status-publish","4":"has-post-thumbnail","6":"product_cat-imbragature-elastiche","8":"first","9":"instock","10":"taxable","11":"shipping-taxable","12":"purchasable","13":"product-type-simple"},"jetpack_sharing_enabled":true,"_links":{"self":[{"href":"https:\/\/www.babyloniababycarriers.eu\/it\/wp-json\/wp\/v2\/product\/7117","targetHints":{"allow":["GET"]}}],"collection":[{"href":"https:\/\/www.babyloniababycarriers.eu\/it\/wp-json\/wp\/v2\/product"}],"about":[{"href":"https:\/\/www.babyloniababycarriers.eu\/it\/wp-json\/wp\/v2\/types\/product"}],"replies":[{"embeddable":true,"href":"https:\/\/www.babyloniababycarriers.eu\/it\/wp-json\/wp\/v2\/comments?post=7117"}],"version-history":[{"count":1,"href":"https:\/\/www.babyloniababycarriers.eu\/it\/wp-json\/wp\/v2\/product\/7117\/revisions"}],"predecessor-version":[{"id":8945,"href":"https:\/\/www.babyloniababycarriers.eu\/it\/wp-json\/wp\/v2\/product\/7117\/revisions\/8945"}],"wp:featuredmedia":[{"embeddable":true,"href":"https:\/\/www.babyloniababycarriers.eu\/it\/wp-json\/wp\/v2\/media\/6640"}],"wp:attachment":[{"href":"https:\/\/www.babyloniababycarriers.eu\/it\/wp-json\/wp\/v2\/media?parent=7117"}],"wp:term":[{"taxonomy":"product_brand","embeddable":true,"href":"https:\/\/www.babyloniababycarriers.eu\/it\/wp-json\/wp\/v2\/product_brand?post=7117"},{"taxonomy":"product_cat","embeddable":true,"href":"https:\/\/www.babyloniababycarriers.eu\/it\/wp-json\/wp\/v2\/product_cat?post=7117"},{"taxonomy":"product_tag","embeddable":true,"href":"https:\/\/www.babyloniababycarriers.eu\/it\/wp-json\/wp\/v2\/product_tag?post=7117"}],"curies":[{"name":"wp","href":"https:\/\/api.w.org\/{rel}","templated":true}]}}