{"id":7018,"date":"2024-09-25T14:47:52","date_gmt":"2024-09-25T12:47:52","guid":{"rendered":"https:\/\/www.babyloniababycarriers.eu\/product\/flexia-anthracite\/"},"modified":"2025-01-28T14:26:09","modified_gmt":"2025-01-28T13:26:09","slug":"flexia-anthracite","status":"publish","type":"product","link":"https:\/\/www.babyloniababycarriers.eu\/it\/product\/flexia-anthracite\/","title":{"rendered":"Flexia Antracite"},"content":{"rendered":"<p>Ecco il Flexia: un marsupio senza tempo, ora con un nuovo look! Amato da sempre dai genitori, il Flexia \u00e8 rinomato per la sua adattabilit\u00e0: offre a te e al tuo piccolo la vestibilit\u00e0 perfetta dalla nascita fino ai 4 anni. I pannelli regolabili offrono al tuo bambino una seduta comoda ed ergonomica, assicurando una vestibilit\u00e0 confortevole in tutte le fasi della crescita. Ora disponibile in un design moderno e rilassato, il Flexia si adatta a ogni stile e occasione.<\/p>\n<p>Adatto dalla nascita ai 4 anni Realizzato in cotone biologico Disponibile in 3 colori alla moda Sostenibile ed ecologico Facile da usare Flexia, dove lo stile incontra il comfort per genitore e bambino.  <\/p>\n","protected":false},"excerpt":{"rendered":"<p>Ecco il Flexia: un marsupio senza tempo, ora con un nuovo look! Amato da sempre dai genitori, il Flexia \u00e8 rinomato per la sua adattabilit\u00e0: offre a te e al tuo piccolo la vestibilit\u00e0 perfetta dalla nascita fino ai 4 anni. I pannelli regolabili offrono al tuo bambino una seduta comoda ed ergonomica, assicurando una [&hellip;]<\/p>\n","protected":false},"featured_media":6136,"comment_status":"open","ping_status":"closed","template":"","meta":[],"product_brand":[],"product_cat":[108],"product_tag":[],"class_list":{"0":"post-7018","1":"product","2":"type-product","3":"status-publish","4":"has-post-thumbnail","6":"product_cat-marsupi-ergonomici","8":"first","9":"instock","10":"taxable","11":"shipping-taxable","12":"purchasable","13":"product-type-simple"},"jetpack_sharing_enabled":true,"_links":{"self":[{"href":"https:\/\/www.babyloniababycarriers.eu\/it\/wp-json\/wp\/v2\/product\/7018","targetHints":{"allow":["GET"]}}],"collection":[{"href":"https:\/\/www.babyloniababycarriers.eu\/it\/wp-json\/wp\/v2\/product"}],"about":[{"href":"https:\/\/www.babyloniababycarriers.eu\/it\/wp-json\/wp\/v2\/types\/product"}],"replies":[{"embeddable":true,"href":"https:\/\/www.babyloniababycarriers.eu\/it\/wp-json\/wp\/v2\/comments?post=7018"}],"version-history":[{"count":1,"href":"https:\/\/www.babyloniababycarriers.eu\/it\/wp-json\/wp\/v2\/product\/7018\/revisions"}],"predecessor-version":[{"id":8717,"href":"https:\/\/www.babyloniababycarriers.eu\/it\/wp-json\/wp\/v2\/product\/7018\/revisions\/8717"}],"wp:featuredmedia":[{"embeddable":true,"href":"https:\/\/www.babyloniababycarriers.eu\/it\/wp-json\/wp\/v2\/media\/6136"}],"wp:attachment":[{"href":"https:\/\/www.babyloniababycarriers.eu\/it\/wp-json\/wp\/v2\/media?parent=7018"}],"wp:term":[{"taxonomy":"product_brand","embeddable":true,"href":"https:\/\/www.babyloniababycarriers.eu\/it\/wp-json\/wp\/v2\/product_brand?post=7018"},{"taxonomy":"product_cat","embeddable":true,"href":"https:\/\/www.babyloniababycarriers.eu\/it\/wp-json\/wp\/v2\/product_cat?post=7018"},{"taxonomy":"product_tag","embeddable":true,"href":"https:\/\/www.babyloniababycarriers.eu\/it\/wp-json\/wp\/v2\/product_tag?post=7018"}],"curies":[{"name":"wp","href":"https:\/\/api.w.org\/{rel}","templated":true}]}}