{"id":6964,"date":"2024-09-26T11:29:47","date_gmt":"2024-09-26T09:29:47","guid":{"rendered":"https:\/\/www.babyloniababycarriers.eu\/product\/tricot-slen-bamboo-apricot-crush\/"},"modified":"2024-11-19T10:26:41","modified_gmt":"2024-11-19T09:26:41","slug":"tricot-slen-bamboo-apricot-crush","status":"publish","type":"product","link":"https:\/\/www.babyloniababycarriers.eu\/it\/product\/tricot-slen-bamboo-apricot-crush\/","title":{"rendered":"Bamb\u00f9 con tricot &#8211; Albicocca"},"content":{"rendered":"<p class=\"cvGsUA direction-ltr align-start para-style-body\"><span class=\"OYPEnA font-feature-liga-off font-feature-clig-off font-feature-calt-off text-decoration-none text-strikethrough-none\">Presente sul mercato da oltre 25 anni, \u00e8 ancora la migliore imbragatura elastica grazie al suo esclusivo metodo di lavorazione a maglia! L&#8217;imbragatura \u00e8 facile da indossare e offre un eccellente supporto ergonomico. Grazie all&#8217;esclusiva tecnica di lavorazione a maglia e al fatto di NON utilizzare elastan, si evitano i rimbalzi durante il trasporto.  <\/span><\/p>\n<p class=\"cvGsUA direction-ltr align-start para-style-body\"><span class=\"OYPEnA font-feature-liga-off font-feature-clig-off font-feature-calt-off text-decoration-none text-strikethrough-none\">L&#8217;Apricot Crush \u00e8 realizzato in morbidissimo bamb\u00f9 traspirante. Inoltre, questo colore \u00e8 una tonalit\u00e0 pastello ideale per completare qualsiasi outfit. <\/span><\/p>\n<ul>\n<li><span class=\"OYPEnA font-feature-liga-off font-feature-clig-off font-feature-calt-off text-decoration-none text-strikethrough-none\">100% viscosa di bamb\u00f9<\/span><\/li>\n<li><span class=\"OYPEnA font-feature-liga-off font-feature-clig-off font-feature-calt-off text-decoration-none text-strikethrough-none\">Imbragatura elastica senza elastan<\/span><\/li>\n<li><span class=\"OYPEnA font-feature-liga-off font-feature-clig-off font-feature-calt-off text-decoration-none text-strikethrough-none\">Perfetto per i neonati<\/span><\/li>\n<li><span class=\"OYPEnA font-feature-liga-off font-feature-clig-off font-feature-calt-off text-decoration-none text-strikethrough-none\">Sostenibile ed ecologico<\/span><\/li>\n<li><span class=\"OYPEnA font-feature-liga-off font-feature-clig-off font-feature-calt-off text-decoration-none text-strikethrough-none\">Un&#8217;esclusiva tecnica di lavorazione a maglia che impedisce il rimbalzo<\/span><\/li>\n<li><span class=\"OYPEnA font-feature-liga-off font-feature-clig-off font-feature-calt-off text-decoration-none text-strikethrough-none\">Leggera e liscia come la seta<\/span><\/li>\n<\/ul>\n","protected":false},"excerpt":{"rendered":"<p>Presente sul mercato da oltre 25 anni, \u00e8 ancora la migliore imbragatura elastica grazie al suo esclusivo metodo di lavorazione a maglia! L&#8217;imbragatura \u00e8 facile da indossare e offre un eccellente supporto ergonomico. Grazie all&#8217;esclusiva tecnica di lavorazione a maglia e al fatto di NON utilizzare elastan, si evitano i rimbalzi durante il trasporto. L&#8217;Apricot [&hellip;]<\/p>\n","protected":false},"featured_media":6388,"comment_status":"open","ping_status":"closed","template":"","meta":[],"product_brand":[],"product_cat":[99],"product_tag":[],"class_list":{"0":"post-6964","1":"product","2":"type-product","3":"status-publish","4":"has-post-thumbnail","6":"product_cat-imbragature-elastiche","8":"first","9":"instock","10":"taxable","11":"shipping-taxable","12":"purchasable","13":"product-type-simple"},"jetpack_sharing_enabled":true,"_links":{"self":[{"href":"https:\/\/www.babyloniababycarriers.eu\/it\/wp-json\/wp\/v2\/product\/6964","targetHints":{"allow":["GET"]}}],"collection":[{"href":"https:\/\/www.babyloniababycarriers.eu\/it\/wp-json\/wp\/v2\/product"}],"about":[{"href":"https:\/\/www.babyloniababycarriers.eu\/it\/wp-json\/wp\/v2\/types\/product"}],"replies":[{"embeddable":true,"href":"https:\/\/www.babyloniababycarriers.eu\/it\/wp-json\/wp\/v2\/comments?post=6964"}],"version-history":[{"count":1,"href":"https:\/\/www.babyloniababycarriers.eu\/it\/wp-json\/wp\/v2\/product\/6964\/revisions"}],"predecessor-version":[{"id":8774,"href":"https:\/\/www.babyloniababycarriers.eu\/it\/wp-json\/wp\/v2\/product\/6964\/revisions\/8774"}],"wp:featuredmedia":[{"embeddable":true,"href":"https:\/\/www.babyloniababycarriers.eu\/it\/wp-json\/wp\/v2\/media\/6388"}],"wp:attachment":[{"href":"https:\/\/www.babyloniababycarriers.eu\/it\/wp-json\/wp\/v2\/media?parent=6964"}],"wp:term":[{"taxonomy":"product_brand","embeddable":true,"href":"https:\/\/www.babyloniababycarriers.eu\/it\/wp-json\/wp\/v2\/product_brand?post=6964"},{"taxonomy":"product_cat","embeddable":true,"href":"https:\/\/www.babyloniababycarriers.eu\/it\/wp-json\/wp\/v2\/product_cat?post=6964"},{"taxonomy":"product_tag","embeddable":true,"href":"https:\/\/www.babyloniababycarriers.eu\/it\/wp-json\/wp\/v2\/product_tag?post=6964"}],"curies":[{"name":"wp","href":"https:\/\/api.w.org\/{rel}","templated":true}]}}