{"id":8471,"date":"2023-11-14T08:24:29","date_gmt":"2023-11-14T07:24:29","guid":{"rendered":"https:\/\/www.babyloniababycarriers.eu\/termini-e-condizioni\/"},"modified":"2025-01-14T15:07:24","modified_gmt":"2025-01-14T14:07:24","slug":"termini-e-condizioni","status":"publish","type":"page","link":"https:\/\/www.babyloniababycarriers.eu\/it\/termini-e-condizioni\/","title":{"rendered":"Termini e condizioni"},"content":{"rendered":"\t\t<div data-elementor-type=\"wp-page\" data-elementor-id=\"8471\" class=\"elementor elementor-8471 elementor-77\" data-elementor-post-type=\"page\">\n\t\t\t\t<div class=\"elementor-element elementor-element-3b1840a0 e-flex e-con-boxed e-con e-parent\" data-id=\"3b1840a0\" data-element_type=\"container\" data-e-type=\"container\">\n\t\t\t\t\t<div class=\"e-con-inner\">\n\t\t\t\t<div class=\"elementor-element elementor-element-24b270da elementor-widget elementor-widget-heading\" data-id=\"24b270da\" data-element_type=\"widget\" data-e-type=\"widget\" data-widget_type=\"heading.default\">\n\t\t\t\t<div class=\"elementor-widget-container\">\n\t\t\t\t\t<h1 class=\"elementor-heading-title elementor-size-default\">Termini e condizioni<\/h1>\t\t\t\t<\/div>\n\t\t\t\t<\/div>\n\t\t\t\t<div class=\"elementor-element elementor-element-5d0af1ac elementor-widget elementor-widget-text-editor\" data-id=\"5d0af1ac\" data-element_type=\"widget\" data-e-type=\"widget\" data-widget_type=\"text-editor.default\">\n\t\t\t\t<div class=\"elementor-widget-container\">\n\t\t\t\t\t\t\t\t\t<h2>Articolo 1: Vendite online<\/h2>\n<p>Chamo BV gestisce il Sito web per la vendita dei suoi prodotti a clienti di tutto il mondo. I presenti termini e condizioni regolano la vendita dei prodotti tramite il Sito web. La Societ\u00e0, di seguito denominata anche &#8220;noi&#8221; o &#8220;ci&#8221;, ha sede a Geraardsbergen e ha il numero di societ\u00e0 BE0875.816.760. Pu\u00f2 essere contattata telefonicamente al numero +32 54 240 330 e via e-mail all&#8217;indirizzo bureau@chamo.be. L&#8217;acquirente \u00e8 qualsiasi persona che acquista o ordina beni o servizi attraverso il Sito web www.babylonia.eu ed \u00e8 di seguito indicato come &#8220;Acquirente&#8221; o &#8220;tu&#8221;. Acquistando o ordinando beni e servizi tramite il Sito web, l&#8217;utente accetta irrevocabilmente i presenti Termini e condizioni nella versione in vigore al momento dell&#8217;ordine e l&#8217;applicazione di tutti gli altri termini e condizioni \u00e8 esclusa.     <\/p>\n<h2>Articolo 2: Prezzo<\/h2>\n<p>I prezzi dei nostri beni e servizi sono indicati sul Sito in euro e sono comprensivi di IVA e di altri costi aggiuntivi obbligatori. I costi di consegna sono indicati separatamente in base alle scelte effettuate in merito. I prezzi sono pagabili in euro indipendentemente dal luogo di consegna o dal luogo di residenza dell&#8217;Acquirente. La Societ\u00e0 non sar\u00e0 responsabile dell&#8217;addebito di dazi doganali o di altre tasse o imposte locali per la consegna di beni e servizi al di fuori dell&#8217;Unione Europea. Tali dazi o tasse saranno a carico dell&#8217;Acquirente, che sar\u00e0 inoltre obbligato, se del caso, a fare dichiarazioni alle autorit\u00e0 competenti del paese di consegna. La Societ\u00e0 si riserva il diritto di modificare i propri prezzi in qualsiasi momento, senza alcun preavviso. I beni e i servizi sono fatturati sulla base del prezzo in vigore al momento della registrazione dell&#8217;ordine, in base alla disponibilit\u00e0 e salvo errori amministrativi. La merce rimane di propriet\u00e0 della Societ\u00e0 fino al completo pagamento del prezzo. Nonostante questa riserva di propriet\u00e0, il rischio di perdita o danno passa all&#8217;Acquirente a partire dalla consegna della merce. Le promozioni sono valide fino alla data indicata o, in ogni caso, per un massimo di un mese dall&#8217;annuncio. Non sono cumulabili. I buoni sconto non possono essere scambiati con denaro contante e non sono n\u00e9 totalmente n\u00e9 parzialmente rimborsabili.           <\/p>\n<h2>Articolo 3: Formazione del contratto di compravendita<\/h2>\n<p>La vendita-acquisto si conclude dopo che l&#8217;utente ha selezionato i beni e i servizi sul Sito web, ha confermato l&#8217;acquisto dopo aver controllato i beni e i servizi ordinati e il prezzo, l&#8217;ordine \u00e8 stato ricevuto da noi e abbiamo confermato l&#8217;ordine all&#8217;utente. La Societ\u00e0 si riserva il diritto di annullare qualsiasi ordine di un cliente con il quale esista una controversia relativa al pagamento di un altro ordine. La Societ\u00e0 si riserva inoltre il diritto di richiedere ulteriori informazioni per la sicurezza del cliente e, in caso contrario, di rifiutare l&#8217;esecuzione dell&#8217;ordine.  <\/p>\n<h2>Articolo 4: Disponibilit\u00e0<\/h2>\n<p>Le nostre offerte sono valide fino all&#8217;esaurimento delle scorte o in base alla disponibilit\u00e0 del fornitore o del produttore. In caso di indisponibilit\u00e0 dopo aver effettuato l&#8217;ordine, ti informeremo il prima possibile senza essere tenuti a pagare alcun risarcimento. Escludiamo qualsiasi responsabilit\u00e0 in merito.  <\/p>\n<h2>Articolo 5: Consegna<\/h2>\n<p>Dopo l&#8217;accettazione dell&#8217;ordine e del pagamento, la merce o i servizi saranno consegnati all&#8217;indirizzo di consegna indicato durante il processo d&#8217;ordine. Se non diversamente specificato, la consegna avverr\u00e0 entro 30 giorni dall&#8217;ordine. Allo scadere di questo periodo, hai il diritto di richiedere la cancellazione e il rimborso del tuo acquisto. In caso contrario, la Societ\u00e0 non si assume alcuna responsabilit\u00e0 in caso di ritardo nella consegna, n\u00e9 nel caso in cui la consegna non possa avvenire a causa di informazioni errate o incomplete fornite dall&#8217;acquirente al momento dell&#8217;ordine.   <\/p>\n<h2>Articolo 6: Diritto di recesso<\/h2>\n<p>Se l&#8217;Acquirente \u00e8 un consumatore che acquista beni o servizi a distanza, ha il diritto di comunicare al Venditore la propria rinuncia all&#8217;acquisto, senza il pagamento di una penale e senza indicarne il motivo, entro 14 giorni di calendario dal giorno successivo alla consegna dei beni o alla conclusione del contratto di servizio. I rimborsi saranno effettuati entro un periodo di 30 giorni dal ricevimento della richiesta di recesso. Il rimborso sar\u00e0 effettuato tramite bonifico sul tuo conto corrente bancario o tramite accredito sulla tua carta di credito. Il consumatore non ha il diritto di recedere dall&#8217;acquisto nei casi previsti dalla legge e, tra l&#8217;altro, quando i beni sono stati fabbricati secondo le specifiche del consumatore o quando l&#8217;esecuzione del contratto di servizio \u00e8 iniziata prima della fine del periodo di recesso.   <\/p>\n<h2>Articolo 7: Pagamento<\/h2>\n<p>L&#8217;Acquirente pu\u00f2 pagare il suo ordine con carta di debito o di credito, con Paypal o iDeal o con bonifico bancario sul nostro conto corrente, come indicato sul Sito. Il prezzo deve essere pagato per intero prima della consegna. In caso di ritardo nel pagamento, saranno dovuti interessi di mora pari al 6% annuo, ipso jure e senza preavviso, nonch\u00e9 un risarcimento forfettario per i costi amministrativi del Venditore pari al 10% dell&#8217;importo dovuto con un minimo di 100 euro.  <\/p>\n<h2>Articolo 8: Buoni regalo<\/h2>\n<p>I buoni regalo elettronici e cartacei della Societ\u00e0 possono essere utilizzati sul Sito www.babylonia.eu. Sono validi per un anno dalla data di emissione e possono essere rinnovati per un altro anno pagando una tassa amministrativa. Per utilizzare i buoni, seleziona l&#8217;opzione &#8220;Altre opzioni di pagamento&#8221; nella pagina &#8220;Pagamenti&#8221;, quindi &#8220;Buono regalo&#8221;. Inserisci il codice nell&#8217;apposita casella. Se l&#8217;importo dell&#8217;ordine supera l&#8217;importo del buono regalo, dovrai pagare la differenza. Se l&#8217;importo dell&#8217;ordine \u00e8 inferiore all&#8217;importo del buono regalo, il saldo verr\u00e0 trattenuto sotto forma di credito. Puoi seguire l&#8217;andamento del tuo credito attraverso la sezione &#8220;Il mio account&#8221;.      <\/p>\n<h2>Articolo 9: Propriet\u00e0 intellettuale<\/h2>\n<p>Tutti i testi, i commenti, le riviste, le illustrazioni e le immagini visualizzate sul sito web www.babylonia.eu sono protetti dal diritto d&#8217;autore e dai diritti connessi, nonch\u00e9 da tutte le leggi sulla propriet\u00e0 intellettuale in tutto il mondo. Qualsiasi riproduzione parziale o totale del sito web o del catalogo della Societ\u00e0 \u00e8 severamente vietata. <\/p>\n<h2>Articolo 10: Responsabilit\u00e0<\/h2>\n<p>La Societ\u00e0 si impegna a fornire beni e servizi conformi alla legislazione vigente nell&#8217;Unione Europea e in Belgio. La Societ\u00e0 non pu\u00f2 essere ritenuta responsabile in caso di mancata conformit\u00e0 alla legislazione di un paese al di fuori dell&#8217;Unione Europea in cui i prodotti devono essere consegnati. I prodotti venduti ai consumatori sono coperti dalla garanzia legale di due anni. Qualsiasi non conformit\u00e0 relativa alla vendita al consumatore deve essere segnalata entro due mesi dal rilevamento. Qualsiasi reclamo relativo a danni visibili alla merce consegnata e a danni causati durante il trasporto e la consegna deve essere formulato per iscritto sui documenti di accompagnamento al momento della consegna o segnalato via e-mail entro 24 ore dalla consegna. Lo stesso vale per le consegne non conformi o incomplete. Per qualsiasi ulteriore informazione o domanda, il nostro Servizio Clienti \u00e8 sempre disponibile al numero di telefono +32 54 240 330 e all&#8217;indirizzo e-mail info@chamo.be.      <\/p>\n<h2>Articolo 11: Trattamento dei dati personali<\/h2>\n<p>Quando effettui un ordine nell&#8217;ambito del tuo acquisto online, su www.babylonia.eu, accetti che la Societ\u00e0 utilizzi i tuoi dati personali in conformit\u00e0 alla legge applicabile dell&#8217;8 dicembre 1992 sulla tutela della privacy in relazione al trattamento dei dati personali. La Societ\u00e0 utilizza i tuoi dati personali per l&#8217;esecuzione del contratto e per tenerti informato sui nostri prodotti e servizi, anche attraverso il marketing diretto. Hai il diritto di prendere visione dei tuoi dati in qualsiasi momento e di modificarli qualora risultassero errati.  <\/p>\n<h2>Articolo 12: Autonomia delle disposizioni<\/h2>\n<p>La nullit\u00e0, l&#8217;invalidit\u00e0 o l&#8217;inapplicabilit\u00e0, totale o parziale, di qualsiasi disposizione dei presenti Termini e Condizioni Generali, o di qualsiasi termine o parte di essi, non pregiudicher\u00e0 la nullit\u00e0, l&#8217;invalidit\u00e0 o l&#8217;inapplicabilit\u00e0 delle restanti disposizioni, termini e parti di essi, n\u00e9 pregiudicher\u00e0 la validit\u00e0 e l&#8217;applicabilit\u00e0 dei Termini e Condizioni Generali nel loro complesso.<\/p>\n<h2>Articolo 13: Legge applicabile e tribunali competenti<\/h2>\n<p>Le presenti Condizioni Generali di Contratto sono soggette alla legge belga. In caso di controversia, sono competenti solo i tribunali di Bruxelles, fermo restando il diritto del consumatore di adire i tribunali della propria giurisdizione. <\/p>\n\t\t\t\t\t\t\t\t<\/div>\n\t\t\t\t<\/div>\n\t\t\t\t\t<\/div>\n\t\t\t\t<\/div>\n\t\t\t\t<\/div>\n\t\t","protected":false},"excerpt":{"rendered":"<p>Termini e condizioni Articolo 1: Vendite online Chamo BV gestisce il Sito web per la vendita dei suoi prodotti a clienti di tutto il mondo. I presenti termini e condizioni regolano la vendita dei prodotti tramite il Sito web. La Societ\u00e0, di seguito denominata anche &#8220;noi&#8221; o &#8220;ci&#8221;, ha sede a Geraardsbergen e ha il [&hellip;]<\/p>\n","protected":false},"author":1,"featured_media":0,"parent":0,"menu_order":0,"comment_status":"closed","ping_status":"closed","template":"elementor_header_footer","meta":{"footnotes":""},"class_list":["post-8471","page","type-page","status-publish","hentry"],"jetpack_sharing_enabled":true,"_links":{"self":[{"href":"https:\/\/www.babyloniababycarriers.eu\/it\/wp-json\/wp\/v2\/pages\/8471","targetHints":{"allow":["GET"]}}],"collection":[{"href":"https:\/\/www.babyloniababycarriers.eu\/it\/wp-json\/wp\/v2\/pages"}],"about":[{"href":"https:\/\/www.babyloniababycarriers.eu\/it\/wp-json\/wp\/v2\/types\/page"}],"author":[{"embeddable":true,"href":"https:\/\/www.babyloniababycarriers.eu\/it\/wp-json\/wp\/v2\/users\/1"}],"replies":[{"embeddable":true,"href":"https:\/\/www.babyloniababycarriers.eu\/it\/wp-json\/wp\/v2\/comments?post=8471"}],"version-history":[{"count":2,"href":"https:\/\/www.babyloniababycarriers.eu\/it\/wp-json\/wp\/v2\/pages\/8471\/revisions"}],"predecessor-version":[{"id":9288,"href":"https:\/\/www.babyloniababycarriers.eu\/it\/wp-json\/wp\/v2\/pages\/8471\/revisions\/9288"}],"wp:attachment":[{"href":"https:\/\/www.babyloniababycarriers.eu\/it\/wp-json\/wp\/v2\/media?parent=8471"}],"curies":[{"name":"wp","href":"https:\/\/api.w.org\/{rel}","templated":true}]}}