{"id":8607,"date":"2024-02-12T20:15:00","date_gmt":"2024-02-12T20:15:00","guid":{"rendered":"https:\/\/www.babyloniababycarriers.eu\/product\/bola-ensemble-collier-et-bracelet-bola-breloque-maman-bebe-en-perles-de-pierre-plaquees-or-taille-unique\/"},"modified":"2024-02-12T20:15:00","modified_gmt":"2024-02-12T19:15:00","slug":"bola-ensemble-collier-et-bracelet-bola-breloque-maman-bebe-en-perles-de-pierre-plaquees-or-taille-unique","status":"publish","type":"product","link":"https:\/\/www.babyloniababycarriers.eu\/fr\/product\/bola-ensemble-collier-et-bracelet-bola-breloque-maman-bebe-en-perles-de-pierre-plaquees-or-taille-unique\/","title":{"rendered":"Bola &#8211; Ensemble collier et bracelet Bola &#8211; Breloque maman\/b\u00e9b\u00e9 en perles de pierre plaqu\u00e9es or &#8211; Taille unique"},"content":{"rendered":"<p>\u00c0 partir de 20 semaines de grossesse, votre b\u00e9b\u00e9 reconna\u00eetra votre voix, les battements de votre c\u0153ur et d&rsquo;autres sons. Et aussi le doux son de la cloche de grossesse Babylonia : un bijou fait main au Mexique avec un xylophone. Portez le Bola bas sur votre ventre de femme enceinte, sur un long collier. \u00c0 chaque mouvement, le bola \u00e9met un son apaisant. Un doux tintement qui semble familier \u00e0 votre b\u00e9b\u00e9 &#8211; avant et apr\u00e8s la naissance. Nos sets sont id\u00e9aux comme cadeaux de maternit\u00e9. Gr\u00e2ce au bracelet, offrez \u00e0 votre maman un merveilleux souvenir de cette p\u00e9riode magique, m\u00eame apr\u00e8s la grossesse.    <\/p>\n","protected":false},"excerpt":{"rendered":"<p>Un collier Bola et un bracelet assorti, pr\u00e9sent\u00e9s dans un \u00e9crin noir. Avec le bracelet, vous pouvez porter un accessoire durable, m\u00eame apr\u00e8s la grossesse, qui vous rappellera cette p\u00e9riode magique. <\/p>\n","protected":false},"featured_media":2199,"comment_status":"open","ping_status":"closed","template":"","meta":[],"product_brand":[],"product_cat":[87],"product_tag":[],"class_list":{"0":"post-8607","1":"product","2":"type-product","3":"status-publish","4":"has-post-thumbnail","6":"product_cat-baby-bola-fr","8":"first","9":"instock","10":"taxable","11":"shipping-taxable","12":"purchasable","13":"product-type-simple"},"jetpack_sharing_enabled":true,"_links":{"self":[{"href":"https:\/\/www.babyloniababycarriers.eu\/fr\/wp-json\/wp\/v2\/product\/8607","targetHints":{"allow":["GET"]}}],"collection":[{"href":"https:\/\/www.babyloniababycarriers.eu\/fr\/wp-json\/wp\/v2\/product"}],"about":[{"href":"https:\/\/www.babyloniababycarriers.eu\/fr\/wp-json\/wp\/v2\/types\/product"}],"replies":[{"embeddable":true,"href":"https:\/\/www.babyloniababycarriers.eu\/fr\/wp-json\/wp\/v2\/comments?post=8607"}],"version-history":[{"count":0,"href":"https:\/\/www.babyloniababycarriers.eu\/fr\/wp-json\/wp\/v2\/product\/8607\/revisions"}],"wp:featuredmedia":[{"embeddable":true,"href":"https:\/\/www.babyloniababycarriers.eu\/fr\/wp-json\/wp\/v2\/media\/2199"}],"wp:attachment":[{"href":"https:\/\/www.babyloniababycarriers.eu\/fr\/wp-json\/wp\/v2\/media?parent=8607"}],"wp:term":[{"taxonomy":"product_brand","embeddable":true,"href":"https:\/\/www.babyloniababycarriers.eu\/fr\/wp-json\/wp\/v2\/product_brand?post=8607"},{"taxonomy":"product_cat","embeddable":true,"href":"https:\/\/www.babyloniababycarriers.eu\/fr\/wp-json\/wp\/v2\/product_cat?post=8607"},{"taxonomy":"product_tag","embeddable":true,"href":"https:\/\/www.babyloniababycarriers.eu\/fr\/wp-json\/wp\/v2\/product_tag?post=8607"}],"curies":[{"name":"wp","href":"https:\/\/api.w.org\/{rel}","templated":true}]}}