{"id":7761,"date":"2024-02-12T20:15:07","date_gmt":"2024-02-12T20:15:07","guid":{"rendered":"https:\/\/www.babyloniababycarriers.eu\/product\/bola-blanc-2-coeurs-taille-unique\/"},"modified":"2024-02-12T20:15:07","modified_gmt":"2024-02-12T19:15:07","slug":"bola-blanc-2-coeurs-taille-unique","status":"publish","type":"product","link":"https:\/\/www.babyloniababycarriers.eu\/fr\/product\/bola-blanc-2-coeurs-taille-unique\/","title":{"rendered":"Bola &#8211; Blanc 2 c\u0153urs &#8211; Taille unique"},"content":{"rendered":"<p>\u00c0 partir de 20 semaines de grossesse, votre b\u00e9b\u00e9 reconna\u00eetra votre voix, les battements de votre c\u0153ur et bien d&rsquo;autres sons, y compris des sons apaisants comme le bola de grossesse Babylonia. Le bola de grossesse est un bijou mexicain fabriqu\u00e9 \u00e0 la main qui contient un petit xylophone. Portez le Bola contre votre ventre \u00e0 l&rsquo;aide d&rsquo;une longue cha\u00eene. \u00c0 chaque mouvement, le Bola \u00e9mettra un son apaisant, un doux tintement que votre b\u00e9b\u00e9 conna\u00eetra, avant et apr\u00e8s la naissance. Apr\u00e8s la naissance, cousez le Bola dans la peluche de votre b\u00e9b\u00e9 pour lui rappeler les doux sons qu&rsquo;il a entendus dans votre ventre. Associez ce magnifique bijou \u00e0 un collier Bola en or rose, en or ou en argent, et vous attirerez tous les regards, m\u00eame celui de votre b\u00e9b\u00e9 ! Nos Bolas sont dor\u00e9s, dor\u00e9s \u00e0 l&rsquo;or rose ou argent\u00e9s. Les mod\u00e8les color\u00e9s sont recouverts d&rsquo;une r\u00e9sine color\u00e9e. Ils sont tous exempts de nickel et de plomb et ne sont donc pas nocifs pour la m\u00e8re ou le b\u00e9b\u00e9. Ils sont vendus avec un lien en coton 100% noir, d&rsquo;une longueur de 120 cm.         <\/p>\n","protected":false},"excerpt":{"rendered":"<p>Portez le Bola contre votre ventre \u00e0 l&rsquo;aide d&rsquo;une longue cha\u00eene. \u00c0 chaque mouvement, le Bola \u00e9met un son apaisant, un doux tintement que votre b\u00e9b\u00e9 conna\u00eet. <\/p>\n","protected":false},"featured_media":1265,"comment_status":"open","ping_status":"closed","template":"","meta":[],"product_brand":[],"product_cat":[87],"product_tag":[],"class_list":{"0":"post-7761","1":"product","2":"type-product","3":"status-publish","4":"has-post-thumbnail","6":"product_cat-baby-bola-fr","8":"first","9":"outofstock","10":"taxable","11":"shipping-taxable","12":"purchasable","13":"product-type-simple"},"jetpack_sharing_enabled":true,"_links":{"self":[{"href":"https:\/\/www.babyloniababycarriers.eu\/fr\/wp-json\/wp\/v2\/product\/7761","targetHints":{"allow":["GET"]}}],"collection":[{"href":"https:\/\/www.babyloniababycarriers.eu\/fr\/wp-json\/wp\/v2\/product"}],"about":[{"href":"https:\/\/www.babyloniababycarriers.eu\/fr\/wp-json\/wp\/v2\/types\/product"}],"replies":[{"embeddable":true,"href":"https:\/\/www.babyloniababycarriers.eu\/fr\/wp-json\/wp\/v2\/comments?post=7761"}],"version-history":[{"count":0,"href":"https:\/\/www.babyloniababycarriers.eu\/fr\/wp-json\/wp\/v2\/product\/7761\/revisions"}],"wp:featuredmedia":[{"embeddable":true,"href":"https:\/\/www.babyloniababycarriers.eu\/fr\/wp-json\/wp\/v2\/media\/1265"}],"wp:attachment":[{"href":"https:\/\/www.babyloniababycarriers.eu\/fr\/wp-json\/wp\/v2\/media?parent=7761"}],"wp:term":[{"taxonomy":"product_brand","embeddable":true,"href":"https:\/\/www.babyloniababycarriers.eu\/fr\/wp-json\/wp\/v2\/product_brand?post=7761"},{"taxonomy":"product_cat","embeddable":true,"href":"https:\/\/www.babyloniababycarriers.eu\/fr\/wp-json\/wp\/v2\/product_cat?post=7761"},{"taxonomy":"product_tag","embeddable":true,"href":"https:\/\/www.babyloniababycarriers.eu\/fr\/wp-json\/wp\/v2\/product_tag?post=7761"}],"curies":[{"name":"wp","href":"https:\/\/api.w.org\/{rel}","templated":true}]}}