{"id":7656,"date":"2024-02-15T19:00:40","date_gmt":"2024-02-15T19:00:40","guid":{"rendered":"https:\/\/www.babyloniababycarriers.eu\/product\/tricot-click-noir-taille-unique\/"},"modified":"2024-02-15T19:00:40","modified_gmt":"2024-02-15T18:00:40","slug":"tricot-click-noir-taille-unique","status":"publish","type":"product","link":"https:\/\/www.babyloniababycarriers.eu\/fr\/product\/tricot-click-noir-taille-unique\/","title":{"rendered":"Tricot-Click &#8211; Noir &#8211; Taille unique"},"content":{"rendered":"<p>Tricot-Click est la combinaison parfaite entre le confort d&rsquo;une \u00e9charpe de portage extensible et la facilit\u00e9 d&rsquo;utilisation d&rsquo;un porte-b\u00e9b\u00e9 ergonomique. Porte-b\u00e9b\u00e9 ergonomique adaptable de la naissance \u00e0 15 kg. Mati\u00e8re du porte-b\u00e9b\u00e9 extensible, souple et douce, pour une assise qui s&rsquo;adapte parfaitement \u00e0 la morphologie de b\u00e9b\u00e9. 2 positions : ventre et dos. R\u00e9partition optimale du poids pour plus de confort. Facile \u00e0 mettre en place et \u00e0 r\u00e9gler. Largeur et hauteur r\u00e9glables pour \u00e9voluer avec b\u00e9b\u00e9.      <\/p>\n","protected":false},"excerpt":{"rendered":"<p>Tricot-Click est la combinaison parfaite entre le confort d&rsquo;une \u00e9charpe de portage extensible et la facilit\u00e9 d&rsquo;utilisation d&rsquo;un porte-b\u00e9b\u00e9 ergonomique. Porte-b\u00e9b\u00e9 ergonomique adaptable de la naissance \u00e0 15 kg. Mati\u00e8re du porte-b\u00e9b\u00e9 extensible, souple et douce, pour une assise qui s&rsquo;adapte parfaitement \u00e0 la morphologie de b\u00e9b\u00e9. 2 positions : ventre et dos. R\u00e9partition optimale du poids pour plus de confort. Facile \u00e0 mettre en place et \u00e0 r\u00e9gler. Largeur et hauteur r\u00e9glables pour \u00e9voluer avec b\u00e9b\u00e9.      <\/p>\n","protected":false},"featured_media":1104,"comment_status":"open","ping_status":"closed","template":"","meta":[],"product_brand":[],"product_cat":[105],"product_tag":[],"class_list":{"0":"post-7656","1":"product","2":"type-product","3":"status-publish","4":"has-post-thumbnail","6":"product_cat-porte-bebes-ergonomiques","8":"first","9":"instock","10":"taxable","11":"shipping-taxable","12":"purchasable","13":"product-type-simple"},"jetpack_sharing_enabled":true,"_links":{"self":[{"href":"https:\/\/www.babyloniababycarriers.eu\/fr\/wp-json\/wp\/v2\/product\/7656","targetHints":{"allow":["GET"]}}],"collection":[{"href":"https:\/\/www.babyloniababycarriers.eu\/fr\/wp-json\/wp\/v2\/product"}],"about":[{"href":"https:\/\/www.babyloniababycarriers.eu\/fr\/wp-json\/wp\/v2\/types\/product"}],"replies":[{"embeddable":true,"href":"https:\/\/www.babyloniababycarriers.eu\/fr\/wp-json\/wp\/v2\/comments?post=7656"}],"version-history":[{"count":0,"href":"https:\/\/www.babyloniababycarriers.eu\/fr\/wp-json\/wp\/v2\/product\/7656\/revisions"}],"wp:featuredmedia":[{"embeddable":true,"href":"https:\/\/www.babyloniababycarriers.eu\/fr\/wp-json\/wp\/v2\/media\/1104"}],"wp:attachment":[{"href":"https:\/\/www.babyloniababycarriers.eu\/fr\/wp-json\/wp\/v2\/media?parent=7656"}],"wp:term":[{"taxonomy":"product_brand","embeddable":true,"href":"https:\/\/www.babyloniababycarriers.eu\/fr\/wp-json\/wp\/v2\/product_brand?post=7656"},{"taxonomy":"product_cat","embeddable":true,"href":"https:\/\/www.babyloniababycarriers.eu\/fr\/wp-json\/wp\/v2\/product_cat?post=7656"},{"taxonomy":"product_tag","embeddable":true,"href":"https:\/\/www.babyloniababycarriers.eu\/fr\/wp-json\/wp\/v2\/product_tag?post=7656"}],"curies":[{"name":"wp","href":"https:\/\/api.w.org\/{rel}","templated":true}]}}