{"id":7577,"date":"2024-02-15T19:11:40","date_gmt":"2024-02-15T19:11:40","guid":{"rendered":"https:\/\/www.babyloniababycarriers.eu\/product\/harnais-bb-jungle-douce-rassemble\/"},"modified":"2025-01-28T14:26:03","modified_gmt":"2025-01-28T13:26:03","slug":"harnais-bb-jungle-douce-rassemble","status":"publish","type":"product","link":"https:\/\/www.babyloniababycarriers.eu\/fr\/product\/harnais-bb-jungle-douce-rassemble\/","title":{"rendered":"Harnais BB &#8211; Jungle douce &#8211; rassembl\u00e9"},"content":{"rendered":"<p>\u00c9charpe de portage tiss\u00e9e sans n\u0153uds avec anneaux. Id\u00e9ale pour le portage sur la hanche ou sur le ventre, de la naissance \u00e0 15 kg. La meilleure option pour l&rsquo;allaitement dans toutes les situations. Tr\u00e8s facile et rapide \u00e0 mettre en place.   <\/p>\n","protected":false},"excerpt":{"rendered":"<p>\u00c9charpe de portage tiss\u00e9e sans n\u0153uds avec anneaux. Id\u00e9ale pour le portage sur la hanche ou sur le ventre, de la naissance \u00e0 15 kg. La meilleure option pour l&rsquo;allaitement dans toutes les situations. Tr\u00e8s facile et rapide \u00e0 mettre en place.   <\/p>\n","protected":false},"featured_media":3791,"comment_status":"open","ping_status":"closed","template":"","meta":[],"product_brand":[],"product_cat":[132,123],"product_tag":[],"class_list":{"0":"post-7577","1":"product","2":"type-product","3":"status-publish","4":"has-post-thumbnail","6":"product_cat-echarpe-a-anneau","7":"product_cat-elingues-tissees","9":"first","10":"outofstock","11":"taxable","12":"shipping-taxable","13":"purchasable","14":"product-type-simple"},"jetpack_sharing_enabled":true,"_links":{"self":[{"href":"https:\/\/www.babyloniababycarriers.eu\/fr\/wp-json\/wp\/v2\/product\/7577","targetHints":{"allow":["GET"]}}],"collection":[{"href":"https:\/\/www.babyloniababycarriers.eu\/fr\/wp-json\/wp\/v2\/product"}],"about":[{"href":"https:\/\/www.babyloniababycarriers.eu\/fr\/wp-json\/wp\/v2\/types\/product"}],"replies":[{"embeddable":true,"href":"https:\/\/www.babyloniababycarriers.eu\/fr\/wp-json\/wp\/v2\/comments?post=7577"}],"version-history":[{"count":1,"href":"https:\/\/www.babyloniababycarriers.eu\/fr\/wp-json\/wp\/v2\/product\/7577\/revisions"}],"predecessor-version":[{"id":9777,"href":"https:\/\/www.babyloniababycarriers.eu\/fr\/wp-json\/wp\/v2\/product\/7577\/revisions\/9777"}],"wp:featuredmedia":[{"embeddable":true,"href":"https:\/\/www.babyloniababycarriers.eu\/fr\/wp-json\/wp\/v2\/media\/3791"}],"wp:attachment":[{"href":"https:\/\/www.babyloniababycarriers.eu\/fr\/wp-json\/wp\/v2\/media?parent=7577"}],"wp:term":[{"taxonomy":"product_brand","embeddable":true,"href":"https:\/\/www.babyloniababycarriers.eu\/fr\/wp-json\/wp\/v2\/product_brand?post=7577"},{"taxonomy":"product_cat","embeddable":true,"href":"https:\/\/www.babyloniababycarriers.eu\/fr\/wp-json\/wp\/v2\/product_cat?post=7577"},{"taxonomy":"product_tag","embeddable":true,"href":"https:\/\/www.babyloniababycarriers.eu\/fr\/wp-json\/wp\/v2\/product_tag?post=7577"}],"curies":[{"name":"wp","href":"https:\/\/api.w.org\/{rel}","templated":true}]}}