{"id":7546,"date":"2024-02-15T19:11:38","date_gmt":"2024-02-15T19:11:38","guid":{"rendered":"https:\/\/www.babyloniababycarriers.eu\/product\/hamac-pour-bebe-dusty-sky-taille-unique\/"},"modified":"2026-01-16T07:18:16","modified_gmt":"2026-01-16T06:18:16","slug":"hamac-pour-bebe-dusty-sky-taille-unique","status":"publish","type":"product","link":"https:\/\/www.babyloniababycarriers.eu\/fr\/product\/hamac-pour-bebe-dusty-sky-taille-unique\/","title":{"rendered":"Hamac pour b\u00e9b\u00e9 &#8211; Dusty Sky &#8211; Taille unique"},"content":{"rendered":"<p>Le hamac permet \u00e0 b\u00e9b\u00e9 de se balancer naturellement et cr\u00e9e un endroit s\u00fbr pour votre nouveau-n\u00e9 ! Le b\u00e9b\u00e9 est couch\u00e9 dans une position f\u0153tale naturelle et le hamac soutient le dos de mani\u00e8re \u00e9gale partout, tandis que votre b\u00e9b\u00e9 conserve sa libert\u00e9 de mouvement. Des boucles robustes permettent de suspendre facilement le hamac dans le parc pour enfants\/parc \u00e0 b\u00e9b\u00e9. Convient particuli\u00e8rement aux b\u00e9b\u00e9s de 0 \u00e0 4 mois. Surface de couchage : 90cm x 80cm. <\/p>\n","protected":false},"excerpt":{"rendered":"<p>Le hamac permet \u00e0 b\u00e9b\u00e9 de se balancer naturellement et cr\u00e9e un endroit s\u00fbr pour votre nouveau-n\u00e9 ! Le b\u00e9b\u00e9 est couch\u00e9 dans une position f\u0153tale naturelle et le hamac soutient le dos de mani\u00e8re \u00e9gale partout, tandis que votre b\u00e9b\u00e9 conserve sa libert\u00e9 de mouvement. Des boucles robustes permettent de suspendre facilement le hamac dans le parc pour enfants\/parc \u00e0 b\u00e9b\u00e9. Convient particuli\u00e8rement aux b\u00e9b\u00e9s de 0 \u00e0 4 mois. Surface de couchage : 90cm x 80cm. <\/p>\n","protected":false},"featured_media":1211,"comment_status":"open","ping_status":"closed","template":"","meta":[],"product_brand":[],"product_cat":[141],"product_tag":[],"class_list":{"0":"post-7546","1":"product","2":"type-product","3":"status-publish","4":"has-post-thumbnail","6":"product_cat-hamacs-pour-bebes","8":"first","9":"instock","10":"taxable","11":"shipping-taxable","12":"purchasable","13":"product-type-simple"},"jetpack_sharing_enabled":true,"_links":{"self":[{"href":"https:\/\/www.babyloniababycarriers.eu\/fr\/wp-json\/wp\/v2\/product\/7546","targetHints":{"allow":["GET"]}}],"collection":[{"href":"https:\/\/www.babyloniababycarriers.eu\/fr\/wp-json\/wp\/v2\/product"}],"about":[{"href":"https:\/\/www.babyloniababycarriers.eu\/fr\/wp-json\/wp\/v2\/types\/product"}],"replies":[{"embeddable":true,"href":"https:\/\/www.babyloniababycarriers.eu\/fr\/wp-json\/wp\/v2\/comments?post=7546"}],"version-history":[{"count":0,"href":"https:\/\/www.babyloniababycarriers.eu\/fr\/wp-json\/wp\/v2\/product\/7546\/revisions"}],"wp:featuredmedia":[{"embeddable":true,"href":"https:\/\/www.babyloniababycarriers.eu\/fr\/wp-json\/wp\/v2\/media\/1211"}],"wp:attachment":[{"href":"https:\/\/www.babyloniababycarriers.eu\/fr\/wp-json\/wp\/v2\/media?parent=7546"}],"wp:term":[{"taxonomy":"product_brand","embeddable":true,"href":"https:\/\/www.babyloniababycarriers.eu\/fr\/wp-json\/wp\/v2\/product_brand?post=7546"},{"taxonomy":"product_cat","embeddable":true,"href":"https:\/\/www.babyloniababycarriers.eu\/fr\/wp-json\/wp\/v2\/product_cat?post=7546"},{"taxonomy":"product_tag","embeddable":true,"href":"https:\/\/www.babyloniababycarriers.eu\/fr\/wp-json\/wp\/v2\/product_tag?post=7546"}],"curies":[{"name":"wp","href":"https:\/\/api.w.org\/{rel}","templated":true}]}}