{"id":7393,"date":"2024-02-15T19:11:42","date_gmt":"2024-02-15T19:11:42","guid":{"rendered":"https:\/\/www.babyloniababycarriers.eu\/product\/bb-sling-moonshadow-padded\/"},"modified":"2024-11-19T10:34:34","modified_gmt":"2024-11-19T09:34:34","slug":"bb-sling-moonshadow-padded","status":"publish","type":"product","link":"https:\/\/www.babyloniababycarriers.eu\/fr\/product\/bb-sling-moonshadow-padded\/","title":{"rendered":"Harnais BB &#8211; Moonshadow &#8211; rembourr\u00e9"},"content":{"rendered":"<p>\u00c9charpe de portage tiss\u00e9e sans n\u0153uds avec anneaux. Id\u00e9ale pour le portage sur la hanche ou sur le ventre, de la naissance \u00e0 15 kg. La meilleure option pour l&rsquo;allaitement dans toutes les situations. Tr\u00e8s facile et rapide \u00e0 mettre en place.   <\/p>\n","protected":false},"excerpt":{"rendered":"<p>\u00c9charpe de portage tiss\u00e9e sans n\u0153uds avec anneaux. Id\u00e9ale pour le portage sur la hanche ou sur le ventre, de la naissance \u00e0 15 kg. La meilleure option pour l&rsquo;allaitement dans toutes les situations. Tr\u00e8s facile et rapide \u00e0 mettre en place.   <\/p>\n","protected":false},"featured_media":3953,"comment_status":"open","ping_status":"closed","template":"","meta":[],"product_brand":[],"product_cat":[132,123],"product_tag":[],"class_list":{"0":"post-7393","1":"product","2":"type-product","3":"status-publish","4":"has-post-thumbnail","6":"product_cat-echarpe-a-anneau","7":"product_cat-elingues-tissees","9":"first","10":"instock","11":"taxable","12":"shipping-taxable","13":"purchasable","14":"product-type-simple"},"jetpack_sharing_enabled":true,"_links":{"self":[{"href":"https:\/\/www.babyloniababycarriers.eu\/fr\/wp-json\/wp\/v2\/product\/7393","targetHints":{"allow":["GET"]}}],"collection":[{"href":"https:\/\/www.babyloniababycarriers.eu\/fr\/wp-json\/wp\/v2\/product"}],"about":[{"href":"https:\/\/www.babyloniababycarriers.eu\/fr\/wp-json\/wp\/v2\/types\/product"}],"replies":[{"embeddable":true,"href":"https:\/\/www.babyloniababycarriers.eu\/fr\/wp-json\/wp\/v2\/comments?post=7393"}],"version-history":[{"count":1,"href":"https:\/\/www.babyloniababycarriers.eu\/fr\/wp-json\/wp\/v2\/product\/7393\/revisions"}],"predecessor-version":[{"id":9056,"href":"https:\/\/www.babyloniababycarriers.eu\/fr\/wp-json\/wp\/v2\/product\/7393\/revisions\/9056"}],"wp:featuredmedia":[{"embeddable":true,"href":"https:\/\/www.babyloniababycarriers.eu\/fr\/wp-json\/wp\/v2\/media\/3953"}],"wp:attachment":[{"href":"https:\/\/www.babyloniababycarriers.eu\/fr\/wp-json\/wp\/v2\/media?parent=7393"}],"wp:term":[{"taxonomy":"product_brand","embeddable":true,"href":"https:\/\/www.babyloniababycarriers.eu\/fr\/wp-json\/wp\/v2\/product_brand?post=7393"},{"taxonomy":"product_cat","embeddable":true,"href":"https:\/\/www.babyloniababycarriers.eu\/fr\/wp-json\/wp\/v2\/product_cat?post=7393"},{"taxonomy":"product_tag","embeddable":true,"href":"https:\/\/www.babyloniababycarriers.eu\/fr\/wp-json\/wp\/v2\/product_tag?post=7393"}],"curies":[{"name":"wp","href":"https:\/\/api.w.org\/{rel}","templated":true}]}}