{"id":7339,"date":"2024-02-15T19:11:45","date_gmt":"2024-02-15T19:11:45","guid":{"rendered":"https:\/\/www.babyloniababycarriers.eu\/product\/bb-tai-black-beans-sizer\/"},"modified":"2025-12-13T20:03:01","modified_gmt":"2025-12-13T19:03:01","slug":"bb-tai-black-beans-sizer","status":"publish","type":"product","link":"https:\/\/www.babyloniababycarriers.eu\/fr\/product\/bb-tai-black-beans-sizer\/","title":{"rendered":"BB-tai &#8211; Haricots noirs &#8211; en portions"},"content":{"rendered":"<p>La simplicit\u00e9 d&rsquo;un porte-b\u00e9b\u00e9 combin\u00e9e \u00e0 la capacit\u00e9 de charge d&rsquo;un tissu. Peut \u00eatre utilis\u00e9 de la naissance jusqu&rsquo;\u00e0 20 kg sur le ventre ou sur le dos. Permet de porter confortablement des b\u00e9b\u00e9s plus grands et plus \u00e2g\u00e9s.  <\/p>\n","protected":false},"excerpt":{"rendered":"<p>La simplicit\u00e9 d&rsquo;un porte-b\u00e9b\u00e9 combin\u00e9e \u00e0 la capacit\u00e9 de charge d&rsquo;un tissu. Peut \u00eatre utilis\u00e9 de la naissance jusqu&rsquo;\u00e0 20 kg sur le ventre ou sur le dos. Permet de porter confortablement des b\u00e9b\u00e9s plus grands et plus \u00e2g\u00e9s.  <\/p>\n","protected":false},"featured_media":4098,"comment_status":"open","ping_status":"closed","template":"","meta":[],"product_brand":[],"product_cat":[123],"product_tag":[],"class_list":{"0":"post-7339","1":"product","2":"type-product","3":"status-publish","4":"has-post-thumbnail","6":"product_cat-elingues-tissees","8":"first","9":"instock","10":"taxable","11":"shipping-taxable","12":"purchasable","13":"product-type-simple"},"jetpack_sharing_enabled":true,"_links":{"self":[{"href":"https:\/\/www.babyloniababycarriers.eu\/fr\/wp-json\/wp\/v2\/product\/7339","targetHints":{"allow":["GET"]}}],"collection":[{"href":"https:\/\/www.babyloniababycarriers.eu\/fr\/wp-json\/wp\/v2\/product"}],"about":[{"href":"https:\/\/www.babyloniababycarriers.eu\/fr\/wp-json\/wp\/v2\/types\/product"}],"replies":[{"embeddable":true,"href":"https:\/\/www.babyloniababycarriers.eu\/fr\/wp-json\/wp\/v2\/comments?post=7339"}],"version-history":[{"count":1,"href":"https:\/\/www.babyloniababycarriers.eu\/fr\/wp-json\/wp\/v2\/product\/7339\/revisions"}],"predecessor-version":[{"id":9138,"href":"https:\/\/www.babyloniababycarriers.eu\/fr\/wp-json\/wp\/v2\/product\/7339\/revisions\/9138"}],"wp:featuredmedia":[{"embeddable":true,"href":"https:\/\/www.babyloniababycarriers.eu\/fr\/wp-json\/wp\/v2\/media\/4098"}],"wp:attachment":[{"href":"https:\/\/www.babyloniababycarriers.eu\/fr\/wp-json\/wp\/v2\/media?parent=7339"}],"wp:term":[{"taxonomy":"product_brand","embeddable":true,"href":"https:\/\/www.babyloniababycarriers.eu\/fr\/wp-json\/wp\/v2\/product_brand?post=7339"},{"taxonomy":"product_cat","embeddable":true,"href":"https:\/\/www.babyloniababycarriers.eu\/fr\/wp-json\/wp\/v2\/product_cat?post=7339"},{"taxonomy":"product_tag","embeddable":true,"href":"https:\/\/www.babyloniababycarriers.eu\/fr\/wp-json\/wp\/v2\/product_tag?post=7339"}],"curies":[{"name":"wp","href":"https:\/\/api.w.org\/{rel}","templated":true}]}}