{"id":7303,"date":"2024-02-15T19:11:46","date_gmt":"2024-02-15T19:11:46","guid":{"rendered":"https:\/\/www.babyloniababycarriers.eu\/product\/tri-cotti-silver-cloud-l\/"},"modified":"2024-11-19T10:35:29","modified_gmt":"2024-11-19T09:35:29","slug":"tri-cotti-silver-cloud-l","status":"publish","type":"product","link":"https:\/\/www.babyloniababycarriers.eu\/fr\/product\/tri-cotti-silver-cloud-l\/","title":{"rendered":"Tri-Cotti &#8211; Nuage d&rsquo;argent &#8211; L"},"content":{"rendered":"<p>Stretch super l\u00e9ger, \u00e9vacuant l&rsquo;humidit\u00e9 et respirant, fabriqu\u00e9 \u00e0 partir de 100 % de fils Newlife\u2122, une fibre unique et certifi\u00e9e. Ne p\u00e8se presque rien, a la m\u00eame capacit\u00e9 de charge qu&rsquo;un tiss\u00e9, mais la souplesse d&rsquo;un extensible ! <\/p>\n","protected":false},"excerpt":{"rendered":"<p>Stretch super l\u00e9ger, \u00e9vacuant l&rsquo;humidit\u00e9 et respirant, fabriqu\u00e9 \u00e0 partir de 100 % de fils Newlife\u2122, une fibre unique et certifi\u00e9e. Ne p\u00e8se presque rien, a la m\u00eame capacit\u00e9 de charge qu&rsquo;un tiss\u00e9, mais la souplesse d&rsquo;un extensible ! <\/p>\n","protected":false},"featured_media":4215,"comment_status":"open","ping_status":"closed","template":"","meta":[],"product_brand":[],"product_cat":[114],"product_tag":[],"class_list":{"0":"post-7303","1":"product","2":"type-product","3":"status-publish","4":"has-post-thumbnail","6":"product_cat-soldes","8":"first","9":"outofstock","10":"sale","11":"taxable","12":"shipping-taxable","13":"purchasable","14":"product-type-simple"},"jetpack_sharing_enabled":true,"_links":{"self":[{"href":"https:\/\/www.babyloniababycarriers.eu\/fr\/wp-json\/wp\/v2\/product\/7303","targetHints":{"allow":["GET"]}}],"collection":[{"href":"https:\/\/www.babyloniababycarriers.eu\/fr\/wp-json\/wp\/v2\/product"}],"about":[{"href":"https:\/\/www.babyloniababycarriers.eu\/fr\/wp-json\/wp\/v2\/types\/product"}],"replies":[{"embeddable":true,"href":"https:\/\/www.babyloniababycarriers.eu\/fr\/wp-json\/wp\/v2\/comments?post=7303"}],"version-history":[{"count":1,"href":"https:\/\/www.babyloniababycarriers.eu\/fr\/wp-json\/wp\/v2\/product\/7303\/revisions"}],"predecessor-version":[{"id":9153,"href":"https:\/\/www.babyloniababycarriers.eu\/fr\/wp-json\/wp\/v2\/product\/7303\/revisions\/9153"}],"wp:featuredmedia":[{"embeddable":true,"href":"https:\/\/www.babyloniababycarriers.eu\/fr\/wp-json\/wp\/v2\/media\/4215"}],"wp:attachment":[{"href":"https:\/\/www.babyloniababycarriers.eu\/fr\/wp-json\/wp\/v2\/media?parent=7303"}],"wp:term":[{"taxonomy":"product_brand","embeddable":true,"href":"https:\/\/www.babyloniababycarriers.eu\/fr\/wp-json\/wp\/v2\/product_brand?post=7303"},{"taxonomy":"product_cat","embeddable":true,"href":"https:\/\/www.babyloniababycarriers.eu\/fr\/wp-json\/wp\/v2\/product_cat?post=7303"},{"taxonomy":"product_tag","embeddable":true,"href":"https:\/\/www.babyloniababycarriers.eu\/fr\/wp-json\/wp\/v2\/product_tag?post=7303"}],"curies":[{"name":"wp","href":"https:\/\/api.w.org\/{rel}","templated":true}]}}