{"id":7267,"date":"2024-02-15T19:11:51","date_gmt":"2024-02-15T19:11:51","guid":{"rendered":"https:\/\/www.babyloniababycarriers.eu\/product\/tricot-slen-organic-bluejeans-one-size\/"},"modified":"2025-04-25T11:50:42","modified_gmt":"2025-04-25T09:50:42","slug":"tricot-slen-organic-bluejeans-one-size","status":"publish","type":"product","link":"https:\/\/www.babyloniababycarriers.eu\/fr\/product\/tricot-slen-organic-bluejeans-one-size\/","title":{"rendered":"Tricot-Slen Organic &#8211; Bluejeans &#8211; Taille unique"},"content":{"rendered":"<p>Notre premier harnais, 25 ans de service et toujours le meilleur harnais \u00e9lastique !<\/p>\n<p> M\u00e9thode de tricotage unique qui donne juste assez d&rsquo;\u00e9lasticit\u00e9 au harnais pour faciliter l&rsquo;enfilage, tout en offrant un excellent soutien et en emp\u00eachant les rebonds. <\/p>\n","protected":false},"excerpt":{"rendered":"<p>Notre premier harnais, 25 ans de service et toujours le meilleur harnais \u00e9lastique !<\/p>\n<p> M\u00e9thode de tricotage unique qui donne juste assez d&rsquo;\u00e9lasticit\u00e9 au harnais pour faciliter l&rsquo;enfilage, tout en offrant un excellent soutien et en emp\u00eachant les rebonds. <\/p>\n","protected":false},"featured_media":6574,"comment_status":"open","ping_status":"closed","template":"","meta":[],"product_brand":[],"product_cat":[96],"product_tag":[],"class_list":{"0":"post-7267","1":"product","2":"type-product","3":"status-publish","4":"has-post-thumbnail","6":"product_cat-echarpe-de-portage-extensible","8":"first","9":"instock","10":"taxable","11":"shipping-taxable","12":"purchasable","13":"product-type-simple"},"jetpack_sharing_enabled":true,"_links":{"self":[{"href":"https:\/\/www.babyloniababycarriers.eu\/fr\/wp-json\/wp\/v2\/product\/7267","targetHints":{"allow":["GET"]}}],"collection":[{"href":"https:\/\/www.babyloniababycarriers.eu\/fr\/wp-json\/wp\/v2\/product"}],"about":[{"href":"https:\/\/www.babyloniababycarriers.eu\/fr\/wp-json\/wp\/v2\/types\/product"}],"replies":[{"embeddable":true,"href":"https:\/\/www.babyloniababycarriers.eu\/fr\/wp-json\/wp\/v2\/comments?post=7267"}],"version-history":[{"count":1,"href":"https:\/\/www.babyloniababycarriers.eu\/fr\/wp-json\/wp\/v2\/product\/7267\/revisions"}],"predecessor-version":[{"id":9183,"href":"https:\/\/www.babyloniababycarriers.eu\/fr\/wp-json\/wp\/v2\/product\/7267\/revisions\/9183"}],"wp:featuredmedia":[{"embeddable":true,"href":"https:\/\/www.babyloniababycarriers.eu\/fr\/wp-json\/wp\/v2\/media\/6574"}],"wp:attachment":[{"href":"https:\/\/www.babyloniababycarriers.eu\/fr\/wp-json\/wp\/v2\/media?parent=7267"}],"wp:term":[{"taxonomy":"product_brand","embeddable":true,"href":"https:\/\/www.babyloniababycarriers.eu\/fr\/wp-json\/wp\/v2\/product_brand?post=7267"},{"taxonomy":"product_cat","embeddable":true,"href":"https:\/\/www.babyloniababycarriers.eu\/fr\/wp-json\/wp\/v2\/product_cat?post=7267"},{"taxonomy":"product_tag","embeddable":true,"href":"https:\/\/www.babyloniababycarriers.eu\/fr\/wp-json\/wp\/v2\/product_tag?post=7267"}],"curies":[{"name":"wp","href":"https:\/\/api.w.org\/{rel}","templated":true}]}}